{"id":2153,"date":"2014-02-26T17:26:28","date_gmt":"2014-02-26T17:26:28","guid":{"rendered":"https:\/\/universalmct.co.uk\/getting-started\/"},"modified":"2025-10-07T12:23:54","modified_gmt":"2025-10-07T12:23:54","slug":"empezando","status":"publish","type":"page","link":"https:\/\/universalmct.co.uk\/es\/empezando\/","title":{"rendered":"Empezando"},"content":{"rendered":"\t\t<div data-elementor-type=\"wp-page\" data-elementor-id=\"2153\" class=\"elementor elementor-2153 elementor-9\" data-elementor-settings=\"{&quot;element_pack_global_tooltip_width&quot;:{&quot;unit&quot;:&quot;px&quot;,&quot;size&quot;:&quot;&quot;,&quot;sizes&quot;:[]},&quot;element_pack_global_tooltip_width_tablet&quot;:{&quot;unit&quot;:&quot;px&quot;,&quot;size&quot;:&quot;&quot;,&quot;sizes&quot;:[]},&quot;element_pack_global_tooltip_width_mobile&quot;:{&quot;unit&quot;:&quot;px&quot;,&quot;size&quot;:&quot;&quot;,&quot;sizes&quot;:[]},&quot;element_pack_global_tooltip_padding&quot;:{&quot;unit&quot;:&quot;px&quot;,&quot;top&quot;:&quot;&quot;,&quot;right&quot;:&quot;&quot;,&quot;bottom&quot;:&quot;&quot;,&quot;left&quot;:&quot;&quot;,&quot;isLinked&quot;:true},&quot;element_pack_global_tooltip_padding_tablet&quot;:{&quot;unit&quot;:&quot;px&quot;,&quot;top&quot;:&quot;&quot;,&quot;right&quot;:&quot;&quot;,&quot;bottom&quot;:&quot;&quot;,&quot;left&quot;:&quot;&quot;,&quot;isLinked&quot;:true},&quot;element_pack_global_tooltip_padding_mobile&quot;:{&quot;unit&quot;:&quot;px&quot;,&quot;top&quot;:&quot;&quot;,&quot;right&quot;:&quot;&quot;,&quot;bottom&quot;:&quot;&quot;,&quot;left&quot;:&quot;&quot;,&quot;isLinked&quot;:true},&quot;element_pack_global_tooltip_border_radius&quot;:{&quot;unit&quot;:&quot;px&quot;,&quot;top&quot;:&quot;&quot;,&quot;right&quot;:&quot;&quot;,&quot;bottom&quot;:&quot;&quot;,&quot;left&quot;:&quot;&quot;,&quot;isLinked&quot;:true},&quot;element_pack_global_tooltip_border_radius_tablet&quot;:{&quot;unit&quot;:&quot;px&quot;,&quot;top&quot;:&quot;&quot;,&quot;right&quot;:&quot;&quot;,&quot;bottom&quot;:&quot;&quot;,&quot;left&quot;:&quot;&quot;,&quot;isLinked&quot;:true},&quot;element_pack_global_tooltip_border_radius_mobile&quot;:{&quot;unit&quot;:&quot;px&quot;,&quot;top&quot;:&quot;&quot;,&quot;right&quot;:&quot;&quot;,&quot;bottom&quot;:&quot;&quot;,&quot;left&quot;:&quot;&quot;,&quot;isLinked&quot;:true}}\">\n\t\t\t\t<div class=\"elementor-element elementor-element-28761eef e-flex e-con-boxed e-con e-parent\" data-id=\"28761eef\" data-element_type=\"container\" data-e-type=\"container\">\n\t\t\t\t\t<div class=\"e-con-inner\">\n\t\t<div class=\"elementor-element elementor-element-a9b3f6b e-con-full e-flex e-con e-child\" data-id=\"a9b3f6b\" data-element_type=\"container\" data-e-type=\"container\">\n\t\t\t\t<div class=\"elementor-element elementor-element-70a866d elementor-widget elementor-widget-image\" data-id=\"70a866d\" data-element_type=\"widget\" data-e-type=\"widget\" data-widget_type=\"image.default\">\n\t\t\t\t<div class=\"elementor-widget-container\">\n\t\t\t\t\t\t\t\t\t\t\t\t\t\t\t<img fetchpriority=\"high\" decoding=\"async\" width=\"1640\" height=\"440\" src=\"https:\/\/universalmct.co.uk\/wp-content\/uploads\/2025\/06\/Getting-started-Top-banner-Driving-licence-JPG.jpg?wsr\" class=\"attachment-full size-full wp-image-5328\" alt=\"\" srcset=\"https:\/\/universalmct.co.uk\/wp-content\/uploads\/2025\/06\/Getting-started-Top-banner-Driving-licence-JPG.jpg 1640w, https:\/\/universalmct.co.uk\/wp-content\/uploads\/2025\/06\/Getting-started-Top-banner-Driving-licence-JPG-300x80.jpg 300w, https:\/\/universalmct.co.uk\/wp-content\/uploads\/2025\/06\/Getting-started-Top-banner-Driving-licence-JPG-1024x275.jpg 1024w, https:\/\/universalmct.co.uk\/wp-content\/uploads\/2025\/06\/Getting-started-Top-banner-Driving-licence-JPG-768x206.jpg 768w, https:\/\/universalmct.co.uk\/wp-content\/uploads\/2025\/06\/Getting-started-Top-banner-Driving-licence-JPG-1536x412.jpg 1536w, https:\/\/universalmct.co.uk\/wp-content\/uploads\/2025\/06\/Getting-started-Top-banner-Driving-licence-JPG-650x174.jpg 650w\" sizes=\"(max-width: 1640px) 100vw, 1640px\" \/>\t\t\t\t\t\t\t\t\t\t\t\t\t\t\t<\/div>\n\t\t\t\t<\/div>\n\t\t\t\t<\/div>\n\t\t<div class=\"elementor-element elementor-element-a69887b e-con-full e-flex e-con e-child\" data-id=\"a69887b\" data-element_type=\"container\" data-e-type=\"container\" data-settings=\"{&quot;background_background&quot;:&quot;classic&quot;}\">\n\t\t\t\t<div class=\"elementor-element elementor-element-6f5611f elementor-widget elementor-widget-text-editor\" data-id=\"6f5611f\" data-element_type=\"widget\" data-e-type=\"widget\" data-widget_type=\"text-editor.default\">\n\t\t\t\t<div class=\"elementor-widget-container\">\n\t\t\t\t\t\t\t\t\t<h3 style=\"text-align: left;\"><a href=\"https:\/\/universalmct.co.uk\/universalmotorcycle\/ridingingb\/\" target=\"_blank\" rel=\"noopener\">Accede a nuestra gu\u00eda paso a paso \u00abConduciendo en Gran Breta\u00f1a\u00bb haciendo clic aqu\u00ed<\/a><\/h3><p>Antes de poder subirte a dos ruedas, hay algunas cosas que debes tener y otras que debes considerar.<\/p><p>Si eres nuevo o relativamente nuevo en el motociclismo en el Reino Unido, primero deber\u00edas comprobar lo siguiente:<\/p><h2><strong>1. Licencia<\/strong><\/h2><p>Antes de comenzar tu formaci\u00f3n, debes tener uno de los siguientes tipos de licencia:<\/p><p>\u2022 Licencia completa de coche del Reino Unido o<\/p><p>\u2022 Licencia provisional de coche del Reino Unido con derecho provisional v\u00e1lido para motocicletas o<\/p><p>\u2022 Una licencia completa de la UE acompa\u00f1ada de una confirmaci\u00f3n de registro de tu licencia de la UE en el Reino Unido (formulario D91 o D58\/2) mostrando el derecho provisional para motocicletas (Categor\u00eda A)<\/p><p>Si no tienes ninguna licencia, deber\u00e1s recoger el formulario D1 en la oficina de correos y solicitar una, o puedes <span style=\"color: #0567f9;\"><a href=\"https:\/\/www.gov.uk\/apply-first-provisional-driving-licence\" target=\"_blank\" rel=\"noopener noreferrer\"><span style=\"color: #0567f9;\">solicitarla en l\u00ednea<\/span><\/a><\/span>.<\/p><p>Si tienes una licencia de fuera del Reino Unido, visita la siguiente p\u00e1gina del <span style=\"color: #0567f9;\"><a href=\"https:\/\/www.gov.uk\/exchange-foreign-driving-licence\" target=\"_blank\" rel=\"noopener noreferrer\"><span style=\"color: #0567f9;\">sitio web de Directgov<\/span><\/a><\/span>.<\/p><h2><strong>2. Autom\u00e1tica o manual<\/strong><\/h2><p>En segundo lugar, debes considerar el tipo de motocicleta que deseas conducir.<\/p><p><a href=\"https:\/\/universalmct.co.uk\/universalmotorcycle\/wp-content\/uploads\/2025\/06\/Getting-started-Manual-or-Automatic-banner-JPG.jpg\"><img decoding=\"async\" class=\"alignnone size-full wp-image-5329\" src=\"https:\/\/universalmct.co.uk\/universalmotorcycle\/wp-content\/uploads\/2025\/06\/Getting-started-Manual-or-Automatic-banner-JPG.jpg\" alt=\"\" width=\"911\" height=\"369\" srcset=\"https:\/\/universalmct.co.uk\/wp-content\/uploads\/2025\/06\/Getting-started-Manual-or-Automatic-banner-JPG.jpg 911w, https:\/\/universalmct.co.uk\/wp-content\/uploads\/2025\/06\/Getting-started-Manual-or-Automatic-banner-JPG-300x122.jpg 300w, https:\/\/universalmct.co.uk\/wp-content\/uploads\/2025\/06\/Getting-started-Manual-or-Automatic-banner-JPG-768x311.jpg 768w, https:\/\/universalmct.co.uk\/wp-content\/uploads\/2025\/06\/Getting-started-Manual-or-Automatic-banner-JPG-650x263.jpg 650w\" sizes=\"(max-width: 911px) 100vw, 911px\" \/><\/a><\/p><h2><strong>3. \u00bfConducir como aprendiz o obtener una licencia completa?<\/strong><\/h2><p>La tercera cosa que debes pensar es si quieres conducir como aprendiz o si quieres obtener una licencia de motocicleta completa de inmediato. Si solo deseas conducir como aprendiz, todo lo que necesitas hacer es realizar un <span style=\"color: #0567f9;\"><a href=\"https:\/\/universalmct.co.uk\/courses-prices\/79-2\/\" target=\"_blank\" rel=\"noopener noreferrer\"><span style=\"color: #0567f9;\">Curso de Formaci\u00f3n B\u00e1sica Obligatoria<\/span><\/a><\/span> (CBT). El CBT te permite conducir una motocicleta de hasta 125 cc (si tu licencia te lo permite) durante un per\u00edodo de dos a\u00f1os como aprendiz si tienes m\u00e1s de diecisiete a\u00f1os, o un ciclomotor de 50 cc a los diecis\u00e9is. Si est\u00e1s seguro de que quieres obtener una licencia completa de inmediato, pasa a la secci\u00f3n 4. Si decides hacer solo el CBT, debes tener en cuenta que deber\u00e1s realizar el examen te\u00f3rico y pr\u00e1ctico de motocicleta dentro de los dos a\u00f1os, o tendr\u00e1s que repetir el curso CBT para seguir conduciendo. Si no est\u00e1s seguro de si quieres obtener tu licencia completa o no, comienza con el CBT, ya que tendr\u00e1s mucho m\u00e1s claro tu objetivo una vez que completes este curso. Si despu\u00e9s del CBT decides que quieres obtener tu licencia, simplemente actual\u00edzala dentro de las dos semanas siguientes y el precio total del paquete ser\u00e1 el mismo. Idealmente, deber\u00edas hacer el examen tan pronto como puedas, ya que estar\u00e1s mucho m\u00e1s seguro en la carretera. El CBT, despu\u00e9s de todo, es solo una formaci\u00f3n b\u00e1sica, como su nombre indica.<\/p><h2><strong>4. \u00bfQu\u00e9 licencia?<\/strong><\/h2><p>Si eliges obtener una licencia completa (o restringida) de motocicleta directamente, debes decidir qu\u00e9 tipo de licencia deseas conseguir. Hay tres categor\u00edas diferentes de licencias de motocicleta que puedes obtener. Antes de poder optar a una de ellas, deber\u00e1s haber realizado el <span style=\"color: #0000ff;\"><a style=\"color: #0000ff;\" href=\"https:\/\/universalmct.co.uk\/courses-prices\/79-2\/\" target=\"_blank\" rel=\"noopener noreferrer\">CBT<\/a><\/span> y haber aprobado el <span style=\"color: #0000ff;\"><a style=\"color: #0000ff;\" href=\"https:\/\/www.gov.uk\/motorcycle-theory-test\" target=\"_blank\" rel=\"noopener noreferrer\">examen te\u00f3rico de motocicleta<\/a><\/span>. Puedes hacerlos por separado o reservarlos como parte de un curso intensivo que culmina con tu examen pr\u00e1ctico el \u00faltimo d\u00eda de la formaci\u00f3n (M\u00f3dulo 1 y luego M\u00f3dulo 2). La edad es un factor que determina tus opciones y est\u00e1 regulada por la ley.<\/p><p><a href=\"https:\/\/universalmct.co.uk\/universalmotorcycle\/wp-content\/uploads\/2025\/06\/Getting-started-Which-licence-JPG.jpg\"><img decoding=\"async\" class=\"alignnone size-full wp-image-5332\" src=\"https:\/\/universalmct.co.uk\/universalmotorcycle\/wp-content\/uploads\/2025\/06\/Getting-started-Which-licence-JPG.jpg\" alt=\"\" width=\"1536\" height=\"747\" srcset=\"https:\/\/universalmct.co.uk\/wp-content\/uploads\/2025\/06\/Getting-started-Which-licence-JPG.jpg 1536w, https:\/\/universalmct.co.uk\/wp-content\/uploads\/2025\/06\/Getting-started-Which-licence-JPG-300x146.jpg 300w, https:\/\/universalmct.co.uk\/wp-content\/uploads\/2025\/06\/Getting-started-Which-licence-JPG-1024x498.jpg 1024w, https:\/\/universalmct.co.uk\/wp-content\/uploads\/2025\/06\/Getting-started-Which-licence-JPG-768x374.jpg 768w, https:\/\/universalmct.co.uk\/wp-content\/uploads\/2025\/06\/Getting-started-Which-licence-JPG-650x316.jpg 650w\" sizes=\"(max-width: 1536px) 100vw, 1536px\" \/><\/a><\/p><h2><strong>La ley<\/strong><\/h2><p><strong>A los 16 a\u00f1os<\/strong> puedes obtener una licencia provisional y, tras aprobar tu CBT, podr\u00e1s conducir un ciclomotor de 50 cc con placas \u2018L\u2019.<\/p><p><strong>A los 17 a\u00f1os<\/strong> o m\u00e1s, un CBT normalmente te permitir\u00e1 conducir una motocicleta o scooter de hasta 125 cc con placas \u2018L\u2019.<\/p><p><strong>Si tienes 17 a\u00f1os o m\u00e1s<\/strong> puedes realizar las pruebas de los m\u00f3dulos uno y dos para la (<span style=\"color: #0567f9;\"><a href=\"https:\/\/universalmct.co.uk\/es\/cursos-e-precos\/a1\/\" target=\"_blank\" rel=\"noopener noreferrer\"><span style=\"color: #0567f9;\">Licencia A1<\/span><\/a><\/span>) en una motocicleta de 125 cc y, al aprobar, obtener una licencia completa, pero restringida solo a 125 cc.<\/p><p><strong>Si tienes 19 a\u00f1os o m\u00e1s<\/strong> puedes realizar las pruebas de los m\u00f3dulos uno y dos para la (<span style=\"color: #0567f9;\"><a href=\"https:\/\/universalmct.co.uk\/es\/cursos-e-precos\/a2\/\" target=\"_blank\" rel=\"noopener noreferrer\"><span style=\"color: #0567f9;\">Licencia A2<\/span><\/a><\/span>) en una motocicleta de 500 cc (restringida a 46 bhp) y, al aprobar, obtener una licencia completa de motocicleta, pero limitada a 46 bhp, aproximadamente 500 cc.<\/p><p><strong>A los 24 a\u00f1os o m\u00e1s<\/strong> tienes la opci\u00f3n de obtener una licencia sin restricciones directamente. <span style=\"color: #0567f9;\"><a href=\"https:\/\/universalmct.co.uk\/es\/cursos-e-precos\/das-full-licence\/\" target=\"_blank\" rel=\"noopener noreferrer\"><span style=\"color: #0567f9;\">El Acceso Directo (DAS)<\/span><\/a><\/span>, con las pruebas de los m\u00f3dulos uno y dos, se realizar\u00e1 en una motocicleta grande (650 cc o m\u00e1s) y, al aprobar, obtendr\u00e1s una licencia completa sin restricciones de potencia o tama\u00f1o.<\/p><p>Si has tenido una licencia A2 durante dos a\u00f1os, existen opciones para realizar el siguiente examen antes de los l\u00edmites de edad indicados.<\/p><p>Cualquiera que sea el curso que elijas, antes de los ex\u00e1menes debes completar con \u00e9xito el &#8216;<a href=\"https:\/\/www.gov.uk\/motorcycle-theory-test\" target=\"_blank\" rel=\"noopener noreferrer\">Examen Te\u00f3rico de Motocicleta<\/a>&#8216; de la DVSA y tener un certificado CBT v\u00e1lido (Certificado DL196). Pero no te preocupes, tambi\u00e9n podemos ofrecerte mucha ayuda, asesoramiento y materiales de aprendizaje. Visita nuestra <span style=\"color: #0567f9;\"><a href=\"https:\/\/londonmotorcyclecentre.co.uk\" target=\"_blank\" rel=\"noopener noreferrer\"><span style=\"color: #0567f9;\">secci\u00f3n Eshop<\/span><\/a><\/span>, donde podr\u00e1s obtener todos los materiales de estudio necesarios, incluidos libros, CD, DVD y ex\u00e1menes de pr\u00e1ctica.<\/p>\t\t\t\t\t\t\t\t<\/div>\n\t\t\t\t<\/div>\n\t\t\t\t<\/div>\n\t\t\t\t\t<\/div>\n\t\t\t\t<\/div>\n\t\t\t\t<\/div>\n\t\t","protected":false},"excerpt":{"rendered":"<p>Accede a nuestra gu\u00eda paso a paso \u00abConduciendo en Gran Breta\u00f1a\u00bb haciendo clic aqu\u00ed Antes de poder subirte a dos ruedas, hay [&hellip;]<\/p>\n","protected":false},"author":1,"featured_media":0,"parent":0,"menu_order":0,"comment_status":"closed","ping_status":"open","template":"","meta":{"_exactmetrics_skip_tracking":false,"_exactmetrics_sitenote_active":false,"_exactmetrics_sitenote_note":"","_exactmetrics_sitenote_category":0,"footnotes":""},"class_list":["post-2153","page","type-page","status-publish","hentry"],"yoast_head":"<!-- This site is optimized with the Yoast SEO Premium plugin v27.3 (Yoast SEO v27.3) - https:\/\/yoast.com\/product\/yoast-seo-premium-wordpress\/ -->\n<title>Empezando - Universal Motorcycle Training\u00ae<\/title>\n<meta name=\"description\" content=\"Antes de poder subirte a dos ruedas, hay algunas cosas que debes tener y otras que tambi\u00e9n debes considerar.\" \/>\n<meta name=\"robots\" content=\"index, follow, max-snippet:-1, max-image-preview:large, max-video-preview:-1\" \/>\n<link rel=\"canonical\" href=\"https:\/\/universalmct.co.uk\/es\/empezando\/\" \/>\n<meta property=\"og:locale\" content=\"es_ES\" \/>\n<meta property=\"og:type\" content=\"article\" \/>\n<meta property=\"og:title\" content=\"Empezando\" \/>\n<meta property=\"og:description\" content=\"Antes de poder subirte a dos ruedas, hay algunas cosas que debes tener y otras que tambi\u00e9n debes considerar.\" \/>\n<meta property=\"og:url\" content=\"https:\/\/universalmct.co.uk\/es\/empezando\/\" \/>\n<meta property=\"og:site_name\" content=\"Universal Motorcycle Training\u00ae\" \/>\n<meta property=\"article:publisher\" content=\"http:\/\/www.facebook.com\/universalmotorcycletraining\" \/>\n<meta property=\"article:modified_time\" content=\"2025-10-07T12:23:54+00:00\" \/>\n<meta property=\"og:image\" content=\"https:\/\/universalmct.co.uk\/wp-content\/uploads\/2025\/06\/Getting-started-Top-banner-Driving-licence-JPG.jpg?wsr\" \/>\n\t<meta property=\"og:image:width\" content=\"1640\" \/>\n\t<meta property=\"og:image:height\" content=\"440\" \/>\n\t<meta property=\"og:image:type\" content=\"image\/jpeg\" \/>\n<meta name=\"twitter:card\" content=\"summary_large_image\" \/>\n<meta name=\"twitter:site\" content=\"@universalmct\" \/>\n<meta name=\"twitter:label1\" content=\"Tiempo de lectura\" \/>\n\t<meta name=\"twitter:data1\" content=\"4 minutos\" \/>\n<script type=\"application\/ld+json\" class=\"yoast-schema-graph\">{\"@context\":\"https:\\\/\\\/schema.org\",\"@graph\":[{\"@type\":\"WebPage\",\"@id\":\"https:\\\/\\\/universalmct.co.uk\\\/es\\\/empezando\\\/\",\"url\":\"https:\\\/\\\/universalmct.co.uk\\\/es\\\/empezando\\\/\",\"name\":\"Empezando - Universal Motorcycle Training\u00ae\",\"isPartOf\":{\"@id\":\"https:\\\/\\\/universalmct.co.uk\\\/es\\\/#website\"},\"primaryImageOfPage\":{\"@id\":\"https:\\\/\\\/universalmct.co.uk\\\/es\\\/empezando\\\/#primaryimage\"},\"image\":{\"@id\":\"https:\\\/\\\/universalmct.co.uk\\\/es\\\/empezando\\\/#primaryimage\"},\"thumbnailUrl\":\"https:\\\/\\\/universalmct.co.uk\\\/wp-content\\\/uploads\\\/2025\\\/06\\\/Getting-started-Top-banner-Driving-licence-JPG.jpg\",\"datePublished\":\"2014-02-26T17:26:28+00:00\",\"dateModified\":\"2025-10-07T12:23:54+00:00\",\"description\":\"Antes de poder subirte a dos ruedas, hay algunas cosas que debes tener y otras que tambi\u00e9n debes considerar.\",\"breadcrumb\":{\"@id\":\"https:\\\/\\\/universalmct.co.uk\\\/es\\\/empezando\\\/#breadcrumb\"},\"inLanguage\":\"es\",\"potentialAction\":[{\"@type\":\"ReadAction\",\"target\":[\"https:\\\/\\\/universalmct.co.uk\\\/es\\\/empezando\\\/\"]}]},{\"@type\":\"ImageObject\",\"inLanguage\":\"es\",\"@id\":\"https:\\\/\\\/universalmct.co.uk\\\/es\\\/empezando\\\/#primaryimage\",\"url\":\"https:\\\/\\\/universalmct.co.uk\\\/wp-content\\\/uploads\\\/2025\\\/06\\\/Getting-started-Top-banner-Driving-licence-JPG.jpg\",\"contentUrl\":\"https:\\\/\\\/universalmct.co.uk\\\/wp-content\\\/uploads\\\/2025\\\/06\\\/Getting-started-Top-banner-Driving-licence-JPG.jpg\"},{\"@type\":\"BreadcrumbList\",\"@id\":\"https:\\\/\\\/universalmct.co.uk\\\/es\\\/empezando\\\/#breadcrumb\",\"itemListElement\":[{\"@type\":\"ListItem\",\"position\":1,\"name\":\"Home\",\"item\":\"https:\\\/\\\/universalmct.co.uk\\\/es\\\/\"},{\"@type\":\"ListItem\",\"position\":2,\"name\":\"Empezando\"}]},{\"@type\":\"WebSite\",\"@id\":\"https:\\\/\\\/universalmct.co.uk\\\/es\\\/#website\",\"url\":\"https:\\\/\\\/universalmct.co.uk\\\/es\\\/\",\"name\":\"Universal Motorcycle Training\",\"description\":\"CBT &amp; Motorcycle Training London Courses\",\"publisher\":{\"@id\":\"https:\\\/\\\/universalmct.co.uk\\\/es\\\/#organization\"},\"potentialAction\":[{\"@type\":\"SearchAction\",\"target\":{\"@type\":\"EntryPoint\",\"urlTemplate\":\"https:\\\/\\\/universalmct.co.uk\\\/es\\\/?s={search_term_string}\"},\"query-input\":{\"@type\":\"PropertyValueSpecification\",\"valueRequired\":true,\"valueName\":\"search_term_string\"}}],\"inLanguage\":\"es\"},{\"@type\":\"Organization\",\"@id\":\"https:\\\/\\\/universalmct.co.uk\\\/es\\\/#organization\",\"name\":\"Universal Motorcycle Training\u00ae\",\"url\":\"https:\\\/\\\/universalmct.co.uk\\\/es\\\/\",\"logo\":{\"@type\":\"ImageObject\",\"inLanguage\":\"es\",\"@id\":\"https:\\\/\\\/universalmct.co.uk\\\/es\\\/#\\\/schema\\\/logo\\\/image\\\/\",\"url\":\"https:\\\/\\\/universalmct.co.uk\\\/wp-content\\\/uploads\\\/2014\\\/02\\\/Universal-Motorcycle-Training-Copy-1.jpg\",\"contentUrl\":\"https:\\\/\\\/universalmct.co.uk\\\/wp-content\\\/uploads\\\/2014\\\/02\\\/Universal-Motorcycle-Training-Copy-1.jpg\",\"width\":1000,\"height\":339,\"caption\":\"Universal Motorcycle Training\u00ae\"},\"image\":{\"@id\":\"https:\\\/\\\/universalmct.co.uk\\\/es\\\/#\\\/schema\\\/logo\\\/image\\\/\"},\"sameAs\":[\"http:\\\/\\\/www.facebook.com\\\/universalmotorcycletraining\",\"https:\\\/\\\/x.com\\\/universalmct\",\"https:\\\/\\\/www.instagram.com\\\/universalmct1\",\"https:\\\/\\\/www.linkedin.com\\\/company-beta\\\/6096678\\\/\",\"https:\\\/\\\/www.youtube.com\\\/@UniversalMotorcycleTraining\"],\"email\":\"contact@universalmct.co.uk\",\"numberOfEmployees\":{\"@type\":\"QuantitativeValue\",\"minValue\":\"11\",\"maxValue\":\"50\"}}]}<\/script>\n<!-- \/ Yoast SEO Premium plugin. -->","yoast_head_json":{"title":"Empezando - Universal Motorcycle Training\u00ae","description":"Antes de poder subirte a dos ruedas, hay algunas cosas que debes tener y otras que tambi\u00e9n debes considerar.","robots":{"index":"index","follow":"follow","max-snippet":"max-snippet:-1","max-image-preview":"max-image-preview:large","max-video-preview":"max-video-preview:-1"},"canonical":"https:\/\/universalmct.co.uk\/es\/empezando\/","og_locale":"es_ES","og_type":"article","og_title":"Empezando","og_description":"Antes de poder subirte a dos ruedas, hay algunas cosas que debes tener y otras que tambi\u00e9n debes considerar.","og_url":"https:\/\/universalmct.co.uk\/es\/empezando\/","og_site_name":"Universal Motorcycle Training\u00ae","article_publisher":"http:\/\/www.facebook.com\/universalmotorcycletraining","article_modified_time":"2025-10-07T12:23:54+00:00","og_image":[{"width":1640,"height":440,"url":"https:\/\/universalmct.co.uk\/wp-content\/uploads\/2025\/06\/Getting-started-Top-banner-Driving-licence-JPG.jpg?wsr","type":"image\/jpeg"}],"twitter_card":"summary_large_image","twitter_site":"@universalmct","twitter_misc":{"Tiempo de lectura":"4 minutos"},"schema":{"@context":"https:\/\/schema.org","@graph":[{"@type":"WebPage","@id":"https:\/\/universalmct.co.uk\/es\/empezando\/","url":"https:\/\/universalmct.co.uk\/es\/empezando\/","name":"Empezando - Universal Motorcycle Training\u00ae","isPartOf":{"@id":"https:\/\/universalmct.co.uk\/es\/#website"},"primaryImageOfPage":{"@id":"https:\/\/universalmct.co.uk\/es\/empezando\/#primaryimage"},"image":{"@id":"https:\/\/universalmct.co.uk\/es\/empezando\/#primaryimage"},"thumbnailUrl":"https:\/\/universalmct.co.uk\/wp-content\/uploads\/2025\/06\/Getting-started-Top-banner-Driving-licence-JPG.jpg","datePublished":"2014-02-26T17:26:28+00:00","dateModified":"2025-10-07T12:23:54+00:00","description":"Antes de poder subirte a dos ruedas, hay algunas cosas que debes tener y otras que tambi\u00e9n debes considerar.","breadcrumb":{"@id":"https:\/\/universalmct.co.uk\/es\/empezando\/#breadcrumb"},"inLanguage":"es","potentialAction":[{"@type":"ReadAction","target":["https:\/\/universalmct.co.uk\/es\/empezando\/"]}]},{"@type":"ImageObject","inLanguage":"es","@id":"https:\/\/universalmct.co.uk\/es\/empezando\/#primaryimage","url":"https:\/\/universalmct.co.uk\/wp-content\/uploads\/2025\/06\/Getting-started-Top-banner-Driving-licence-JPG.jpg","contentUrl":"https:\/\/universalmct.co.uk\/wp-content\/uploads\/2025\/06\/Getting-started-Top-banner-Driving-licence-JPG.jpg"},{"@type":"BreadcrumbList","@id":"https:\/\/universalmct.co.uk\/es\/empezando\/#breadcrumb","itemListElement":[{"@type":"ListItem","position":1,"name":"Home","item":"https:\/\/universalmct.co.uk\/es\/"},{"@type":"ListItem","position":2,"name":"Empezando"}]},{"@type":"WebSite","@id":"https:\/\/universalmct.co.uk\/es\/#website","url":"https:\/\/universalmct.co.uk\/es\/","name":"Universal Motorcycle Training","description":"CBT &amp; Motorcycle Training London Courses","publisher":{"@id":"https:\/\/universalmct.co.uk\/es\/#organization"},"potentialAction":[{"@type":"SearchAction","target":{"@type":"EntryPoint","urlTemplate":"https:\/\/universalmct.co.uk\/es\/?s={search_term_string}"},"query-input":{"@type":"PropertyValueSpecification","valueRequired":true,"valueName":"search_term_string"}}],"inLanguage":"es"},{"@type":"Organization","@id":"https:\/\/universalmct.co.uk\/es\/#organization","name":"Universal Motorcycle Training\u00ae","url":"https:\/\/universalmct.co.uk\/es\/","logo":{"@type":"ImageObject","inLanguage":"es","@id":"https:\/\/universalmct.co.uk\/es\/#\/schema\/logo\/image\/","url":"https:\/\/universalmct.co.uk\/wp-content\/uploads\/2014\/02\/Universal-Motorcycle-Training-Copy-1.jpg","contentUrl":"https:\/\/universalmct.co.uk\/wp-content\/uploads\/2014\/02\/Universal-Motorcycle-Training-Copy-1.jpg","width":1000,"height":339,"caption":"Universal Motorcycle Training\u00ae"},"image":{"@id":"https:\/\/universalmct.co.uk\/es\/#\/schema\/logo\/image\/"},"sameAs":["http:\/\/www.facebook.com\/universalmotorcycletraining","https:\/\/x.com\/universalmct","https:\/\/www.instagram.com\/universalmct1","https:\/\/www.linkedin.com\/company-beta\/6096678\/","https:\/\/www.youtube.com\/@UniversalMotorcycleTraining"],"email":"contact@universalmct.co.uk","numberOfEmployees":{"@type":"QuantitativeValue","minValue":"11","maxValue":"50"}}]}},"_links":{"self":[{"href":"https:\/\/universalmct.co.uk\/es\/wp-json\/wp\/v2\/pages\/2153","targetHints":{"allow":["GET"]}}],"collection":[{"href":"https:\/\/universalmct.co.uk\/es\/wp-json\/wp\/v2\/pages"}],"about":[{"href":"https:\/\/universalmct.co.uk\/es\/wp-json\/wp\/v2\/types\/page"}],"author":[{"embeddable":true,"href":"https:\/\/universalmct.co.uk\/es\/wp-json\/wp\/v2\/users\/1"}],"replies":[{"embeddable":true,"href":"https:\/\/universalmct.co.uk\/es\/wp-json\/wp\/v2\/comments?post=2153"}],"version-history":[{"count":2,"href":"https:\/\/universalmct.co.uk\/es\/wp-json\/wp\/v2\/pages\/2153\/revisions"}],"predecessor-version":[{"id":6507,"href":"https:\/\/universalmct.co.uk\/es\/wp-json\/wp\/v2\/pages\/2153\/revisions\/6507"}],"wp:attachment":[{"href":"https:\/\/universalmct.co.uk\/es\/wp-json\/wp\/v2\/media?parent=2153"}],"curies":[{"name":"wp","href":"https:\/\/api.w.org\/{rel}","templated":true}]}}