{"id":2175,"date":"2018-12-08T15:49:32","date_gmt":"2018-12-08T15:49:32","guid":{"rendered":"https:\/\/universalmct.co.uk\/enhanced-rider-scheme\/"},"modified":"2025-10-07T12:20:50","modified_gmt":"2025-10-07T12:20:50","slug":"enhanced-rider-scheme","status":"publish","type":"page","link":"https:\/\/universalmct.co.uk\/es\/cursos-e-precos\/enhanced-rider-scheme\/","title":{"rendered":"Programa Mejorado para Motoristas (ERS) DVSA"},"content":{"rendered":"<p>El <strong>Programa de Conducci\u00f3n Avanzada DVSA (ERS)<\/strong> eval\u00faa tus habilidades de conducci\u00f3n de motocicletas y ofrece formaci\u00f3n para ayudarte a mejorar. No hay ning\u00fan examen. Una vez que completes con \u00e9xito el programa, recibir\u00e1s un \u201cCertificado de Competencia DVSA\u201d que podr\u00e1s utilizar para obtener descuentos en tu seguro de motocicleta.<\/p>\n<p>&nbsp;<\/p>\n<p>Puedes realizar el programa de conducci\u00f3n avanzada si eres un motociclista con licencia completa y has aprobado tu examen.<\/p>\n<p>&nbsp;<\/p>\n<p>El programa es adecuado si:<\/p>\n<ul>\n<li>acabaste de aprobar tu examen de licencia completa de motocicleta, o<\/li>\n<li>est\u00e1s retomando la conducci\u00f3n despu\u00e9s de un tiempo sin practicar, o<\/li>\n<li>vas a pasar a una motocicleta m\u00e1s potente, o<\/li>\n<li>deseas evaluar y mejorar tu nivel de conducci\u00f3n<\/li>\n<\/ul>\n<p>&nbsp;<\/p>\n<p>Como se mencion\u00f3 anteriormente, una vez que completes el curso del Programa de Conducci\u00f3n Avanzada (ERS), obtendr\u00e1s tu Certificado de Competencia DVSA. Este certificado normalmente tiene validez de por vida. La mayor\u00eda de las compa\u00f1\u00edas de seguros te ofrecer\u00e1n un descuento en tu seguro de motocicleta una vez que lo recibas.<\/p>\n<p>&nbsp;<\/p>\n<p>Algunas razones para realizar tu formaci\u00f3n del Programa de Conducci\u00f3n Avanzada con nosotros:<\/p>\n<ul>\n<li>Los instructores son conductores avanzados formados por RoSPA y evaluados por la DVSA<\/li>\n<li>Normalmente la ense\u00f1anza es individual o con una proporci\u00f3n m\u00e1xima de dos alumnos por instructor<\/li>\n<li>El certificado te ofrece descuentos en el seguro de motocicleta<\/li>\n<li>El certificado suele tener validez de por vida<\/li>\n<li>Posibilidad de avanzar hacia una formaci\u00f3n de conducci\u00f3n avanzada<\/li>\n<li>Se recomienda usar tu propia motocicleta (sin embargo, hay alquiler diario disponible)<\/li>\n<\/ul>\n<p>&nbsp;<\/p>\n<p>Saca m\u00e1s provecho de tu conducci\u00f3n y de tu motocicleta realizando el Programa de Conducci\u00f3n Avanzada (ERS). Tendr\u00e1s tu propio instructor personal que te ayudar\u00e1 a hacer tu conducci\u00f3n m\u00e1s agradable y segura. Tambi\u00e9n podr\u00e1s obtener descuentos en seguros con la mayor\u00eda de las aseguradoras de motocicletas.<\/p>\n<p>&nbsp;<\/p>\n<p><strong>Acerca del Programa de Conducci\u00f3n Avanzada (ERS)<\/strong><\/p>\n<p>Universal Motorcycle Training est\u00e1 incluido en el Registro de Instructores de Motocicletas Posteriores al Examen, debidamente calificados para impartir formaci\u00f3n a titulares de licencias completas actuales y mejorar a\u00fan m\u00e1s tus habilidades, garantizando una conducci\u00f3n m\u00e1s segura mediante la reducci\u00f3n de los riesgos asociados con la planificaci\u00f3n y el control de la m\u00e1quina.<\/p>\n<p>&nbsp;<\/p>\n<p><strong>\u00bfPara qui\u00e9n es el Programa de Conducci\u00f3n Avanzada?<\/strong><\/p>\n<p>El ERS (Enhanced Rider Scheme) introducido por el gobierno est\u00e1 dirigido principalmente a los conductores que:<\/p>\n<ul>\n<li>Han aprobado recientemente su examen completo de licencia de motocicleta<\/li>\n<li>Van a pasar a una motocicleta m\u00e1s potente<\/li>\n<li>Regresan al motociclismo despu\u00e9s de un tiempo sin conducir<\/li>\n<li>Buscan una evaluaci\u00f3n y desarrollo de su nivel actual de habilidades<\/li>\n<\/ul>\n<p>&nbsp;<\/p>\n<p><strong>\u00bfEn qu\u00e9 consiste el Programa de Conducci\u00f3n Avanzada?<\/strong><\/p>\n<p>Tu instructor te dar\u00e1 consejos sobre los principios b\u00e1sicos de seguridad: c\u00f3mo hacerte m\u00e1s visible y crear una mejor presencia en la carretera, c\u00f3mo utilizar la potencia de la motocicleta de forma controlada y segura, c\u00f3mo aprovechar la posici\u00f3n en la carretera, c\u00f3mo mejorar tus habilidades en curvas, adelantamientos, conducci\u00f3n urbana, filtrado y mucho m\u00e1s\u2026<\/p>\n<p>&nbsp;<\/p>\n<p><strong>\u00bfQu\u00e9 sucede durante la evaluaci\u00f3n del Programa de Conducci\u00f3n Avanzada?<\/strong><\/p>\n<p>El ERS no es una prueba de aprobado o suspendido. Tras una evaluaci\u00f3n inicial de tu nivel de habilidad, cuidadosamente adaptada a tus necesidades personales, se dise\u00f1a un plan de desarrollo que se centra en las \u00e1reas espec\u00edficas que requieren atenci\u00f3n, en lugar de adoptar un enfoque \u201cigual para todos\u201d.<\/p>\n<p>El curso durar\u00e1 lo suficiente para que tu instructor pueda realizar una evaluaci\u00f3n precisa de tus necesidades. Para la mayor\u00eda de las personas, esto suele ser entre tres y cuatro horas.<\/p>\n<p>&nbsp;<\/p>\n<p><strong>\u00bfY si no necesitas m\u00e1s formaci\u00f3n?<\/strong><\/p>\n<p>En relaci\u00f3n con la impartici\u00f3n de cursos ERS, los instructores avanzados de Universal Motorcycle Training est\u00e1n formados por RoSPA (Royal Society for Prevention of Accidents). Por lo tanto, siempre hay algo nuevo que aprender, y tu instructor personal se asegurar\u00e1 de que disfrutes de un d\u00eda completo provechoso y, por supuesto, de ese codiciado certificado DVSA ERS.<\/p>\n<p>&nbsp;<\/p>\n<p><strong>\u00bfY si necesitas m\u00e1s formaci\u00f3n?<\/strong><\/p>\n<p>Si necesitas formaci\u00f3n adicional, recibir\u00e1s tu propio plan personalizado para perfeccionar tus habilidades. El plan se centrar\u00e1 en las \u00e1reas que te ayudar\u00e1n a aprovechar m\u00e1s tu conducci\u00f3n.<\/p>\n<p>&nbsp;<\/p>\n<p><strong>\u00bfQu\u00e9 incluye tu formaci\u00f3n?<\/strong><\/p>\n<p>La formaci\u00f3n no sigue un enfoque \u201cigual para todos\u201d, sino que est\u00e1 completamente personalizada para ti.<\/p>\n<p>Tu instructor te ayudar\u00e1 con las \u00e1reas que har\u00e1n tu conducci\u00f3n m\u00e1s placentera. Te dar\u00e1 consejos expertos y te mostrar\u00e1 c\u00f3mo mejorar tus habilidades en aspectos como:<\/p>\n<ul>\n<li>conducci\u00f3n urbana<\/li>\n<li>identificaci\u00f3n de peligros<\/li>\n<li>conducci\u00f3n en autopista<\/li>\n<li>t\u00e9cnicas de giro<\/li>\n<li>filtrado<\/li>\n<li>negociaci\u00f3n de curvas<\/li>\n<li>posicionamiento<\/li>\n<li>conducci\u00f3n fluida<\/li>\n<\/ul>\n<p>&nbsp;<\/p>\n<p><strong>\u00bfQu\u00e9 sucede al finalizar tu formaci\u00f3n?<\/strong><\/p>\n<p>Despu\u00e9s de haber recibido toda la formaci\u00f3n necesaria, obtendr\u00e1s:<\/p>\n<ul>\n<li>una evaluaci\u00f3n completa y un informe escrito sobre tu conducci\u00f3n<\/li>\n<li>un \u201cCertificado de Competencia DVSA\u201d, que podr\u00e1s utilizar para obtener un descuento en el seguro<\/li>\n<\/ul>\n<p>&nbsp;<\/p>\n<p>Por favor, <span style=\"color: #0000ff;\"><a style=\"color: #0000ff;\" href=\"http:\/\/clients.sitesnow.co.uk\/universalmotorcycle\/wp-content\/uploads\/2015\/09\/NEW-ERS-CERT.jpg\" target=\"_blank\" rel=\"noopener noreferrer\">haz clic aqu\u00ed <\/a><\/span>para ver un ejemplo del \u201cCertificado de Competencia\u201d del Programa de Conducci\u00f3n Avanzada (ERS) DVSA.<\/p>\n","protected":false},"excerpt":{"rendered":"<p>El Programa de Conducci\u00f3n Avanzada DVSA (ERS) eval\u00faa tus habilidades de conducci\u00f3n de motocicletas y ofrece formaci\u00f3n para ayudarte a mejorar. No [&hellip;]<\/p>\n","protected":false},"author":1,"featured_media":0,"parent":2155,"menu_order":0,"comment_status":"closed","ping_status":"closed","template":"","meta":{"_exactmetrics_skip_tracking":false,"_exactmetrics_sitenote_active":false,"_exactmetrics_sitenote_note":"","_exactmetrics_sitenote_category":0,"footnotes":""},"class_list":["post-2175","page","type-page","status-publish","hentry"],"yoast_head":"<!-- This site is optimized with the Yoast SEO Premium plugin v27.4 (Yoast SEO v27.4) - https:\/\/yoast.com\/product\/yoast-seo-premium-wordpress\/ -->\n<title>Programa Mejorado para Motoristas (ERS) DVSA - Universal Motorcycle Training\u00ae<\/title>\n<meta name=\"robots\" content=\"index, follow, max-snippet:-1, max-image-preview:large, max-video-preview:-1\" \/>\n<link rel=\"canonical\" href=\"https:\/\/universalmct.co.uk\/es\/cursos-e-precos\/enhanced-rider-scheme\/\" \/>\n<meta property=\"og:locale\" content=\"es_ES\" \/>\n<meta property=\"og:type\" content=\"article\" \/>\n<meta property=\"og:title\" content=\"Programa Mejorado para Motoristas (ERS) DVSA\" \/>\n<meta property=\"og:description\" content=\"El Programa de Conducci\u00f3n Avanzada DVSA (ERS) eval\u00faa tus habilidades de conducci\u00f3n de motocicletas y ofrece formaci\u00f3n para ayudarte a mejorar. No [&hellip;]\" \/>\n<meta property=\"og:url\" content=\"https:\/\/universalmct.co.uk\/es\/cursos-e-precos\/enhanced-rider-scheme\/\" \/>\n<meta property=\"og:site_name\" content=\"Universal Motorcycle Training\u00ae\" \/>\n<meta property=\"article:publisher\" content=\"http:\/\/www.facebook.com\/universalmotorcycletraining\" \/>\n<meta property=\"article:modified_time\" content=\"2025-10-07T12:20:50+00:00\" \/>\n<meta name=\"twitter:card\" content=\"summary_large_image\" \/>\n<meta name=\"twitter:site\" content=\"@universalmct\" \/>\n<meta name=\"twitter:label1\" content=\"Tiempo de lectura\" \/>\n\t<meta name=\"twitter:data1\" content=\"5 minutos\" \/>\n<script type=\"application\/ld+json\" class=\"yoast-schema-graph\">{\"@context\":\"https:\\\/\\\/schema.org\",\"@graph\":[{\"@type\":\"WebPage\",\"@id\":\"https:\\\/\\\/universalmct.co.uk\\\/es\\\/cursos-e-precos\\\/enhanced-rider-scheme\\\/\",\"url\":\"https:\\\/\\\/universalmct.co.uk\\\/es\\\/cursos-e-precos\\\/enhanced-rider-scheme\\\/\",\"name\":\"Programa Mejorado para Motoristas (ERS) DVSA - Universal Motorcycle Training\u00ae\",\"isPartOf\":{\"@id\":\"https:\\\/\\\/universalmct.co.uk\\\/es\\\/#website\"},\"datePublished\":\"2018-12-08T15:49:32+00:00\",\"dateModified\":\"2025-10-07T12:20:50+00:00\",\"breadcrumb\":{\"@id\":\"https:\\\/\\\/universalmct.co.uk\\\/es\\\/cursos-e-precos\\\/enhanced-rider-scheme\\\/#breadcrumb\"},\"inLanguage\":\"es\",\"potentialAction\":[{\"@type\":\"ReadAction\",\"target\":[\"https:\\\/\\\/universalmct.co.uk\\\/es\\\/cursos-e-precos\\\/enhanced-rider-scheme\\\/\"]}]},{\"@type\":\"BreadcrumbList\",\"@id\":\"https:\\\/\\\/universalmct.co.uk\\\/es\\\/cursos-e-precos\\\/enhanced-rider-scheme\\\/#breadcrumb\",\"itemListElement\":[{\"@type\":\"ListItem\",\"position\":1,\"name\":\"Home\",\"item\":\"https:\\\/\\\/universalmct.co.uk\\\/es\\\/\"},{\"@type\":\"ListItem\",\"position\":2,\"name\":\"Cursos y Precios\",\"item\":\"https:\\\/\\\/universalmct.co.uk\\\/es\\\/cursos-e-precos\\\/\"},{\"@type\":\"ListItem\",\"position\":3,\"name\":\"Programa Mejorado para Motoristas (ERS) DVSA\"}]},{\"@type\":\"WebSite\",\"@id\":\"https:\\\/\\\/universalmct.co.uk\\\/es\\\/#website\",\"url\":\"https:\\\/\\\/universalmct.co.uk\\\/es\\\/\",\"name\":\"Universal Motorcycle Training\",\"description\":\"CBT &amp; Motorcycle Training London Courses\",\"publisher\":{\"@id\":\"https:\\\/\\\/universalmct.co.uk\\\/es\\\/#organization\"},\"potentialAction\":[{\"@type\":\"SearchAction\",\"target\":{\"@type\":\"EntryPoint\",\"urlTemplate\":\"https:\\\/\\\/universalmct.co.uk\\\/es\\\/?s={search_term_string}\"},\"query-input\":{\"@type\":\"PropertyValueSpecification\",\"valueRequired\":true,\"valueName\":\"search_term_string\"}}],\"inLanguage\":\"es\"},{\"@type\":\"Organization\",\"@id\":\"https:\\\/\\\/universalmct.co.uk\\\/es\\\/#organization\",\"name\":\"Universal Motorcycle Training\u00ae\",\"url\":\"https:\\\/\\\/universalmct.co.uk\\\/es\\\/\",\"logo\":{\"@type\":\"ImageObject\",\"inLanguage\":\"es\",\"@id\":\"https:\\\/\\\/universalmct.co.uk\\\/es\\\/#\\\/schema\\\/logo\\\/image\\\/\",\"url\":\"https:\\\/\\\/universalmct.co.uk\\\/wp-content\\\/uploads\\\/2014\\\/02\\\/Universal-Motorcycle-Training-Copy-1.jpg\",\"contentUrl\":\"https:\\\/\\\/universalmct.co.uk\\\/wp-content\\\/uploads\\\/2014\\\/02\\\/Universal-Motorcycle-Training-Copy-1.jpg\",\"width\":1000,\"height\":339,\"caption\":\"Universal Motorcycle Training\u00ae\"},\"image\":{\"@id\":\"https:\\\/\\\/universalmct.co.uk\\\/es\\\/#\\\/schema\\\/logo\\\/image\\\/\"},\"sameAs\":[\"http:\\\/\\\/www.facebook.com\\\/universalmotorcycletraining\",\"https:\\\/\\\/x.com\\\/universalmct\",\"https:\\\/\\\/www.instagram.com\\\/universalmct1\",\"https:\\\/\\\/www.linkedin.com\\\/company-beta\\\/6096678\\\/\",\"https:\\\/\\\/www.youtube.com\\\/@UniversalMotorcycleTraining\"],\"email\":\"contact@universalmct.co.uk\",\"numberOfEmployees\":{\"@type\":\"QuantitativeValue\",\"minValue\":\"11\",\"maxValue\":\"50\"}}]}<\/script>\n<!-- \/ Yoast SEO Premium plugin. -->","yoast_head_json":{"title":"Programa Mejorado para Motoristas (ERS) DVSA - Universal Motorcycle Training\u00ae","robots":{"index":"index","follow":"follow","max-snippet":"max-snippet:-1","max-image-preview":"max-image-preview:large","max-video-preview":"max-video-preview:-1"},"canonical":"https:\/\/universalmct.co.uk\/es\/cursos-e-precos\/enhanced-rider-scheme\/","og_locale":"es_ES","og_type":"article","og_title":"Programa Mejorado para Motoristas (ERS) DVSA","og_description":"El Programa de Conducci\u00f3n Avanzada DVSA (ERS) eval\u00faa tus habilidades de conducci\u00f3n de motocicletas y ofrece formaci\u00f3n para ayudarte a mejorar. No [&hellip;]","og_url":"https:\/\/universalmct.co.uk\/es\/cursos-e-precos\/enhanced-rider-scheme\/","og_site_name":"Universal Motorcycle Training\u00ae","article_publisher":"http:\/\/www.facebook.com\/universalmotorcycletraining","article_modified_time":"2025-10-07T12:20:50+00:00","twitter_card":"summary_large_image","twitter_site":"@universalmct","twitter_misc":{"Tiempo de lectura":"5 minutos"},"schema":{"@context":"https:\/\/schema.org","@graph":[{"@type":"WebPage","@id":"https:\/\/universalmct.co.uk\/es\/cursos-e-precos\/enhanced-rider-scheme\/","url":"https:\/\/universalmct.co.uk\/es\/cursos-e-precos\/enhanced-rider-scheme\/","name":"Programa Mejorado para Motoristas (ERS) DVSA - Universal Motorcycle Training\u00ae","isPartOf":{"@id":"https:\/\/universalmct.co.uk\/es\/#website"},"datePublished":"2018-12-08T15:49:32+00:00","dateModified":"2025-10-07T12:20:50+00:00","breadcrumb":{"@id":"https:\/\/universalmct.co.uk\/es\/cursos-e-precos\/enhanced-rider-scheme\/#breadcrumb"},"inLanguage":"es","potentialAction":[{"@type":"ReadAction","target":["https:\/\/universalmct.co.uk\/es\/cursos-e-precos\/enhanced-rider-scheme\/"]}]},{"@type":"BreadcrumbList","@id":"https:\/\/universalmct.co.uk\/es\/cursos-e-precos\/enhanced-rider-scheme\/#breadcrumb","itemListElement":[{"@type":"ListItem","position":1,"name":"Home","item":"https:\/\/universalmct.co.uk\/es\/"},{"@type":"ListItem","position":2,"name":"Cursos y Precios","item":"https:\/\/universalmct.co.uk\/es\/cursos-e-precos\/"},{"@type":"ListItem","position":3,"name":"Programa Mejorado para Motoristas (ERS) DVSA"}]},{"@type":"WebSite","@id":"https:\/\/universalmct.co.uk\/es\/#website","url":"https:\/\/universalmct.co.uk\/es\/","name":"Universal Motorcycle Training","description":"CBT &amp; Motorcycle Training London Courses","publisher":{"@id":"https:\/\/universalmct.co.uk\/es\/#organization"},"potentialAction":[{"@type":"SearchAction","target":{"@type":"EntryPoint","urlTemplate":"https:\/\/universalmct.co.uk\/es\/?s={search_term_string}"},"query-input":{"@type":"PropertyValueSpecification","valueRequired":true,"valueName":"search_term_string"}}],"inLanguage":"es"},{"@type":"Organization","@id":"https:\/\/universalmct.co.uk\/es\/#organization","name":"Universal Motorcycle Training\u00ae","url":"https:\/\/universalmct.co.uk\/es\/","logo":{"@type":"ImageObject","inLanguage":"es","@id":"https:\/\/universalmct.co.uk\/es\/#\/schema\/logo\/image\/","url":"https:\/\/universalmct.co.uk\/wp-content\/uploads\/2014\/02\/Universal-Motorcycle-Training-Copy-1.jpg","contentUrl":"https:\/\/universalmct.co.uk\/wp-content\/uploads\/2014\/02\/Universal-Motorcycle-Training-Copy-1.jpg","width":1000,"height":339,"caption":"Universal Motorcycle Training\u00ae"},"image":{"@id":"https:\/\/universalmct.co.uk\/es\/#\/schema\/logo\/image\/"},"sameAs":["http:\/\/www.facebook.com\/universalmotorcycletraining","https:\/\/x.com\/universalmct","https:\/\/www.instagram.com\/universalmct1","https:\/\/www.linkedin.com\/company-beta\/6096678\/","https:\/\/www.youtube.com\/@UniversalMotorcycleTraining"],"email":"contact@universalmct.co.uk","numberOfEmployees":{"@type":"QuantitativeValue","minValue":"11","maxValue":"50"}}]}},"_links":{"self":[{"href":"https:\/\/universalmct.co.uk\/es\/wp-json\/wp\/v2\/pages\/2175","targetHints":{"allow":["GET"]}}],"collection":[{"href":"https:\/\/universalmct.co.uk\/es\/wp-json\/wp\/v2\/pages"}],"about":[{"href":"https:\/\/universalmct.co.uk\/es\/wp-json\/wp\/v2\/types\/page"}],"author":[{"embeddable":true,"href":"https:\/\/universalmct.co.uk\/es\/wp-json\/wp\/v2\/users\/1"}],"replies":[{"embeddable":true,"href":"https:\/\/universalmct.co.uk\/es\/wp-json\/wp\/v2\/comments?post=2175"}],"version-history":[{"count":2,"href":"https:\/\/universalmct.co.uk\/es\/wp-json\/wp\/v2\/pages\/2175\/revisions"}],"predecessor-version":[{"id":6481,"href":"https:\/\/universalmct.co.uk\/es\/wp-json\/wp\/v2\/pages\/2175\/revisions\/6481"}],"up":[{"embeddable":true,"href":"https:\/\/universalmct.co.uk\/es\/wp-json\/wp\/v2\/pages\/2155"}],"wp:attachment":[{"href":"https:\/\/universalmct.co.uk\/es\/wp-json\/wp\/v2\/media?parent=2175"}],"curies":[{"name":"wp","href":"https:\/\/api.w.org\/{rel}","templated":true}]}}