{"id":2176,"date":"2014-03-03T17:02:52","date_gmt":"2014-03-03T17:02:52","guid":{"rendered":"https:\/\/universalmct.co.uk\/courses-prices\/das-full-licence\/"},"modified":"2025-11-28T19:21:41","modified_gmt":"2025-11-28T19:21:41","slug":"das-full-licence","status":"publish","type":"page","link":"https:\/\/universalmct.co.uk\/es\/cursos-e-precos\/das-full-licence\/","title":{"rendered":"DAS (Licencia completa de motocicleta)"},"content":{"rendered":"\t\t<div data-elementor-type=\"wp-page\" data-elementor-id=\"2176\" class=\"elementor elementor-2176 elementor-82\" data-elementor-settings=\"{&quot;element_pack_global_tooltip_width&quot;:{&quot;unit&quot;:&quot;px&quot;,&quot;size&quot;:&quot;&quot;,&quot;sizes&quot;:[]},&quot;element_pack_global_tooltip_width_tablet&quot;:{&quot;unit&quot;:&quot;px&quot;,&quot;size&quot;:&quot;&quot;,&quot;sizes&quot;:[]},&quot;element_pack_global_tooltip_width_mobile&quot;:{&quot;unit&quot;:&quot;px&quot;,&quot;size&quot;:&quot;&quot;,&quot;sizes&quot;:[]},&quot;element_pack_global_tooltip_padding&quot;:{&quot;unit&quot;:&quot;px&quot;,&quot;top&quot;:&quot;&quot;,&quot;right&quot;:&quot;&quot;,&quot;bottom&quot;:&quot;&quot;,&quot;left&quot;:&quot;&quot;,&quot;isLinked&quot;:true},&quot;element_pack_global_tooltip_padding_tablet&quot;:{&quot;unit&quot;:&quot;px&quot;,&quot;top&quot;:&quot;&quot;,&quot;right&quot;:&quot;&quot;,&quot;bottom&quot;:&quot;&quot;,&quot;left&quot;:&quot;&quot;,&quot;isLinked&quot;:true},&quot;element_pack_global_tooltip_padding_mobile&quot;:{&quot;unit&quot;:&quot;px&quot;,&quot;top&quot;:&quot;&quot;,&quot;right&quot;:&quot;&quot;,&quot;bottom&quot;:&quot;&quot;,&quot;left&quot;:&quot;&quot;,&quot;isLinked&quot;:true},&quot;element_pack_global_tooltip_border_radius&quot;:{&quot;unit&quot;:&quot;px&quot;,&quot;top&quot;:&quot;&quot;,&quot;right&quot;:&quot;&quot;,&quot;bottom&quot;:&quot;&quot;,&quot;left&quot;:&quot;&quot;,&quot;isLinked&quot;:true},&quot;element_pack_global_tooltip_border_radius_tablet&quot;:{&quot;unit&quot;:&quot;px&quot;,&quot;top&quot;:&quot;&quot;,&quot;right&quot;:&quot;&quot;,&quot;bottom&quot;:&quot;&quot;,&quot;left&quot;:&quot;&quot;,&quot;isLinked&quot;:true},&quot;element_pack_global_tooltip_border_radius_mobile&quot;:{&quot;unit&quot;:&quot;px&quot;,&quot;top&quot;:&quot;&quot;,&quot;right&quot;:&quot;&quot;,&quot;bottom&quot;:&quot;&quot;,&quot;left&quot;:&quot;&quot;,&quot;isLinked&quot;:true}}\">\n\t\t\t\t<div class=\"elementor-element elementor-element-2750d13e e-flex e-con-boxed e-con e-parent\" data-id=\"2750d13e\" data-element_type=\"container\" data-e-type=\"container\">\n\t\t\t\t\t<div class=\"e-con-inner\">\n\t\t\t\t<div class=\"elementor-element elementor-element-225dc3a0 elementor-widget elementor-widget-text-editor\" data-id=\"225dc3a0\" data-element_type=\"widget\" data-e-type=\"widget\" data-widget_type=\"text-editor.default\">\n\t\t\t\t<div class=\"elementor-widget-container\">\n\t\t\t\t\t\t\t\t\t<p><strong>Si tienes 24 a\u00f1os o m\u00e1s<\/strong> o has tenido una licencia A2 durante dos a\u00f1os, puedes obtener una licencia de motocicleta sin restricciones realizando un curso de Acceso Directo (DAS) y aprobando los ex\u00e1menes pr\u00e1cticos. Una licencia completa de motocicleta que te permite conducir cualquier tama\u00f1o de moto se obtiene a trav\u00e9s de este curso. Despu\u00e9s de completar tu CBT, tu formaci\u00f3n contin\u00faa y, una vez que seas lo suficientemente competente, pasar\u00e1s a una motocicleta de 689 cc (Yamaha MT-07) con la que realizar\u00e1s tus ex\u00e1menes.<\/p><p>Necesitar\u00e1s tener un certificado de examen te\u00f3rico v\u00e1lido y, si a\u00fan no tienes un certificado CBT v\u00e1lido, deber\u00e1s completarlo primero. El examen te\u00f3rico puede organizarse llamando al DVSA al 0300 200 1122 o visitando <span style=\"color: #0000ff;\"><a style=\"color: #0000ff;\" title=\"Reservar un examen te\u00f3rico de motocicleta\" href=\"https:\/\/www.gov.uk\/book-a-driving-theory-test\" target=\"_blank\" rel=\"noopener noreferrer\">este enlace<\/a><\/span>. Para ver c\u00f3mo funciona el examen te\u00f3rico de motocicleta, por favor <span style=\"color: #0000ff;\"><a style=\"color: #0000ff;\" href=\"https:\/\/www.youtube.com\/watch?v=6BxQr4k8n8M\" target=\"_blank\" rel=\"noopener noreferrer\">haz clic aqu\u00ed<\/a><\/span>. Tu progreso hacia una motocicleta de m\u00e1s de 600 cc depender\u00e1 de tu experiencia.<\/p><p>En Universal Motorcycle Training ofrecemos una <span style=\"color: #3366ff;\"><a title=\"Evaluaci\u00f3n de licencia completa de motocicleta\" href=\"https:\/\/www.takeabyte.co.uk\/InContact\/public\/gateway.aspx?func_id=79A2A98E7C95DA57&amp;obc_id=6AC7F0C984D9D87A\" target=\"_blank\" rel=\"noopener noreferrer\"><span style=\"color: #3366ff;\"><span style=\"color: #0000ff;\">evaluaci\u00f3n r\u00e1pida<\/span><\/span><\/a><\/span> de tus habilidades de conducci\u00f3n. La cantidad de formaci\u00f3n necesaria para alcanzar el nivel de examen ser\u00e1 indicada por tu instructor. Luego discutiremos tus necesidades de formaci\u00f3n como conductor y te ofreceremos el mejor paquete para alcanzar el nivel de habilidad requerido para realizar tu examen.<\/p><p>Puedes realizar el <span style=\"color: #3366ff;\"><a title=\"Formaci\u00f3n B\u00e1sica Obligatoria - CBT\" href=\"https:\/\/universalmct.co.uk\/universalmotorcycle\/courses-prices\/79-2\/\" target=\"_blank\" rel=\"noopener noreferrer\"><span style=\"color: #3366ff;\"><span style=\"color: #0000ff;\">C.B.T.<\/span><\/span><\/a><\/span> seguido de ambos m\u00f3dulos en d\u00edas consecutivos, o dividirlos seg\u00fan te convenga, es decir, hacer el C.B.T. y el M\u00f3dulo 1 inicialmente y luego el M\u00f3dulo 2 (esta es la forma m\u00e1s segura, ya que evitar\u00e1s arriesgar las tarifas del M\u00f3dulo 2 y del acompa\u00f1amiento al examen en caso de no aprobar el M\u00f3dulo 1 la primera vez).<\/p><p>Somos totalmente flexibles y podemos organizar tu curso de acuerdo a tus necesidades. Dado que la tarifa del curso se cobra por d\u00eda, puedes elegir tus opciones. Nuestro personal experimentado te ayudar\u00e1 con la reserva de tu curso. Con muchos a\u00f1os de experiencia, somos especialistas en adaptar la formaci\u00f3n a tus necesidades. La forma m\u00e1s f\u00e1cil de reservar es en l\u00ednea a trav\u00e9s del siguiente enlace: <a href=\"https:\/\/www.takeabyte.co.uk\/InContact\/public\/gateway.aspx?func_id=79A2A98E7C95DA57&amp;obc_id=8D2F7732D7554D0D\" target=\"_blank\" rel=\"noopener noreferrer\"><span style=\"color: #0000ff;\">Reserva aqu\u00ed tu paquete de licencia completa de motocicleta<\/span><\/a>. Alternativamente, si prefieres reservar por tel\u00e9fono, ll\u00e1manos al 0203 691 8807. Para ver nuestra lista completa de precios, por favor <a href=\"https:\/\/universalmct.co.uk\/universalmotorcycle\/courses-prices\/\" target=\"_blank\" rel=\"noopener noreferrer\"><span style=\"color: #0000ff;\">haz clic aqu\u00ed<\/span><\/a>.<\/p><h3><strong>Si no est\u00e1s seguro de qu\u00e9 curso elegir, realiza solo el CBT y comprueba c\u00f3mo te va.<\/strong><\/h3><p>Un curso t\u00edpico para conductores experimentados se desarrollar\u00e1 en cuatro, cinco o seis d\u00edas, es decir:<\/p><p>CBT seguido de formaci\u00f3n y examen del M\u00f3dulo 1 y finalmente formaci\u00f3n y examen del M\u00f3dulo 2.<\/p><p>Los principiantes o personas con menos experiencia deber\u00e1n a\u00f1adir d\u00edas adicionales de formaci\u00f3n seg\u00fan sus necesidades.<\/p><p><strong>Moto de alquiler:<\/strong> para ver la motocicleta con la que realizar\u00e1s tu curso y tus ex\u00e1menes: para la Yamaha MT-07 (restringida para el A2 y sin restricciones para la Categor\u00eda A) manual, por favor <a href=\"https:\/\/www.yamaha-motor.eu\/gb\/en\/products\/motorcycles\/hyper-naked\/mt-07\/\" target=\"_blank\" rel=\"noopener noreferrer\"><span style=\"color: #0000ff;\">haz clic aqu\u00ed<\/span><\/a>. Para la Suzuki Gladius 650cc, por favor<span style=\"color: #0000ff;\"> <a style=\"color: #0000ff;\" href=\"https:\/\/universalmct.co.uk\/universalmotorcycle\/wp-content\/uploads\/2015\/08\/suzukigladius11.jpg\" target=\"_blank\" rel=\"noopener noreferrer\">haz clic aqu\u00ed<\/a><\/span>.<\/p><p>El examen pr\u00e1ctico se divide en dos partes, M\u00f3dulo 1 y M\u00f3dulo 2. Debes completarlos en orden (por lo tanto, necesitas aprobar primero el M\u00f3dulo 1).<\/p><h3>M\u00d3DULO 01<\/h3><p>Este consiste en una serie de maniobras que se realizan en el Centro de Pruebas Multiuso de la DVSA. Algunas son a baja velocidad (como un eslalon o un giro en U) y otras a mayor velocidad (incluyendo una maniobra de evasi\u00f3n a 50 km\/h, aproximadamente 32 mph) que requieren un buen nivel de manejo de la motocicleta.<\/p><p>Afortunadamente, en Universal Motorcycle Training tenemos una pista de pruebas del M\u00f3dulo 1 dise\u00f1ada para tu entrenamiento. <strong>Tambi\u00e9n utilizamos un radar de velocidad para ayudarte en la pr\u00e1ctica.<\/strong><\/p><p>Despu\u00e9s de completar tu formaci\u00f3n del M\u00f3dulo 1, estar\u00e1s completamente preparado para tu examen y tu instructor te acompa\u00f1ar\u00e1 al MPTC local (Centro de Pruebas DVSA) para realizar el examen pr\u00e1ctico del M\u00f3dulo 1.<\/p><p><span style=\"color: #0567f9;\"><a title=\"Diagramas del M\u00f3dulo 1\" href=\"http:\/\/www.universalmct.co.uk\/module1diagrams.pdf\" target=\"_blank\" rel=\"noopener noreferrer\"><span style=\"color: #0567f9;\"><span style=\"color: #0000ff;\">Haz clic aqu\u00ed para descargar los diagramas de la prueba del M\u00f3dulo 1.<\/span><\/span><\/a><\/span><\/p><h3>M\u00d3DULO 02<\/h3><p>Este examen consiste en una conducci\u00f3n en carretera de 40 minutos. Al inicio del examen, el examinador te dar\u00e1 una introducci\u00f3n. Har\u00e1s una prueba de visi\u00f3n y responder\u00e1s a varias preguntas de seguridad antes de recibir una \u00faltima explicaci\u00f3n. El resto del examen se realizar\u00e1 en carretera.<\/p><p><span style=\"color: #0567f9;\"><a title=\"Preguntas y respuestas del M\u00f3dulo 2\" href=\"http:\/\/www.universalmct.co.uk\/module2questions.pdf\" target=\"_blank\" rel=\"noopener noreferrer\"><span style=\"color: #0567f9;\"><span style=\"color: #0000ff;\">Haz clic aqu\u00ed para descargar las preguntas y respuestas de seguridad del M\u00f3dulo 2<\/span><\/span><\/a><\/span><\/p><p>La formaci\u00f3n del M\u00f3dulo 2 te preparar\u00e1 completamente para todos los aspectos del examen y se realizar\u00e1 en carretera. La formaci\u00f3n culminar\u00e1 con tu instructor acompa\u00f1\u00e1ndote al MPTC local (Centro de Pruebas DVSA) para realizar el examen pr\u00e1ctico del M\u00f3dulo 2.<\/p><p>Durante los 40 minutos de la prueba en carretera, habr\u00e1 una secci\u00f3n de conducci\u00f3n independiente que durar\u00e1 aproximadamente 10 minutos.<\/p><h3><span style=\"font-size: 18px;\"><strong>Secci\u00f3n de conducci\u00f3n independiente del examen del M\u00f3dulo 2<\/strong><\/span><\/h3><p>Tu examen pr\u00e1ctico del M\u00f3dulo 2 incluir\u00e1 aproximadamente 10 minutos de conducci\u00f3n independiente.<\/p><p><strong>C\u00f3mo funciona el examen<\/strong><\/p><p>Durante tu examen deber\u00e1s conducir de forma independiente, siguiendo:<\/p><p>\u2022 se\u00f1ales de tr\u00e1fico<\/p><p>\u2022 una serie de instrucciones<\/p><p>\u2022 o una combinaci\u00f3n de ambas<\/p><p>Para ayudarte a entender hacia d\u00f3nde ir al seguir instrucciones verbales, el examinador te mostrar\u00e1 un diagrama.<\/p><h3><strong>Si olvidas las direcciones<\/strong><\/h3><p>No importa si olvidas alguna instrucci\u00f3n o si tomas una direcci\u00f3n equivocada. La conducci\u00f3n independiente no eval\u00faa tus habilidades de orientaci\u00f3n o navegaci\u00f3n. Conducir de forma independiente significa tomar tus propias decisiones, incluyendo cu\u00e1ndo es seguro y apropiado pedir confirmaci\u00f3n sobre la direcci\u00f3n.<\/p><p>No puedes usar GPS. Si pides que te repitan las direcciones, el examinador te las confirmar\u00e1. Nuestras tarifas por la formaci\u00f3n de los M\u00f3dulos 1 y 2 son de \u00a3225 por d\u00eda para ense\u00f1anza 2 a 1 o \u00a3400 para ense\u00f1anza 1 a 1, lo que incluye formaci\u00f3n, motocicleta, equipo, seguro, combustible y sin costos ocultos.<\/p><p><strong>Una vez que hayas aprobado los M\u00f3dulos 1 y 2 en una motocicleta de m\u00e1s de 600 cc, habr\u00e1s obtenido tu licencia completa sin restricciones y podr\u00e1s conducir cualquier moto, de cualquier tama\u00f1o y potencia. Es posible realizar este curso a los 21 a\u00f1os si has aprobado el examen A2 y han transcurrido al menos dos a\u00f1os.<\/strong><\/p><p>Por favor, consulta la secci\u00f3n de Reservas en L\u00ednea, bajo \u201cCursos de Licencia Completa\u201d, si est\u00e1s interesado en reservar este curso. Todas las fechas disponibles estar\u00e1n all\u00ed; si ninguna te conviene, env\u00edanos un correo electr\u00f3nico a <span style=\"color: #0567f9;\"><a href=\"mailto:contact@universalmct.co.uk\" target=\"_blank\" rel=\"noopener noreferrer\"><span style=\"color: #0567f9;\"><span style=\"color: #0000ff;\">contact@universalmct.co.uk<\/span><\/span><\/a><\/span> con las fechas deseadas y estaremos encantados de ayudarte a encontrar una fecha adecuada.<\/p><p><span style=\"color: #ffffff;\">DAS, acceso directo, das londres, acceso directo londres, licencia completa de motocicleta, licencia de moto, licencia de moto grande, licencia completa de motocicleta edgware, licencia completa de moto, licencia completa de motocicleta borehamwood, licencia completa de motocicleta hertfordshire, licencia completa de motocicleta wembley, licencia completa de motocicleta brent cross, licencia completa de motocicleta golders green, licencia completa de motocicleta hendon, licencia completa de motocicleta colindale, licencia completa de motocicleta kingsbury, licencia completa de motocicleta mill hill.<\/span><\/p>\t\t\t\t\t\t\t\t<\/div>\n\t\t\t\t<\/div>\n\t\t\t\t\t<\/div>\n\t\t\t\t<\/div>\n\t\t\t\t<\/div>\n\t\t","protected":false},"excerpt":{"rendered":"<p>Si tienes 24 a\u00f1os o m\u00e1s o has tenido una licencia A2 durante dos a\u00f1os, puedes obtener una licencia de motocicleta sin [&hellip;]<\/p>\n","protected":false},"author":1,"featured_media":0,"parent":2155,"menu_order":0,"comment_status":"closed","ping_status":"closed","template":"","meta":{"_exactmetrics_skip_tracking":false,"_exactmetrics_sitenote_active":false,"_exactmetrics_sitenote_note":"","_exactmetrics_sitenote_category":0,"footnotes":""},"class_list":["post-2176","page","type-page","status-publish","hentry"],"yoast_head":"<!-- This site is optimized with the Yoast SEO Premium plugin v27.4 (Yoast SEO v27.4) - https:\/\/yoast.com\/product\/yoast-seo-premium-wordpress\/ -->\n<title>DAS (Licencia completa de motocicleta) - Universal Motorcycle Training\u00ae<\/title>\n<meta name=\"description\" content=\"DAS &quot;A&quot; Licencia completa de motocicleta en Londres. Acceso directo a cualquier tama\u00f1o y potencia de motocicleta. Entrena y obt\u00e9n tu licencia con nosotros en Universal Motorcycle Training\" \/>\n<meta name=\"robots\" content=\"index, follow, max-snippet:-1, max-image-preview:large, max-video-preview:-1\" \/>\n<link rel=\"canonical\" href=\"https:\/\/universalmct.co.uk\/es\/cursos-e-precos\/das-full-licence\/\" \/>\n<meta property=\"og:locale\" content=\"es_ES\" \/>\n<meta property=\"og:type\" content=\"article\" \/>\n<meta property=\"og:title\" content=\"DAS (Licencia completa de motocicleta)\" \/>\n<meta property=\"og:description\" content=\"DAS &quot;A&quot; Licencia completa de motocicleta en Londres. Acceso directo a cualquier tama\u00f1o y potencia de motocicleta. Entrena y obt\u00e9n tu licencia con nosotros en Universal Motorcycle Training\" \/>\n<meta property=\"og:url\" content=\"https:\/\/universalmct.co.uk\/es\/cursos-e-precos\/das-full-licence\/\" \/>\n<meta property=\"og:site_name\" content=\"Universal Motorcycle Training\u00ae\" \/>\n<meta property=\"article:publisher\" content=\"http:\/\/www.facebook.com\/universalmotorcycletraining\" \/>\n<meta property=\"article:modified_time\" content=\"2025-11-28T19:21:41+00:00\" \/>\n<meta name=\"twitter:card\" content=\"summary_large_image\" \/>\n<meta name=\"twitter:site\" content=\"@universalmct\" \/>\n<meta name=\"twitter:label1\" content=\"Tiempo de lectura\" \/>\n\t<meta name=\"twitter:data1\" content=\"6 minutos\" \/>\n<script type=\"application\/ld+json\" class=\"yoast-schema-graph\">{\"@context\":\"https:\\\/\\\/schema.org\",\"@graph\":[{\"@type\":\"WebPage\",\"@id\":\"https:\\\/\\\/universalmct.co.uk\\\/es\\\/cursos-e-precos\\\/das-full-licence\\\/\",\"url\":\"https:\\\/\\\/universalmct.co.uk\\\/es\\\/cursos-e-precos\\\/das-full-licence\\\/\",\"name\":\"DAS (Licencia completa de motocicleta) - Universal Motorcycle Training\u00ae\",\"isPartOf\":{\"@id\":\"https:\\\/\\\/universalmct.co.uk\\\/es\\\/#website\"},\"datePublished\":\"2014-03-03T17:02:52+00:00\",\"dateModified\":\"2025-11-28T19:21:41+00:00\",\"description\":\"DAS \\\"A\\\" Licencia completa de motocicleta en Londres. Acceso directo a cualquier tama\u00f1o y potencia de motocicleta. Entrena y obt\u00e9n tu licencia con nosotros en Universal Motorcycle Training\",\"breadcrumb\":{\"@id\":\"https:\\\/\\\/universalmct.co.uk\\\/es\\\/cursos-e-precos\\\/das-full-licence\\\/#breadcrumb\"},\"inLanguage\":\"es\",\"potentialAction\":[{\"@type\":\"ReadAction\",\"target\":[\"https:\\\/\\\/universalmct.co.uk\\\/es\\\/cursos-e-precos\\\/das-full-licence\\\/\"]}]},{\"@type\":\"BreadcrumbList\",\"@id\":\"https:\\\/\\\/universalmct.co.uk\\\/es\\\/cursos-e-precos\\\/das-full-licence\\\/#breadcrumb\",\"itemListElement\":[{\"@type\":\"ListItem\",\"position\":1,\"name\":\"Home\",\"item\":\"https:\\\/\\\/universalmct.co.uk\\\/es\\\/\"},{\"@type\":\"ListItem\",\"position\":2,\"name\":\"Cursos y Precios\",\"item\":\"https:\\\/\\\/universalmct.co.uk\\\/es\\\/cursos-e-precos\\\/\"},{\"@type\":\"ListItem\",\"position\":3,\"name\":\"DAS (Licencia completa de motocicleta)\"}]},{\"@type\":\"WebSite\",\"@id\":\"https:\\\/\\\/universalmct.co.uk\\\/es\\\/#website\",\"url\":\"https:\\\/\\\/universalmct.co.uk\\\/es\\\/\",\"name\":\"Universal Motorcycle Training\",\"description\":\"CBT &amp; Motorcycle Training London Courses\",\"publisher\":{\"@id\":\"https:\\\/\\\/universalmct.co.uk\\\/es\\\/#organization\"},\"potentialAction\":[{\"@type\":\"SearchAction\",\"target\":{\"@type\":\"EntryPoint\",\"urlTemplate\":\"https:\\\/\\\/universalmct.co.uk\\\/es\\\/?s={search_term_string}\"},\"query-input\":{\"@type\":\"PropertyValueSpecification\",\"valueRequired\":true,\"valueName\":\"search_term_string\"}}],\"inLanguage\":\"es\"},{\"@type\":\"Organization\",\"@id\":\"https:\\\/\\\/universalmct.co.uk\\\/es\\\/#organization\",\"name\":\"Universal Motorcycle Training\u00ae\",\"url\":\"https:\\\/\\\/universalmct.co.uk\\\/es\\\/\",\"logo\":{\"@type\":\"ImageObject\",\"inLanguage\":\"es\",\"@id\":\"https:\\\/\\\/universalmct.co.uk\\\/es\\\/#\\\/schema\\\/logo\\\/image\\\/\",\"url\":\"https:\\\/\\\/universalmct.co.uk\\\/wp-content\\\/uploads\\\/2014\\\/02\\\/Universal-Motorcycle-Training-Copy-1.jpg\",\"contentUrl\":\"https:\\\/\\\/universalmct.co.uk\\\/wp-content\\\/uploads\\\/2014\\\/02\\\/Universal-Motorcycle-Training-Copy-1.jpg\",\"width\":1000,\"height\":339,\"caption\":\"Universal Motorcycle Training\u00ae\"},\"image\":{\"@id\":\"https:\\\/\\\/universalmct.co.uk\\\/es\\\/#\\\/schema\\\/logo\\\/image\\\/\"},\"sameAs\":[\"http:\\\/\\\/www.facebook.com\\\/universalmotorcycletraining\",\"https:\\\/\\\/x.com\\\/universalmct\",\"https:\\\/\\\/www.instagram.com\\\/universalmct1\",\"https:\\\/\\\/www.linkedin.com\\\/company-beta\\\/6096678\\\/\",\"https:\\\/\\\/www.youtube.com\\\/@UniversalMotorcycleTraining\"],\"email\":\"contact@universalmct.co.uk\",\"numberOfEmployees\":{\"@type\":\"QuantitativeValue\",\"minValue\":\"11\",\"maxValue\":\"50\"}}]}<\/script>\n<!-- \/ Yoast SEO Premium plugin. -->","yoast_head_json":{"title":"DAS (Licencia completa de motocicleta) - Universal Motorcycle Training\u00ae","description":"DAS \"A\" Licencia completa de motocicleta en Londres. Acceso directo a cualquier tama\u00f1o y potencia de motocicleta. Entrena y obt\u00e9n tu licencia con nosotros en Universal Motorcycle Training","robots":{"index":"index","follow":"follow","max-snippet":"max-snippet:-1","max-image-preview":"max-image-preview:large","max-video-preview":"max-video-preview:-1"},"canonical":"https:\/\/universalmct.co.uk\/es\/cursos-e-precos\/das-full-licence\/","og_locale":"es_ES","og_type":"article","og_title":"DAS (Licencia completa de motocicleta)","og_description":"DAS \"A\" Licencia completa de motocicleta en Londres. Acceso directo a cualquier tama\u00f1o y potencia de motocicleta. Entrena y obt\u00e9n tu licencia con nosotros en Universal Motorcycle Training","og_url":"https:\/\/universalmct.co.uk\/es\/cursos-e-precos\/das-full-licence\/","og_site_name":"Universal Motorcycle Training\u00ae","article_publisher":"http:\/\/www.facebook.com\/universalmotorcycletraining","article_modified_time":"2025-11-28T19:21:41+00:00","twitter_card":"summary_large_image","twitter_site":"@universalmct","twitter_misc":{"Tiempo de lectura":"6 minutos"},"schema":{"@context":"https:\/\/schema.org","@graph":[{"@type":"WebPage","@id":"https:\/\/universalmct.co.uk\/es\/cursos-e-precos\/das-full-licence\/","url":"https:\/\/universalmct.co.uk\/es\/cursos-e-precos\/das-full-licence\/","name":"DAS (Licencia completa de motocicleta) - Universal Motorcycle Training\u00ae","isPartOf":{"@id":"https:\/\/universalmct.co.uk\/es\/#website"},"datePublished":"2014-03-03T17:02:52+00:00","dateModified":"2025-11-28T19:21:41+00:00","description":"DAS \"A\" Licencia completa de motocicleta en Londres. Acceso directo a cualquier tama\u00f1o y potencia de motocicleta. Entrena y obt\u00e9n tu licencia con nosotros en Universal Motorcycle Training","breadcrumb":{"@id":"https:\/\/universalmct.co.uk\/es\/cursos-e-precos\/das-full-licence\/#breadcrumb"},"inLanguage":"es","potentialAction":[{"@type":"ReadAction","target":["https:\/\/universalmct.co.uk\/es\/cursos-e-precos\/das-full-licence\/"]}]},{"@type":"BreadcrumbList","@id":"https:\/\/universalmct.co.uk\/es\/cursos-e-precos\/das-full-licence\/#breadcrumb","itemListElement":[{"@type":"ListItem","position":1,"name":"Home","item":"https:\/\/universalmct.co.uk\/es\/"},{"@type":"ListItem","position":2,"name":"Cursos y Precios","item":"https:\/\/universalmct.co.uk\/es\/cursos-e-precos\/"},{"@type":"ListItem","position":3,"name":"DAS (Licencia completa de motocicleta)"}]},{"@type":"WebSite","@id":"https:\/\/universalmct.co.uk\/es\/#website","url":"https:\/\/universalmct.co.uk\/es\/","name":"Universal Motorcycle Training","description":"CBT &amp; Motorcycle Training London Courses","publisher":{"@id":"https:\/\/universalmct.co.uk\/es\/#organization"},"potentialAction":[{"@type":"SearchAction","target":{"@type":"EntryPoint","urlTemplate":"https:\/\/universalmct.co.uk\/es\/?s={search_term_string}"},"query-input":{"@type":"PropertyValueSpecification","valueRequired":true,"valueName":"search_term_string"}}],"inLanguage":"es"},{"@type":"Organization","@id":"https:\/\/universalmct.co.uk\/es\/#organization","name":"Universal Motorcycle Training\u00ae","url":"https:\/\/universalmct.co.uk\/es\/","logo":{"@type":"ImageObject","inLanguage":"es","@id":"https:\/\/universalmct.co.uk\/es\/#\/schema\/logo\/image\/","url":"https:\/\/universalmct.co.uk\/wp-content\/uploads\/2014\/02\/Universal-Motorcycle-Training-Copy-1.jpg","contentUrl":"https:\/\/universalmct.co.uk\/wp-content\/uploads\/2014\/02\/Universal-Motorcycle-Training-Copy-1.jpg","width":1000,"height":339,"caption":"Universal Motorcycle Training\u00ae"},"image":{"@id":"https:\/\/universalmct.co.uk\/es\/#\/schema\/logo\/image\/"},"sameAs":["http:\/\/www.facebook.com\/universalmotorcycletraining","https:\/\/x.com\/universalmct","https:\/\/www.instagram.com\/universalmct1","https:\/\/www.linkedin.com\/company-beta\/6096678\/","https:\/\/www.youtube.com\/@UniversalMotorcycleTraining"],"email":"contact@universalmct.co.uk","numberOfEmployees":{"@type":"QuantitativeValue","minValue":"11","maxValue":"50"}}]}},"_links":{"self":[{"href":"https:\/\/universalmct.co.uk\/es\/wp-json\/wp\/v2\/pages\/2176","targetHints":{"allow":["GET"]}}],"collection":[{"href":"https:\/\/universalmct.co.uk\/es\/wp-json\/wp\/v2\/pages"}],"about":[{"href":"https:\/\/universalmct.co.uk\/es\/wp-json\/wp\/v2\/types\/page"}],"author":[{"embeddable":true,"href":"https:\/\/universalmct.co.uk\/es\/wp-json\/wp\/v2\/users\/1"}],"replies":[{"embeddable":true,"href":"https:\/\/universalmct.co.uk\/es\/wp-json\/wp\/v2\/comments?post=2176"}],"version-history":[{"count":5,"href":"https:\/\/universalmct.co.uk\/es\/wp-json\/wp\/v2\/pages\/2176\/revisions"}],"predecessor-version":[{"id":9768,"href":"https:\/\/universalmct.co.uk\/es\/wp-json\/wp\/v2\/pages\/2176\/revisions\/9768"}],"up":[{"embeddable":true,"href":"https:\/\/universalmct.co.uk\/es\/wp-json\/wp\/v2\/pages\/2155"}],"wp:attachment":[{"href":"https:\/\/universalmct.co.uk\/es\/wp-json\/wp\/v2\/media?parent=2176"}],"curies":[{"name":"wp","href":"https:\/\/api.w.org\/{rel}","templated":true}]}}