{"id":2182,"date":"2014-03-17T13:29:34","date_gmt":"2014-03-17T13:29:34","guid":{"rendered":"https:\/\/universalmct.co.uk\/courses-prices\/gear-conversion\/"},"modified":"2025-10-07T12:21:49","modified_gmt":"2025-10-07T12:21:49","slug":"gear-conversion","status":"publish","type":"page","link":"https:\/\/universalmct.co.uk\/es\/cursos-e-precos\/gear-conversion\/","title":{"rendered":"Conversi\u00f3n de marchas"},"content":{"rendered":"\t\t<div data-elementor-type=\"wp-page\" data-elementor-id=\"2182\" class=\"elementor elementor-2182 elementor-184\" data-elementor-settings=\"{&quot;element_pack_global_tooltip_width&quot;:{&quot;unit&quot;:&quot;px&quot;,&quot;size&quot;:&quot;&quot;,&quot;sizes&quot;:[]},&quot;element_pack_global_tooltip_width_tablet&quot;:{&quot;unit&quot;:&quot;px&quot;,&quot;size&quot;:&quot;&quot;,&quot;sizes&quot;:[]},&quot;element_pack_global_tooltip_width_mobile&quot;:{&quot;unit&quot;:&quot;px&quot;,&quot;size&quot;:&quot;&quot;,&quot;sizes&quot;:[]},&quot;element_pack_global_tooltip_padding&quot;:{&quot;unit&quot;:&quot;px&quot;,&quot;top&quot;:&quot;&quot;,&quot;right&quot;:&quot;&quot;,&quot;bottom&quot;:&quot;&quot;,&quot;left&quot;:&quot;&quot;,&quot;isLinked&quot;:true},&quot;element_pack_global_tooltip_padding_tablet&quot;:{&quot;unit&quot;:&quot;px&quot;,&quot;top&quot;:&quot;&quot;,&quot;right&quot;:&quot;&quot;,&quot;bottom&quot;:&quot;&quot;,&quot;left&quot;:&quot;&quot;,&quot;isLinked&quot;:true},&quot;element_pack_global_tooltip_padding_mobile&quot;:{&quot;unit&quot;:&quot;px&quot;,&quot;top&quot;:&quot;&quot;,&quot;right&quot;:&quot;&quot;,&quot;bottom&quot;:&quot;&quot;,&quot;left&quot;:&quot;&quot;,&quot;isLinked&quot;:true},&quot;element_pack_global_tooltip_border_radius&quot;:{&quot;unit&quot;:&quot;px&quot;,&quot;top&quot;:&quot;&quot;,&quot;right&quot;:&quot;&quot;,&quot;bottom&quot;:&quot;&quot;,&quot;left&quot;:&quot;&quot;,&quot;isLinked&quot;:true},&quot;element_pack_global_tooltip_border_radius_tablet&quot;:{&quot;unit&quot;:&quot;px&quot;,&quot;top&quot;:&quot;&quot;,&quot;right&quot;:&quot;&quot;,&quot;bottom&quot;:&quot;&quot;,&quot;left&quot;:&quot;&quot;,&quot;isLinked&quot;:true},&quot;element_pack_global_tooltip_border_radius_mobile&quot;:{&quot;unit&quot;:&quot;px&quot;,&quot;top&quot;:&quot;&quot;,&quot;right&quot;:&quot;&quot;,&quot;bottom&quot;:&quot;&quot;,&quot;left&quot;:&quot;&quot;,&quot;isLinked&quot;:true}}\">\n\t\t\t\t<div class=\"elementor-element elementor-element-38e107d3 e-flex e-con-boxed e-con e-parent\" data-id=\"38e107d3\" data-element_type=\"container\" data-e-type=\"container\">\n\t\t\t\t\t<div class=\"e-con-inner\">\n\t\t\t\t<div class=\"elementor-element elementor-element-6447cccf elementor-widget elementor-widget-text-editor\" data-id=\"6447cccf\" data-element_type=\"widget\" data-e-type=\"widget\" data-widget_type=\"text-editor.default\">\n\t\t\t\t<div class=\"elementor-widget-container\">\n\t\t\t\t\t\t\t\t\t<h2><strong>Sesiones de conversi\u00f3n de marchas: domina la transici\u00f3n a una motocicleta manual<\/strong><\/h2><p>En Universal Motorcycle Training\u00ae, entendemos que muchos motoristas comienzan su recorrido con motocicletas autom\u00e1ticas. Ya sea que hayas completado tu Entrenamiento B\u00e1sico Obligatorio (CBT) en una moto autom\u00e1tica o ya poseas una licencia completa autom\u00e1tica, pasar a una motocicleta manual (con marchas) representa un nuevo y emocionante desaf\u00edo. Nuestro Curso de Conversi\u00f3n de Marchas est\u00e1 dise\u00f1ado espec\u00edficamente para ayudarte a realizar esta transici\u00f3n de manera segura y con confianza, permiti\u00e9ndote conducir una motocicleta manual de 125 cc con facilidad.<\/p><h3><strong>\u00bfPara qui\u00e9n es el Curso de Conversi\u00f3n de Marchas?<\/strong><\/h3><p>Este curso es ideal para:<\/p><p>1. Motoristas que hayan completado su CBT en una motocicleta autom\u00e1tica pero ahora quieran aprender a conducir una motocicleta manual.<\/p><p>2. Personas que posean una licencia completa de motocicleta autom\u00e1tica pero deseen mejorar sus habilidades para incluir la conducci\u00f3n de motocicletas con marchas.<\/p><p>3. Conductores que inicialmente encontraron dif\u00edcil manejar motos manuales y optaron por realizar su CBT en una autom\u00e1tica, pero que ahora se sienten preparados para asumir el reto de los controles manuales.<\/p><h3><strong>Estructura del curso y lo que aprender\u00e1s<\/strong><\/h3><p>Nuestro Curso de Conversi\u00f3n de Marchas est\u00e1 dise\u00f1ado para desarrollar las habilidades b\u00e1sicas necesarias para el control de una motocicleta manual. Recibir\u00e1s orientaci\u00f3n profesional de nuestros instructores totalmente calificados por la DVSA, quienes se asegurar\u00e1n de que tu formaci\u00f3n se adapte a tus necesidades y capacidades espec\u00edficas.<\/p><h3>El curso normalmente incluye:<\/h3><p><strong>* Control lento y equilibrio:<\/strong> T\u00e9cnicas fundamentales para manejar una moto manual a baja velocidad, incluyendo el control del embrague, los cambios de marcha y la aceleraci\u00f3n suave.<\/p><p><strong>* Entrenamiento en el sitio:<\/strong> Antes de salir a las v\u00edas p\u00fablicas, realizamos ejercicios esenciales fuera de la carretera para familiarizarte con los controles de la moto manual en un entorno seguro y controlado.<\/p><p><strong>* Conducci\u00f3n en carretera:<\/strong> Una vez domines lo b\u00e1sico, avanzar\u00e1s a la conducci\u00f3n en carretera. Uno de nuestros instructores te guiar\u00e1 mediante comunicaci\u00f3n por radio, asegur\u00e1ndose de que te sientas acompa\u00f1ado durante todo tu proceso de aprendizaje.<\/p><p>Cada sesi\u00f3n se realiza de forma individual o en grupos de uno a dos alumnos para garantizar una instrucci\u00f3n y atenci\u00f3n personalizadas.<\/p><h3><strong>Duraci\u00f3n y flexibilidad del curso<\/strong><\/h3><p>Nuestras sesiones de conversi\u00f3n de marchas son flexibles y suelen durar entre 2 y 4 horas, dependiendo de tu progreso individual y experiencia previa. Puedes elegir entre una sesi\u00f3n de 2 horas o de 4 horas seg\u00fan la disponibilidad, y trabajaremos contigo para determinar el mejor enfoque. Mientras que algunos motoristas se sienten c\u00f3modos con sesiones m\u00e1s cortas, otros pueden beneficiarse de una pr\u00e1ctica m\u00e1s prolongada. Nuestra prioridad es garantizar que cumplas con los est\u00e1ndares de seguridad requeridos y te sientas seguro al conducir una moto manual.<\/p><p>Ten en cuenta que los tiempos de aprendizaje var\u00edan seg\u00fan cada persona, y adoptamos un enfoque centrado en el cliente para que progreses a tu propio ritmo. Nunca apresuramos a nuestros alumnos; nuestro objetivo es ofrecer una formaci\u00f3n segura y completa que te proporcione las habilidades necesarias para conducir de manera independiente.<\/p><h3><strong>Qu\u00e9 esperar: una transici\u00f3n fluida desde el CBT<\/strong><\/h3><p>La estructura del Curso de Conversi\u00f3n de Marchas es similar al CBT. Comenzar\u00e1s con ejercicios controlados fuera de la carretera antes de pasar a la conducci\u00f3n en carretera, donde nuestros instructores te guiar\u00e1n mediante comunicaci\u00f3n por radio. El enfoque sigue siendo garantizar que te sientas seguro manejando una moto manual en diversas condiciones de conducci\u00f3n.<\/p><p>Aunque este curso se centra en desarrollar habilidades de conducci\u00f3n manual, no es un programa de aprobado\/suspenso como el examen de licencia completa de motocicleta. En cambio, nuestro objetivo es asegurarnos de que termines el curso con la confianza y la capacidad necesarias para conducir una motocicleta manual de forma segura, ya sea por ocio o como preparaci\u00f3n para tu examen de licencia completa.<\/p><h3><strong>\u00bfPor qu\u00e9 elegir Universal Motorcycle Training?<\/strong><\/h3><p>En Universal Motorcycle Training\u00ae, nos comprometemos a ofrecer una formaci\u00f3n de alta calidad centrada en el alumno, que cumpla con los est\u00e1ndares de seguridad m\u00e1s recientes establecidos por la Driver and Vehicle Standards Agency (DVSA). Nuestros instructores experimentados garantizar\u00e1n que tu formaci\u00f3n sea agradable, informativa y, sobre todo, segura. Cada curso se adapta a tu estilo y ritmo de aprendizaje \u00fanicos, asegurando que te sientas totalmente preparado para salir a la carretera.<\/p><p>Adem\u00e1s, como parte de nuestro compromiso con la seguridad, animamos a todos los motoristas a usar el equipo de protecci\u00f3n personal (EPP) adecuado, incluyendo casco, guantes, chaqueta y botas resistentes, de acuerdo con las normativas de seguridad del Reino Unido establecidas en el C\u00f3digo de Circulaci\u00f3n.<\/p><h3><strong>Prepar\u00e1ndote para tu licencia completa de motocicleta<\/strong><\/h3><p>Muchos motoristas que completan el Curso de Conversi\u00f3n de Marchas lo utilizan como un paso previo para obtener su licencia completa de motocicleta. Una vez que te sientas c\u00f3modo con el manejo de la moto manual, podr\u00e1s avanzar a nuestro entrenamiento del Esquema de Acceso Directo (DAS). El DAS te permite conducir motocicletas de mayor cilindrada y, finalmente, calificar para una licencia de Categor\u00eda A sin restricciones, que te habilita para conducir cualquier tama\u00f1o de moto.<\/p><p>\u00bfListo para dar el siguiente paso en tu viaje como motorista? Reserva hoy tu Curso de Conversi\u00f3n de Marchas y deja que nuestros instructores profesionales te gu\u00eden en el proceso de convertirte en un motorista seguro y seguro de s\u00ed mismo en motocicletas manuales.<\/p><p>Por favor, consulta la <span style=\"color: #0567f9;\"><a href=\"http:\/\/www.universalmct.co.uk\/online-booking\/\" target=\"_blank\" rel=\"noopener noreferrer\"><span style=\"color: #0567f9;\">secci\u00f3n de reservas en l\u00ednea<\/span><\/a><\/span>, en \u201cGear Conversion Course\u201d, si est\u00e1s interesado en reservar este curso. Todas las fechas y horarios disponibles estar\u00e1n all\u00ed; si ninguno se ajusta a ti, env\u00edanos un correo electr\u00f3nico a <a href=\"mailto:contact@universalmct.co.uk\" target=\"_blank\" rel=\"noopener noreferrer\"><span style=\"color: #0567f9;\">contact@universalmct.co.uk<\/span><\/a> con las fechas\/horarios deseados y estaremos encantados de ayudarte a encontrar una fecha adecuada.<\/p>\t\t\t\t\t\t\t\t<\/div>\n\t\t\t\t<\/div>\n\t\t\t\t\t<\/div>\n\t\t\t\t<\/div>\n\t\t\t\t<\/div>\n\t\t","protected":false},"excerpt":{"rendered":"<p>Sesiones de conversi\u00f3n de marchas: domina la transici\u00f3n a una motocicleta manual En Universal Motorcycle Training\u00ae, entendemos que muchos motoristas comienzan su [&hellip;]<\/p>\n","protected":false},"author":1,"featured_media":0,"parent":2155,"menu_order":0,"comment_status":"closed","ping_status":"closed","template":"","meta":{"_exactmetrics_skip_tracking":false,"_exactmetrics_sitenote_active":false,"_exactmetrics_sitenote_note":"","_exactmetrics_sitenote_category":0,"footnotes":""},"class_list":["post-2182","page","type-page","status-publish","hentry"],"yoast_head":"<!-- This site is optimized with the Yoast SEO Premium plugin v27.4 (Yoast SEO v27.4) - https:\/\/yoast.com\/product\/yoast-seo-premium-wordpress\/ -->\n<title>Conversi\u00f3n de marchas - Universal Motorcycle Training\u00ae<\/title>\n<meta name=\"robots\" content=\"index, follow, max-snippet:-1, max-image-preview:large, max-video-preview:-1\" \/>\n<link rel=\"canonical\" href=\"https:\/\/universalmct.co.uk\/es\/cursos-e-precos\/gear-conversion\/\" \/>\n<meta property=\"og:locale\" content=\"es_ES\" \/>\n<meta property=\"og:type\" content=\"article\" \/>\n<meta property=\"og:title\" content=\"Conversi\u00f3n de marchas\" \/>\n<meta property=\"og:description\" content=\"Sesiones de conversi\u00f3n de marchas: domina la transici\u00f3n a una motocicleta manual En Universal Motorcycle Training\u00ae, entendemos que muchos motoristas comienzan su [&hellip;]\" \/>\n<meta property=\"og:url\" content=\"https:\/\/universalmct.co.uk\/es\/cursos-e-precos\/gear-conversion\/\" \/>\n<meta property=\"og:site_name\" content=\"Universal Motorcycle Training\u00ae\" \/>\n<meta property=\"article:publisher\" content=\"http:\/\/www.facebook.com\/universalmotorcycletraining\" \/>\n<meta property=\"article:modified_time\" content=\"2025-10-07T12:21:49+00:00\" \/>\n<meta name=\"twitter:card\" content=\"summary_large_image\" \/>\n<meta name=\"twitter:site\" content=\"@universalmct\" \/>\n<meta name=\"twitter:label1\" content=\"Tiempo de lectura\" \/>\n\t<meta name=\"twitter:data1\" content=\"5 minutos\" \/>\n<script type=\"application\/ld+json\" class=\"yoast-schema-graph\">{\"@context\":\"https:\\\/\\\/schema.org\",\"@graph\":[{\"@type\":\"WebPage\",\"@id\":\"https:\\\/\\\/universalmct.co.uk\\\/es\\\/cursos-e-precos\\\/gear-conversion\\\/\",\"url\":\"https:\\\/\\\/universalmct.co.uk\\\/es\\\/cursos-e-precos\\\/gear-conversion\\\/\",\"name\":\"Conversi\u00f3n de marchas - Universal Motorcycle Training\u00ae\",\"isPartOf\":{\"@id\":\"https:\\\/\\\/universalmct.co.uk\\\/es\\\/#website\"},\"datePublished\":\"2014-03-17T13:29:34+00:00\",\"dateModified\":\"2025-10-07T12:21:49+00:00\",\"breadcrumb\":{\"@id\":\"https:\\\/\\\/universalmct.co.uk\\\/es\\\/cursos-e-precos\\\/gear-conversion\\\/#breadcrumb\"},\"inLanguage\":\"es\",\"potentialAction\":[{\"@type\":\"ReadAction\",\"target\":[\"https:\\\/\\\/universalmct.co.uk\\\/es\\\/cursos-e-precos\\\/gear-conversion\\\/\"]}]},{\"@type\":\"BreadcrumbList\",\"@id\":\"https:\\\/\\\/universalmct.co.uk\\\/es\\\/cursos-e-precos\\\/gear-conversion\\\/#breadcrumb\",\"itemListElement\":[{\"@type\":\"ListItem\",\"position\":1,\"name\":\"Home\",\"item\":\"https:\\\/\\\/universalmct.co.uk\\\/es\\\/\"},{\"@type\":\"ListItem\",\"position\":2,\"name\":\"Cursos y Precios\",\"item\":\"https:\\\/\\\/universalmct.co.uk\\\/es\\\/cursos-e-precos\\\/\"},{\"@type\":\"ListItem\",\"position\":3,\"name\":\"Conversi\u00f3n de marchas\"}]},{\"@type\":\"WebSite\",\"@id\":\"https:\\\/\\\/universalmct.co.uk\\\/es\\\/#website\",\"url\":\"https:\\\/\\\/universalmct.co.uk\\\/es\\\/\",\"name\":\"Universal Motorcycle Training\",\"description\":\"CBT &amp; Motorcycle Training London Courses\",\"publisher\":{\"@id\":\"https:\\\/\\\/universalmct.co.uk\\\/es\\\/#organization\"},\"potentialAction\":[{\"@type\":\"SearchAction\",\"target\":{\"@type\":\"EntryPoint\",\"urlTemplate\":\"https:\\\/\\\/universalmct.co.uk\\\/es\\\/?s={search_term_string}\"},\"query-input\":{\"@type\":\"PropertyValueSpecification\",\"valueRequired\":true,\"valueName\":\"search_term_string\"}}],\"inLanguage\":\"es\"},{\"@type\":\"Organization\",\"@id\":\"https:\\\/\\\/universalmct.co.uk\\\/es\\\/#organization\",\"name\":\"Universal Motorcycle Training\u00ae\",\"url\":\"https:\\\/\\\/universalmct.co.uk\\\/es\\\/\",\"logo\":{\"@type\":\"ImageObject\",\"inLanguage\":\"es\",\"@id\":\"https:\\\/\\\/universalmct.co.uk\\\/es\\\/#\\\/schema\\\/logo\\\/image\\\/\",\"url\":\"https:\\\/\\\/universalmct.co.uk\\\/wp-content\\\/uploads\\\/2014\\\/02\\\/Universal-Motorcycle-Training-Copy-1.jpg\",\"contentUrl\":\"https:\\\/\\\/universalmct.co.uk\\\/wp-content\\\/uploads\\\/2014\\\/02\\\/Universal-Motorcycle-Training-Copy-1.jpg\",\"width\":1000,\"height\":339,\"caption\":\"Universal Motorcycle Training\u00ae\"},\"image\":{\"@id\":\"https:\\\/\\\/universalmct.co.uk\\\/es\\\/#\\\/schema\\\/logo\\\/image\\\/\"},\"sameAs\":[\"http:\\\/\\\/www.facebook.com\\\/universalmotorcycletraining\",\"https:\\\/\\\/x.com\\\/universalmct\",\"https:\\\/\\\/www.instagram.com\\\/universalmct1\",\"https:\\\/\\\/www.linkedin.com\\\/company-beta\\\/6096678\\\/\",\"https:\\\/\\\/www.youtube.com\\\/@UniversalMotorcycleTraining\"],\"email\":\"contact@universalmct.co.uk\",\"numberOfEmployees\":{\"@type\":\"QuantitativeValue\",\"minValue\":\"11\",\"maxValue\":\"50\"}}]}<\/script>\n<!-- \/ Yoast SEO Premium plugin. -->","yoast_head_json":{"title":"Conversi\u00f3n de marchas - Universal Motorcycle Training\u00ae","robots":{"index":"index","follow":"follow","max-snippet":"max-snippet:-1","max-image-preview":"max-image-preview:large","max-video-preview":"max-video-preview:-1"},"canonical":"https:\/\/universalmct.co.uk\/es\/cursos-e-precos\/gear-conversion\/","og_locale":"es_ES","og_type":"article","og_title":"Conversi\u00f3n de marchas","og_description":"Sesiones de conversi\u00f3n de marchas: domina la transici\u00f3n a una motocicleta manual En Universal Motorcycle Training\u00ae, entendemos que muchos motoristas comienzan su [&hellip;]","og_url":"https:\/\/universalmct.co.uk\/es\/cursos-e-precos\/gear-conversion\/","og_site_name":"Universal Motorcycle Training\u00ae","article_publisher":"http:\/\/www.facebook.com\/universalmotorcycletraining","article_modified_time":"2025-10-07T12:21:49+00:00","twitter_card":"summary_large_image","twitter_site":"@universalmct","twitter_misc":{"Tiempo de lectura":"5 minutos"},"schema":{"@context":"https:\/\/schema.org","@graph":[{"@type":"WebPage","@id":"https:\/\/universalmct.co.uk\/es\/cursos-e-precos\/gear-conversion\/","url":"https:\/\/universalmct.co.uk\/es\/cursos-e-precos\/gear-conversion\/","name":"Conversi\u00f3n de marchas - Universal Motorcycle Training\u00ae","isPartOf":{"@id":"https:\/\/universalmct.co.uk\/es\/#website"},"datePublished":"2014-03-17T13:29:34+00:00","dateModified":"2025-10-07T12:21:49+00:00","breadcrumb":{"@id":"https:\/\/universalmct.co.uk\/es\/cursos-e-precos\/gear-conversion\/#breadcrumb"},"inLanguage":"es","potentialAction":[{"@type":"ReadAction","target":["https:\/\/universalmct.co.uk\/es\/cursos-e-precos\/gear-conversion\/"]}]},{"@type":"BreadcrumbList","@id":"https:\/\/universalmct.co.uk\/es\/cursos-e-precos\/gear-conversion\/#breadcrumb","itemListElement":[{"@type":"ListItem","position":1,"name":"Home","item":"https:\/\/universalmct.co.uk\/es\/"},{"@type":"ListItem","position":2,"name":"Cursos y Precios","item":"https:\/\/universalmct.co.uk\/es\/cursos-e-precos\/"},{"@type":"ListItem","position":3,"name":"Conversi\u00f3n de marchas"}]},{"@type":"WebSite","@id":"https:\/\/universalmct.co.uk\/es\/#website","url":"https:\/\/universalmct.co.uk\/es\/","name":"Universal Motorcycle Training","description":"CBT &amp; Motorcycle Training London Courses","publisher":{"@id":"https:\/\/universalmct.co.uk\/es\/#organization"},"potentialAction":[{"@type":"SearchAction","target":{"@type":"EntryPoint","urlTemplate":"https:\/\/universalmct.co.uk\/es\/?s={search_term_string}"},"query-input":{"@type":"PropertyValueSpecification","valueRequired":true,"valueName":"search_term_string"}}],"inLanguage":"es"},{"@type":"Organization","@id":"https:\/\/universalmct.co.uk\/es\/#organization","name":"Universal Motorcycle Training\u00ae","url":"https:\/\/universalmct.co.uk\/es\/","logo":{"@type":"ImageObject","inLanguage":"es","@id":"https:\/\/universalmct.co.uk\/es\/#\/schema\/logo\/image\/","url":"https:\/\/universalmct.co.uk\/wp-content\/uploads\/2014\/02\/Universal-Motorcycle-Training-Copy-1.jpg","contentUrl":"https:\/\/universalmct.co.uk\/wp-content\/uploads\/2014\/02\/Universal-Motorcycle-Training-Copy-1.jpg","width":1000,"height":339,"caption":"Universal Motorcycle Training\u00ae"},"image":{"@id":"https:\/\/universalmct.co.uk\/es\/#\/schema\/logo\/image\/"},"sameAs":["http:\/\/www.facebook.com\/universalmotorcycletraining","https:\/\/x.com\/universalmct","https:\/\/www.instagram.com\/universalmct1","https:\/\/www.linkedin.com\/company-beta\/6096678\/","https:\/\/www.youtube.com\/@UniversalMotorcycleTraining"],"email":"contact@universalmct.co.uk","numberOfEmployees":{"@type":"QuantitativeValue","minValue":"11","maxValue":"50"}}]}},"_links":{"self":[{"href":"https:\/\/universalmct.co.uk\/es\/wp-json\/wp\/v2\/pages\/2182","targetHints":{"allow":["GET"]}}],"collection":[{"href":"https:\/\/universalmct.co.uk\/es\/wp-json\/wp\/v2\/pages"}],"about":[{"href":"https:\/\/universalmct.co.uk\/es\/wp-json\/wp\/v2\/types\/page"}],"author":[{"embeddable":true,"href":"https:\/\/universalmct.co.uk\/es\/wp-json\/wp\/v2\/users\/1"}],"replies":[{"embeddable":true,"href":"https:\/\/universalmct.co.uk\/es\/wp-json\/wp\/v2\/comments?post=2182"}],"version-history":[{"count":3,"href":"https:\/\/universalmct.co.uk\/es\/wp-json\/wp\/v2\/pages\/2182\/revisions"}],"predecessor-version":[{"id":6494,"href":"https:\/\/universalmct.co.uk\/es\/wp-json\/wp\/v2\/pages\/2182\/revisions\/6494"}],"up":[{"embeddable":true,"href":"https:\/\/universalmct.co.uk\/es\/wp-json\/wp\/v2\/pages\/2155"}],"wp:attachment":[{"href":"https:\/\/universalmct.co.uk\/es\/wp-json\/wp\/v2\/media?parent=2182"}],"curies":[{"name":"wp","href":"https:\/\/api.w.org\/{rel}","templated":true}]}}