{"id":2198,"date":"2014-03-03T17:02:18","date_gmt":"2014-03-03T17:02:18","guid":{"rendered":"https:\/\/universalmct.co.uk\/courses-prices\/beginners-course\/"},"modified":"2025-10-07T12:23:01","modified_gmt":"2025-10-07T12:23:01","slug":"curso-de-iniciante","status":"publish","type":"page","link":"https:\/\/universalmct.co.uk\/es\/cursos-e-precos\/curso-de-iniciante\/","title":{"rendered":"Curso para principiantes"},"content":{"rendered":"\t\t<div data-elementor-type=\"wp-page\" data-elementor-id=\"2198\" class=\"elementor elementor-2198 elementor-77\" data-elementor-settings=\"{&quot;element_pack_global_tooltip_width&quot;:{&quot;unit&quot;:&quot;px&quot;,&quot;size&quot;:&quot;&quot;,&quot;sizes&quot;:[]},&quot;element_pack_global_tooltip_width_tablet&quot;:{&quot;unit&quot;:&quot;px&quot;,&quot;size&quot;:&quot;&quot;,&quot;sizes&quot;:[]},&quot;element_pack_global_tooltip_width_mobile&quot;:{&quot;unit&quot;:&quot;px&quot;,&quot;size&quot;:&quot;&quot;,&quot;sizes&quot;:[]},&quot;element_pack_global_tooltip_padding&quot;:{&quot;unit&quot;:&quot;px&quot;,&quot;top&quot;:&quot;&quot;,&quot;right&quot;:&quot;&quot;,&quot;bottom&quot;:&quot;&quot;,&quot;left&quot;:&quot;&quot;,&quot;isLinked&quot;:true},&quot;element_pack_global_tooltip_padding_tablet&quot;:{&quot;unit&quot;:&quot;px&quot;,&quot;top&quot;:&quot;&quot;,&quot;right&quot;:&quot;&quot;,&quot;bottom&quot;:&quot;&quot;,&quot;left&quot;:&quot;&quot;,&quot;isLinked&quot;:true},&quot;element_pack_global_tooltip_padding_mobile&quot;:{&quot;unit&quot;:&quot;px&quot;,&quot;top&quot;:&quot;&quot;,&quot;right&quot;:&quot;&quot;,&quot;bottom&quot;:&quot;&quot;,&quot;left&quot;:&quot;&quot;,&quot;isLinked&quot;:true},&quot;element_pack_global_tooltip_border_radius&quot;:{&quot;unit&quot;:&quot;px&quot;,&quot;top&quot;:&quot;&quot;,&quot;right&quot;:&quot;&quot;,&quot;bottom&quot;:&quot;&quot;,&quot;left&quot;:&quot;&quot;,&quot;isLinked&quot;:true},&quot;element_pack_global_tooltip_border_radius_tablet&quot;:{&quot;unit&quot;:&quot;px&quot;,&quot;top&quot;:&quot;&quot;,&quot;right&quot;:&quot;&quot;,&quot;bottom&quot;:&quot;&quot;,&quot;left&quot;:&quot;&quot;,&quot;isLinked&quot;:true},&quot;element_pack_global_tooltip_border_radius_mobile&quot;:{&quot;unit&quot;:&quot;px&quot;,&quot;top&quot;:&quot;&quot;,&quot;right&quot;:&quot;&quot;,&quot;bottom&quot;:&quot;&quot;,&quot;left&quot;:&quot;&quot;,&quot;isLinked&quot;:true}}\">\n\t\t\t\t<div class=\"elementor-element elementor-element-319f4eba e-flex e-con-boxed e-con e-parent\" data-id=\"319f4eba\" data-element_type=\"container\" data-e-type=\"container\">\n\t\t\t\t\t<div class=\"e-con-inner\">\n\t\t\t\t<div class=\"elementor-element elementor-element-55720e48 bdt-backdrop-filter-yes elementor-widget elementor-widget-text-editor\" data-id=\"55720e48\" data-element_type=\"widget\" data-e-type=\"widget\" data-widget_type=\"text-editor.default\">\n\t\t\t\t<div class=\"elementor-widget-container\">\n\t\t\t\t\t\t\t\t\t<h3><strong>Curso para principiantes &#8211; Introducci\u00f3n al motociclismo (ITM)<\/strong><\/h3><p>Nuestro Curso para Principiantes, com\u00fanmente conocido como \u201cIntroducci\u00f3n al Motociclismo\u201d (ITM), est\u00e1 dise\u00f1ado espec\u00edficamente para aquellos que tienen poca o ninguna experiencia previa conduciendo una motocicleta, scooter o ciclomotor. Si a\u00fan no est\u00e1s listo para pasar directamente al Entrenamiento B\u00e1sico Obligatorio (CBT), este curso ofrece una introducci\u00f3n perfecta al mundo del motociclismo.<\/p><p>En Universal Motorcycle Training\u00ae, entendemos que cada alumno es \u00fanico. Por eso, nuestro Curso para Principiantes se adapta a tus necesidades individuales, asegurando que construyas una base s\u00f3lida de habilidades a tu propio ritmo. Tanto si nunca has estado en una motocicleta como si deseas familiarizarte con las t\u00e9cnicas de conducci\u00f3n antes de realizar el CBT, este curso te ofrece un enfoque estructurado y de apoyo para aprender.<\/p><h3><strong>\u00bfPor qu\u00e9 elegir nuestro curso para principiantes?<\/strong><\/h3><p>El Curso para Principiantes se imparte con una proporci\u00f3n ideal entre instructor y alumno para maximizar la atenci\u00f3n y el apoyo personalizados. Te beneficiar\u00e1s de clases individuales o, como m\u00e1ximo, una proporci\u00f3n de dos alumnos por instructor calificado por la DVSA, garantizando orientaci\u00f3n adaptada en todo momento. Este enfoque personalizado no solo ayuda a aumentar tu confianza, sino que tambi\u00e9n asegura que adquieras las habilidades esenciales en un entorno seguro y controlado.<\/p><h3><strong>Informaci\u00f3n importante para nuevos conductores<\/strong><\/h3><p>Es importante establecer las expectativas correctas desde el principio. Si eres un principiante absoluto, es poco probable que completes tu CBT en un solo d\u00eda. El Entrenamiento B\u00e1sico Obligatorio (CBT) de la DVSA, tal como se describe en las Regulaciones de Licencias de Conducci\u00f3n de Veh\u00edculos Motorizados, requiere un cierto nivel de competencia antes de que puedas conducir legalmente sin acompa\u00f1amiento en las carreteras del Reino Unido. Por lo tanto, recomendamos encarecidamente comenzar con el Curso para Principiantes o reservar clases privadas de motociclismo antes de tu CBT. Esto te permitir\u00e1 comprender mejor qu\u00e9 esperar y nos dar\u00e1 la oportunidad de evaluar tu nivel actual y ofrecerte asesoramiento personalizado sobre tu progreso.<\/p><h3><strong>Requisitos legales y recomendaciones<\/strong><\/h3><p>Seg\u00fan la ley del Reino Unido, cualquier persona que desee conducir una motocicleta o scooter en v\u00edas p\u00fablicas debe completar primero el CBT. Esto incluye a todos los nuevos conductores, independientemente de su experiencia. El CBT consta de cinco elementos que cubren desde las comprobaciones previas al viaje y las maniobras b\u00e1sicas hasta la conducci\u00f3n en carretera. Solo cuando todos los elementos se completen satisfactoriamente se emitir\u00e1 un certificado (DL196), que te permitir\u00e1 conducir legalmente en carreteras p\u00fablicas con placas L. Sin embargo, si no completas con \u00e9xito tu CBT en el primer intento, puede ser necesario recibir formaci\u00f3n adicional.<\/p><p>Nuestro Curso para Principiantes tiene como objetivo darte una ventaja inicial centr\u00e1ndose en habilidades fundamentales como:<\/p><ul><li>Controles y manejo b\u00e1sicos de la motocicleta<\/li><li>Maniobras a baja velocidad<\/li><li>Desarrollo del equilibrio y la coordinaci\u00f3n<\/li><li>Comprensi\u00f3n del equipo de seguridad y su importancia<\/li><\/ul><p>Al introducirte gradualmente en el mundo del motociclismo con instrucci\u00f3n dedicada, estar\u00e1s mejor preparado para afrontar los desaf\u00edos del CBT y disfrutar de una experiencia de conducci\u00f3n m\u00e1s segura y con mayor confianza.<\/p><h3><strong>Prepar\u00e1ndote para tu primera sesi\u00f3n<\/strong><\/h3><p>Antes de asistir a tu sesi\u00f3n, aseg\u00farate de traer el equipo de protecci\u00f3n personal (PPE) adecuado. Seg\u00fan las directrices de la DVSA y el C\u00f3digo de Circulaci\u00f3n, esto incluye:<\/p><ul><li>Un casco de motocicleta certificado (si no tienes uno, podemos proporcionarte uno durante la sesi\u00f3n)<\/li><li>Botas resistentes y ropa protectora (preferiblemente espec\u00edfica para motocicletas)<\/li><li>Guantes dise\u00f1ados para conducir (si no tienes guantes de motocicleta, podemos proporcionarte unos durante la sesi\u00f3n)<\/li><\/ul><h3><strong>\u00bfListo para comenzar?<\/strong><\/h3><p>Ya sea que empieces desde cero o busques mejorar tus habilidades antes del CBT, nuestro Curso para Principiantes te pondr\u00e1 en el camino correcto. Reserva tu sesi\u00f3n hoy y da el primer paso para convertirte en un conductor seguro y competente. En Universal Motorcycle Training\u00ae, estamos aqu\u00ed para apoyarte en cada paso del camino.<\/p><h3><strong>*** POR FAVOR LEE:<\/strong><\/h3><p>Si eres un completo principiante o novato en lo que respecta a conducir una motocicleta o scooter y tu EXPECTATIVA es completar tu Entrenamiento B\u00e1sico Obligatorio (CBT) en un d\u00eda, te recomendamos encarecidamente que comiences con un Curso para Principiantes (conocido com\u00fanmente como ITM &#8211; Introducci\u00f3n al Motociclismo) o al menos 1-2 horas de clases privadas de motociclismo antes de tu CBT. Al hacerlo, tendr\u00e1s una mejor idea de qu\u00e9 esperar y tambi\u00e9n nos permitir\u00e1s evaluar tus habilidades para poder aconsejarte c\u00f3mo proceder.<\/p><p>Por favor, consulta nuestra <span style=\"color: #0567f9;\"><a href=\"http:\/\/www.universalmct.co.uk\/online-booking\/\" target=\"_blank\" rel=\"noopener noreferrer\"><span style=\"color: #0567f9;\">Secci\u00f3n de Reservas Online<\/span><\/a><\/span>, en \u201cITM \u2013 Introducci\u00f3n al Motociclismo\u201d si est\u00e1s interesado en reservar este curso. Todas las fechas disponibles estar\u00e1n all\u00ed; si ninguna te conviene, env\u00edanos un correo electr\u00f3nico a <span style=\"color: #0567f9;\"><a href=\"mailto:contact@universalmct.co.uk\" target=\"_blank\" rel=\"noopener noreferrer\"><span style=\"color: #0567f9;\">contact@universalmct.co.uk<\/span><\/a><\/span> con las fechas deseadas y estaremos encantados de ayudarte a encontrar una fecha adecuada.<\/p>\t\t\t\t\t\t\t\t<\/div>\n\t\t\t\t<\/div>\n\t\t\t\t\t<\/div>\n\t\t\t\t<\/div>\n\t\t\t\t<\/div>\n\t\t","protected":false},"excerpt":{"rendered":"<p>Curso para principiantes &#8211; Introducci\u00f3n al motociclismo (ITM) Nuestro Curso para Principiantes, com\u00fanmente conocido como \u201cIntroducci\u00f3n al Motociclismo\u201d (ITM), est\u00e1 dise\u00f1ado espec\u00edficamente [&hellip;]<\/p>\n","protected":false},"author":1,"featured_media":0,"parent":2155,"menu_order":0,"comment_status":"closed","ping_status":"closed","template":"","meta":{"_exactmetrics_skip_tracking":false,"_exactmetrics_sitenote_active":false,"_exactmetrics_sitenote_note":"","_exactmetrics_sitenote_category":0,"footnotes":""},"class_list":["post-2198","page","type-page","status-publish","hentry"],"yoast_head":"<!-- This site is optimized with the Yoast SEO Premium plugin v27.4 (Yoast SEO v27.4) - https:\/\/yoast.com\/product\/yoast-seo-premium-wordpress\/ -->\n<title>Curso para principiantes - Universal Motorcycle Training\u00ae<\/title>\n<meta name=\"robots\" content=\"index, follow, max-snippet:-1, max-image-preview:large, max-video-preview:-1\" \/>\n<link rel=\"canonical\" href=\"https:\/\/universalmct.co.uk\/es\/cursos-e-precos\/curso-de-iniciante\/\" \/>\n<meta property=\"og:locale\" content=\"es_ES\" \/>\n<meta property=\"og:type\" content=\"article\" \/>\n<meta property=\"og:title\" content=\"Curso para principiantes\" \/>\n<meta property=\"og:description\" content=\"Curso para principiantes &#8211; Introducci\u00f3n al motociclismo (ITM) Nuestro Curso para Principiantes, com\u00fanmente conocido como \u201cIntroducci\u00f3n al Motociclismo\u201d (ITM), est\u00e1 dise\u00f1ado espec\u00edficamente [&hellip;]\" \/>\n<meta property=\"og:url\" content=\"https:\/\/universalmct.co.uk\/es\/cursos-e-precos\/curso-de-iniciante\/\" \/>\n<meta property=\"og:site_name\" content=\"Universal Motorcycle Training\u00ae\" \/>\n<meta property=\"article:publisher\" content=\"http:\/\/www.facebook.com\/universalmotorcycletraining\" \/>\n<meta property=\"article:modified_time\" content=\"2025-10-07T12:23:01+00:00\" \/>\n<meta name=\"twitter:card\" content=\"summary_large_image\" \/>\n<meta name=\"twitter:site\" content=\"@universalmct\" \/>\n<meta name=\"twitter:label1\" content=\"Tiempo de lectura\" \/>\n\t<meta name=\"twitter:data1\" content=\"2 minutos\" \/>\n<script type=\"application\/ld+json\" class=\"yoast-schema-graph\">{\"@context\":\"https:\\\/\\\/schema.org\",\"@graph\":[{\"@type\":\"WebPage\",\"@id\":\"https:\\\/\\\/universalmct.co.uk\\\/es\\\/cursos-e-precos\\\/curso-de-iniciante\\\/\",\"url\":\"https:\\\/\\\/universalmct.co.uk\\\/es\\\/cursos-e-precos\\\/curso-de-iniciante\\\/\",\"name\":\"Curso para principiantes - Universal Motorcycle Training\u00ae\",\"isPartOf\":{\"@id\":\"https:\\\/\\\/universalmct.co.uk\\\/es\\\/#website\"},\"datePublished\":\"2014-03-03T17:02:18+00:00\",\"dateModified\":\"2025-10-07T12:23:01+00:00\",\"breadcrumb\":{\"@id\":\"https:\\\/\\\/universalmct.co.uk\\\/es\\\/cursos-e-precos\\\/curso-de-iniciante\\\/#breadcrumb\"},\"inLanguage\":\"es\",\"potentialAction\":[{\"@type\":\"ReadAction\",\"target\":[\"https:\\\/\\\/universalmct.co.uk\\\/es\\\/cursos-e-precos\\\/curso-de-iniciante\\\/\"]}]},{\"@type\":\"BreadcrumbList\",\"@id\":\"https:\\\/\\\/universalmct.co.uk\\\/es\\\/cursos-e-precos\\\/curso-de-iniciante\\\/#breadcrumb\",\"itemListElement\":[{\"@type\":\"ListItem\",\"position\":1,\"name\":\"Home\",\"item\":\"https:\\\/\\\/universalmct.co.uk\\\/es\\\/\"},{\"@type\":\"ListItem\",\"position\":2,\"name\":\"Cursos y Precios\",\"item\":\"https:\\\/\\\/universalmct.co.uk\\\/es\\\/cursos-e-precos\\\/\"},{\"@type\":\"ListItem\",\"position\":3,\"name\":\"Curso para principiantes\"}]},{\"@type\":\"WebSite\",\"@id\":\"https:\\\/\\\/universalmct.co.uk\\\/es\\\/#website\",\"url\":\"https:\\\/\\\/universalmct.co.uk\\\/es\\\/\",\"name\":\"Universal Motorcycle Training\",\"description\":\"CBT &amp; Motorcycle Training London Courses\",\"publisher\":{\"@id\":\"https:\\\/\\\/universalmct.co.uk\\\/es\\\/#organization\"},\"potentialAction\":[{\"@type\":\"SearchAction\",\"target\":{\"@type\":\"EntryPoint\",\"urlTemplate\":\"https:\\\/\\\/universalmct.co.uk\\\/es\\\/?s={search_term_string}\"},\"query-input\":{\"@type\":\"PropertyValueSpecification\",\"valueRequired\":true,\"valueName\":\"search_term_string\"}}],\"inLanguage\":\"es\"},{\"@type\":\"Organization\",\"@id\":\"https:\\\/\\\/universalmct.co.uk\\\/es\\\/#organization\",\"name\":\"Universal Motorcycle Training\u00ae\",\"url\":\"https:\\\/\\\/universalmct.co.uk\\\/es\\\/\",\"logo\":{\"@type\":\"ImageObject\",\"inLanguage\":\"es\",\"@id\":\"https:\\\/\\\/universalmct.co.uk\\\/es\\\/#\\\/schema\\\/logo\\\/image\\\/\",\"url\":\"https:\\\/\\\/universalmct.co.uk\\\/wp-content\\\/uploads\\\/2014\\\/02\\\/Universal-Motorcycle-Training-Copy-1.jpg\",\"contentUrl\":\"https:\\\/\\\/universalmct.co.uk\\\/wp-content\\\/uploads\\\/2014\\\/02\\\/Universal-Motorcycle-Training-Copy-1.jpg\",\"width\":1000,\"height\":339,\"caption\":\"Universal Motorcycle Training\u00ae\"},\"image\":{\"@id\":\"https:\\\/\\\/universalmct.co.uk\\\/es\\\/#\\\/schema\\\/logo\\\/image\\\/\"},\"sameAs\":[\"http:\\\/\\\/www.facebook.com\\\/universalmotorcycletraining\",\"https:\\\/\\\/x.com\\\/universalmct\",\"https:\\\/\\\/www.instagram.com\\\/universalmct1\",\"https:\\\/\\\/www.linkedin.com\\\/company-beta\\\/6096678\\\/\",\"https:\\\/\\\/www.youtube.com\\\/@UniversalMotorcycleTraining\"],\"email\":\"contact@universalmct.co.uk\",\"numberOfEmployees\":{\"@type\":\"QuantitativeValue\",\"minValue\":\"11\",\"maxValue\":\"50\"}}]}<\/script>\n<!-- \/ Yoast SEO Premium plugin. -->","yoast_head_json":{"title":"Curso para principiantes - Universal Motorcycle Training\u00ae","robots":{"index":"index","follow":"follow","max-snippet":"max-snippet:-1","max-image-preview":"max-image-preview:large","max-video-preview":"max-video-preview:-1"},"canonical":"https:\/\/universalmct.co.uk\/es\/cursos-e-precos\/curso-de-iniciante\/","og_locale":"es_ES","og_type":"article","og_title":"Curso para principiantes","og_description":"Curso para principiantes &#8211; Introducci\u00f3n al motociclismo (ITM) Nuestro Curso para Principiantes, com\u00fanmente conocido como \u201cIntroducci\u00f3n al Motociclismo\u201d (ITM), est\u00e1 dise\u00f1ado espec\u00edficamente [&hellip;]","og_url":"https:\/\/universalmct.co.uk\/es\/cursos-e-precos\/curso-de-iniciante\/","og_site_name":"Universal Motorcycle Training\u00ae","article_publisher":"http:\/\/www.facebook.com\/universalmotorcycletraining","article_modified_time":"2025-10-07T12:23:01+00:00","twitter_card":"summary_large_image","twitter_site":"@universalmct","twitter_misc":{"Tiempo de lectura":"2 minutos"},"schema":{"@context":"https:\/\/schema.org","@graph":[{"@type":"WebPage","@id":"https:\/\/universalmct.co.uk\/es\/cursos-e-precos\/curso-de-iniciante\/","url":"https:\/\/universalmct.co.uk\/es\/cursos-e-precos\/curso-de-iniciante\/","name":"Curso para principiantes - Universal Motorcycle Training\u00ae","isPartOf":{"@id":"https:\/\/universalmct.co.uk\/es\/#website"},"datePublished":"2014-03-03T17:02:18+00:00","dateModified":"2025-10-07T12:23:01+00:00","breadcrumb":{"@id":"https:\/\/universalmct.co.uk\/es\/cursos-e-precos\/curso-de-iniciante\/#breadcrumb"},"inLanguage":"es","potentialAction":[{"@type":"ReadAction","target":["https:\/\/universalmct.co.uk\/es\/cursos-e-precos\/curso-de-iniciante\/"]}]},{"@type":"BreadcrumbList","@id":"https:\/\/universalmct.co.uk\/es\/cursos-e-precos\/curso-de-iniciante\/#breadcrumb","itemListElement":[{"@type":"ListItem","position":1,"name":"Home","item":"https:\/\/universalmct.co.uk\/es\/"},{"@type":"ListItem","position":2,"name":"Cursos y Precios","item":"https:\/\/universalmct.co.uk\/es\/cursos-e-precos\/"},{"@type":"ListItem","position":3,"name":"Curso para principiantes"}]},{"@type":"WebSite","@id":"https:\/\/universalmct.co.uk\/es\/#website","url":"https:\/\/universalmct.co.uk\/es\/","name":"Universal Motorcycle Training","description":"CBT &amp; Motorcycle Training London Courses","publisher":{"@id":"https:\/\/universalmct.co.uk\/es\/#organization"},"potentialAction":[{"@type":"SearchAction","target":{"@type":"EntryPoint","urlTemplate":"https:\/\/universalmct.co.uk\/es\/?s={search_term_string}"},"query-input":{"@type":"PropertyValueSpecification","valueRequired":true,"valueName":"search_term_string"}}],"inLanguage":"es"},{"@type":"Organization","@id":"https:\/\/universalmct.co.uk\/es\/#organization","name":"Universal Motorcycle Training\u00ae","url":"https:\/\/universalmct.co.uk\/es\/","logo":{"@type":"ImageObject","inLanguage":"es","@id":"https:\/\/universalmct.co.uk\/es\/#\/schema\/logo\/image\/","url":"https:\/\/universalmct.co.uk\/wp-content\/uploads\/2014\/02\/Universal-Motorcycle-Training-Copy-1.jpg","contentUrl":"https:\/\/universalmct.co.uk\/wp-content\/uploads\/2014\/02\/Universal-Motorcycle-Training-Copy-1.jpg","width":1000,"height":339,"caption":"Universal Motorcycle Training\u00ae"},"image":{"@id":"https:\/\/universalmct.co.uk\/es\/#\/schema\/logo\/image\/"},"sameAs":["http:\/\/www.facebook.com\/universalmotorcycletraining","https:\/\/x.com\/universalmct","https:\/\/www.instagram.com\/universalmct1","https:\/\/www.linkedin.com\/company-beta\/6096678\/","https:\/\/www.youtube.com\/@UniversalMotorcycleTraining"],"email":"contact@universalmct.co.uk","numberOfEmployees":{"@type":"QuantitativeValue","minValue":"11","maxValue":"50"}}]}},"_links":{"self":[{"href":"https:\/\/universalmct.co.uk\/es\/wp-json\/wp\/v2\/pages\/2198","targetHints":{"allow":["GET"]}}],"collection":[{"href":"https:\/\/universalmct.co.uk\/es\/wp-json\/wp\/v2\/pages"}],"about":[{"href":"https:\/\/universalmct.co.uk\/es\/wp-json\/wp\/v2\/types\/page"}],"author":[{"embeddable":true,"href":"https:\/\/universalmct.co.uk\/es\/wp-json\/wp\/v2\/users\/1"}],"replies":[{"embeddable":true,"href":"https:\/\/universalmct.co.uk\/es\/wp-json\/wp\/v2\/comments?post=2198"}],"version-history":[{"count":3,"href":"https:\/\/universalmct.co.uk\/es\/wp-json\/wp\/v2\/pages\/2198\/revisions"}],"predecessor-version":[{"id":6502,"href":"https:\/\/universalmct.co.uk\/es\/wp-json\/wp\/v2\/pages\/2198\/revisions\/6502"}],"up":[{"embeddable":true,"href":"https:\/\/universalmct.co.uk\/es\/wp-json\/wp\/v2\/pages\/2155"}],"wp:attachment":[{"href":"https:\/\/universalmct.co.uk\/es\/wp-json\/wp\/v2\/media?parent=2198"}],"curies":[{"name":"wp","href":"https:\/\/api.w.org\/{rel}","templated":true}]}}