{"id":6021,"date":"2025-10-03T14:51:31","date_gmt":"2025-10-03T14:51:31","guid":{"rendered":"https:\/\/universalmct.co.uk\/politica-de-cookies\/"},"modified":"2025-10-03T14:51:34","modified_gmt":"2025-10-03T14:51:34","slug":"politica-de-cookies","status":"publish","type":"page","link":"https:\/\/universalmct.co.uk\/es\/politica-de-cookies\/","title":{"rendered":"Pol\u00edtica de Cookies"},"content":{"rendered":"\t\t<div data-elementor-type=\"wp-page\" data-elementor-id=\"6021\" class=\"elementor elementor-6021 elementor-1008\" data-elementor-settings=\"{&quot;element_pack_global_tooltip_width&quot;:{&quot;unit&quot;:&quot;px&quot;,&quot;size&quot;:&quot;&quot;,&quot;sizes&quot;:[]},&quot;element_pack_global_tooltip_width_tablet&quot;:{&quot;unit&quot;:&quot;px&quot;,&quot;size&quot;:&quot;&quot;,&quot;sizes&quot;:[]},&quot;element_pack_global_tooltip_width_mobile&quot;:{&quot;unit&quot;:&quot;px&quot;,&quot;size&quot;:&quot;&quot;,&quot;sizes&quot;:[]},&quot;element_pack_global_tooltip_padding&quot;:{&quot;unit&quot;:&quot;px&quot;,&quot;top&quot;:&quot;&quot;,&quot;right&quot;:&quot;&quot;,&quot;bottom&quot;:&quot;&quot;,&quot;left&quot;:&quot;&quot;,&quot;isLinked&quot;:true},&quot;element_pack_global_tooltip_padding_tablet&quot;:{&quot;unit&quot;:&quot;px&quot;,&quot;top&quot;:&quot;&quot;,&quot;right&quot;:&quot;&quot;,&quot;bottom&quot;:&quot;&quot;,&quot;left&quot;:&quot;&quot;,&quot;isLinked&quot;:true},&quot;element_pack_global_tooltip_padding_mobile&quot;:{&quot;unit&quot;:&quot;px&quot;,&quot;top&quot;:&quot;&quot;,&quot;right&quot;:&quot;&quot;,&quot;bottom&quot;:&quot;&quot;,&quot;left&quot;:&quot;&quot;,&quot;isLinked&quot;:true},&quot;element_pack_global_tooltip_border_radius&quot;:{&quot;unit&quot;:&quot;px&quot;,&quot;top&quot;:&quot;&quot;,&quot;right&quot;:&quot;&quot;,&quot;bottom&quot;:&quot;&quot;,&quot;left&quot;:&quot;&quot;,&quot;isLinked&quot;:true},&quot;element_pack_global_tooltip_border_radius_tablet&quot;:{&quot;unit&quot;:&quot;px&quot;,&quot;top&quot;:&quot;&quot;,&quot;right&quot;:&quot;&quot;,&quot;bottom&quot;:&quot;&quot;,&quot;left&quot;:&quot;&quot;,&quot;isLinked&quot;:true},&quot;element_pack_global_tooltip_border_radius_mobile&quot;:{&quot;unit&quot;:&quot;px&quot;,&quot;top&quot;:&quot;&quot;,&quot;right&quot;:&quot;&quot;,&quot;bottom&quot;:&quot;&quot;,&quot;left&quot;:&quot;&quot;,&quot;isLinked&quot;:true}}\">\n\t\t\t\t<div class=\"elementor-element elementor-element-9c81497 e-flex e-con-boxed e-con e-parent\" data-id=\"9c81497\" data-element_type=\"container\" data-e-type=\"container\">\n\t\t\t\t\t<div class=\"e-con-inner\">\n\t\t\t\t<div class=\"elementor-element elementor-element-6fd7543c elementor-widget elementor-widget-text-editor\" data-id=\"6fd7543c\" data-element_type=\"widget\" data-e-type=\"widget\" data-widget_type=\"text-editor.default\">\n\t\t\t\t<div class=\"elementor-widget-container\">\n\t\t\t\t\t\t\t\t\t<p> <\/p><h3><strong>\u00bfQu\u00e9 es una cookie?<\/strong><\/h3><p>Una \u201ccookie\u201d es un fragmento de informaci\u00f3n que se almacena en el disco duro de su computadora y que registra c\u00f3mo navega por un sitio web para que, cuando lo visite nuevamente, pueda presentar opciones personalizadas basadas en la informaci\u00f3n almacenada sobre su \u00faltima visita. Las cookies tambi\u00e9n pueden usarse para analizar el tr\u00e1fico y con fines de publicidad y marketing.<\/p><p>Las cookies son utilizadas por casi todos los sitios web y no da\u00f1an su sistema.<\/p><p>Si desea verificar o cambiar qu\u00e9 tipos de cookies acepta, esto generalmente se puede hacer en la configuraci\u00f3n de su navegador. Puede bloquear las cookies en cualquier momento activando la configuraci\u00f3n en su navegador que le permite rechazar la instalaci\u00f3n de todas o algunas cookies. Sin embargo, si utiliza la configuraci\u00f3n de su navegador para bloquear todas las cookies (incluidas las esenciales), es posible que no pueda acceder a todo o parte de nuestro sitio.<\/p><p><strong>\u00bfC\u00f3mo utilizamos las cookies?<\/strong><\/p><p>Usamos cookies para rastrear su uso de nuestro sitio web. Esto nos permite comprender c\u00f3mo utiliza el sitio y seguir los patrones en relaci\u00f3n con su uso. Esto nos ayuda a desarrollar y mejorar nuestro sitio web, as\u00ed como los productos y\/o servicios en respuesta a lo que pueda necesitar o desear. Tambi\u00e9n utilizamos cookies para personalizar el contenido y la publicidad, proporcionar funciones de redes sociales y analizar el tr\u00e1fico del sitio.<\/p><p>Las cookies pueden ser:<\/p><p>\u2013 Cookies de sesi\u00f3n: se almacenan \u00fanicamente en su computadora durante la sesi\u00f3n de navegaci\u00f3n y se eliminan autom\u00e1ticamente cuando cierra el navegador. Generalmente almacenan un ID de sesi\u00f3n an\u00f3nimo que le permite navegar por un sitio web sin tener que iniciar sesi\u00f3n en cada p\u00e1gina, pero no recopilan ning\u00fan dato personal de su computadora; o<\/p><p>\u2013 Cookies persistentes: una cookie persistente se almacena como un archivo en su computadora y permanece all\u00ed cuando cierra el navegador. La cookie puede ser le\u00edda por el sitio web que la cre\u00f3 cuando lo visita nuevamente. Usamos cookies persistentes para Google Analytics.<\/p><p>Las cookies tambi\u00e9n pueden clasificarse de la siguiente manera:<\/p><p>\u2013 Cookies estrictamente necesarias: Estas cookies son esenciales para permitirle usar el sitio web de manera efectiva, como al comprar un producto y\/o servicio, y por lo tanto no se pueden desactivar. Sin estas cookies, los servicios disponibles en nuestro sitio web no se pueden proporcionar. Estas cookies no recopilan informaci\u00f3n sobre usted que pueda usarse para marketing ni recuerdan d\u00f3nde ha estado en internet.<\/p><p>\u2013 Cookies de rendimiento: Estas cookies nos permiten monitorear y mejorar el rendimiento de nuestro sitio web. Por ejemplo, nos permiten contar las visitas, identificar las fuentes de tr\u00e1fico y ver qu\u00e9 partes del sitio son m\u00e1s populares.<\/p><p>\u2013 Cookies de funcionalidad: Estas cookies permiten que nuestro sitio web recuerde las elecciones que realiza y brinde funciones mejoradas. Por ejemplo, podemos proporcionarle noticias o actualizaciones relevantes para los servicios que utiliza. Tambi\u00e9n pueden usarse para proporcionar servicios que haya solicitado, como ver un video o comentar en un blog. La informaci\u00f3n que recopilan estas cookies generalmente es an\u00f3nima.<\/p><p>[Tenga en cuenta que terceros que anuncian en nuestro sitio web (incluidos, por ejemplo, redes publicitarias y proveedores de servicios externos como servicios de an\u00e1lisis de tr\u00e1fico web) tambi\u00e9n pueden usar cookies, sobre las cuales no tenemos control. Es probable que estas cookies sean cookies anal\u00edticas\/de rendimiento o cookies de segmentaci\u00f3n]<\/p>\t\t\t\t\t\t\t\t<\/div>\n\t\t\t\t<\/div>\n\t\t\t\t\t<\/div>\n\t\t\t\t<\/div>\n\t\t\t\t<\/div>\n\t\t","protected":false},"excerpt":{"rendered":"<p>\u00bfQu\u00e9 es una cookie? Una \u201ccookie\u201d es un fragmento de informaci\u00f3n que se almacena en el disco duro de su computadora y [&hellip;]<\/p>\n","protected":false},"author":1,"featured_media":0,"parent":0,"menu_order":0,"comment_status":"closed","ping_status":"closed","template":"","meta":{"_exactmetrics_skip_tracking":false,"_exactmetrics_sitenote_active":false,"_exactmetrics_sitenote_note":"","_exactmetrics_sitenote_category":0,"footnotes":""},"class_list":["post-6021","page","type-page","status-publish","hentry"],"yoast_head":"<!-- This site is optimized with the Yoast SEO Premium plugin v27.3 (Yoast SEO v27.4) - https:\/\/yoast.com\/product\/yoast-seo-premium-wordpress\/ -->\n<title>Pol\u00edtica de Cookies - Universal Motorcycle Training\u00ae<\/title>\n<meta name=\"robots\" content=\"index, follow, max-snippet:-1, max-image-preview:large, max-video-preview:-1\" \/>\n<link rel=\"canonical\" href=\"https:\/\/universalmct.co.uk\/es\/politica-de-cookies\/\" \/>\n<meta property=\"og:locale\" content=\"es_ES\" \/>\n<meta property=\"og:type\" content=\"article\" \/>\n<meta property=\"og:title\" content=\"Pol\u00edtica de Cookies\" \/>\n<meta property=\"og:description\" content=\"\u00bfQu\u00e9 es una cookie? Una \u201ccookie\u201d es un fragmento de informaci\u00f3n que se almacena en el disco duro de su computadora y [&hellip;]\" \/>\n<meta property=\"og:url\" content=\"https:\/\/universalmct.co.uk\/es\/politica-de-cookies\/\" \/>\n<meta property=\"og:site_name\" content=\"Universal Motorcycle Training\u00ae\" \/>\n<meta property=\"article:publisher\" content=\"http:\/\/www.facebook.com\/universalmotorcycletraining\" \/>\n<meta property=\"article:modified_time\" content=\"2025-10-03T14:51:34+00:00\" \/>\n<meta name=\"twitter:card\" content=\"summary_large_image\" \/>\n<meta name=\"twitter:site\" content=\"@universalmct\" \/>\n<meta name=\"twitter:label1\" content=\"Tiempo de lectura\" \/>\n\t<meta name=\"twitter:data1\" content=\"3 minutos\" \/>\n<script type=\"application\/ld+json\" class=\"yoast-schema-graph\">{\"@context\":\"https:\\\/\\\/schema.org\",\"@graph\":[{\"@type\":\"WebPage\",\"@id\":\"https:\\\/\\\/universalmct.co.uk\\\/es\\\/politica-de-cookies\\\/\",\"url\":\"https:\\\/\\\/universalmct.co.uk\\\/es\\\/politica-de-cookies\\\/\",\"name\":\"Pol\u00edtica de Cookies - Universal Motorcycle Training\u00ae\",\"isPartOf\":{\"@id\":\"https:\\\/\\\/universalmct.co.uk\\\/es\\\/#website\"},\"datePublished\":\"2025-10-03T14:51:31+00:00\",\"dateModified\":\"2025-10-03T14:51:34+00:00\",\"breadcrumb\":{\"@id\":\"https:\\\/\\\/universalmct.co.uk\\\/es\\\/politica-de-cookies\\\/#breadcrumb\"},\"inLanguage\":\"es\",\"potentialAction\":[{\"@type\":\"ReadAction\",\"target\":[\"https:\\\/\\\/universalmct.co.uk\\\/es\\\/politica-de-cookies\\\/\"]}]},{\"@type\":\"BreadcrumbList\",\"@id\":\"https:\\\/\\\/universalmct.co.uk\\\/es\\\/politica-de-cookies\\\/#breadcrumb\",\"itemListElement\":[{\"@type\":\"ListItem\",\"position\":1,\"name\":\"Home\",\"item\":\"https:\\\/\\\/universalmct.co.uk\\\/es\\\/\"},{\"@type\":\"ListItem\",\"position\":2,\"name\":\"Pol\u00edtica de Cookies\"}]},{\"@type\":\"WebSite\",\"@id\":\"https:\\\/\\\/universalmct.co.uk\\\/es\\\/#website\",\"url\":\"https:\\\/\\\/universalmct.co.uk\\\/es\\\/\",\"name\":\"Universal Motorcycle Training\",\"description\":\"CBT &amp; Motorcycle Training London Courses\",\"publisher\":{\"@id\":\"https:\\\/\\\/universalmct.co.uk\\\/es\\\/#organization\"},\"potentialAction\":[{\"@type\":\"SearchAction\",\"target\":{\"@type\":\"EntryPoint\",\"urlTemplate\":\"https:\\\/\\\/universalmct.co.uk\\\/es\\\/?s={search_term_string}\"},\"query-input\":{\"@type\":\"PropertyValueSpecification\",\"valueRequired\":true,\"valueName\":\"search_term_string\"}}],\"inLanguage\":\"es\"},{\"@type\":\"Organization\",\"@id\":\"https:\\\/\\\/universalmct.co.uk\\\/es\\\/#organization\",\"name\":\"Universal Motorcycle Training\u00ae\",\"url\":\"https:\\\/\\\/universalmct.co.uk\\\/es\\\/\",\"logo\":{\"@type\":\"ImageObject\",\"inLanguage\":\"es\",\"@id\":\"https:\\\/\\\/universalmct.co.uk\\\/es\\\/#\\\/schema\\\/logo\\\/image\\\/\",\"url\":\"https:\\\/\\\/universalmct.co.uk\\\/wp-content\\\/uploads\\\/2014\\\/02\\\/Universal-Motorcycle-Training-Copy-1.jpg\",\"contentUrl\":\"https:\\\/\\\/universalmct.co.uk\\\/wp-content\\\/uploads\\\/2014\\\/02\\\/Universal-Motorcycle-Training-Copy-1.jpg\",\"width\":1000,\"height\":339,\"caption\":\"Universal Motorcycle Training\u00ae\"},\"image\":{\"@id\":\"https:\\\/\\\/universalmct.co.uk\\\/es\\\/#\\\/schema\\\/logo\\\/image\\\/\"},\"sameAs\":[\"http:\\\/\\\/www.facebook.com\\\/universalmotorcycletraining\",\"https:\\\/\\\/x.com\\\/universalmct\",\"https:\\\/\\\/www.instagram.com\\\/universalmct1\",\"https:\\\/\\\/www.linkedin.com\\\/company-beta\\\/6096678\\\/\",\"https:\\\/\\\/www.youtube.com\\\/@UniversalMotorcycleTraining\"],\"email\":\"contact@universalmct.co.uk\",\"numberOfEmployees\":{\"@type\":\"QuantitativeValue\",\"minValue\":\"11\",\"maxValue\":\"50\"}}]}<\/script>\n<!-- \/ Yoast SEO Premium plugin. -->","yoast_head_json":{"title":"Pol\u00edtica de Cookies - Universal Motorcycle Training\u00ae","robots":{"index":"index","follow":"follow","max-snippet":"max-snippet:-1","max-image-preview":"max-image-preview:large","max-video-preview":"max-video-preview:-1"},"canonical":"https:\/\/universalmct.co.uk\/es\/politica-de-cookies\/","og_locale":"es_ES","og_type":"article","og_title":"Pol\u00edtica de Cookies","og_description":"\u00bfQu\u00e9 es una cookie? Una \u201ccookie\u201d es un fragmento de informaci\u00f3n que se almacena en el disco duro de su computadora y [&hellip;]","og_url":"https:\/\/universalmct.co.uk\/es\/politica-de-cookies\/","og_site_name":"Universal Motorcycle Training\u00ae","article_publisher":"http:\/\/www.facebook.com\/universalmotorcycletraining","article_modified_time":"2025-10-03T14:51:34+00:00","twitter_card":"summary_large_image","twitter_site":"@universalmct","twitter_misc":{"Tiempo de lectura":"3 minutos"},"schema":{"@context":"https:\/\/schema.org","@graph":[{"@type":"WebPage","@id":"https:\/\/universalmct.co.uk\/es\/politica-de-cookies\/","url":"https:\/\/universalmct.co.uk\/es\/politica-de-cookies\/","name":"Pol\u00edtica de Cookies - Universal Motorcycle Training\u00ae","isPartOf":{"@id":"https:\/\/universalmct.co.uk\/es\/#website"},"datePublished":"2025-10-03T14:51:31+00:00","dateModified":"2025-10-03T14:51:34+00:00","breadcrumb":{"@id":"https:\/\/universalmct.co.uk\/es\/politica-de-cookies\/#breadcrumb"},"inLanguage":"es","potentialAction":[{"@type":"ReadAction","target":["https:\/\/universalmct.co.uk\/es\/politica-de-cookies\/"]}]},{"@type":"BreadcrumbList","@id":"https:\/\/universalmct.co.uk\/es\/politica-de-cookies\/#breadcrumb","itemListElement":[{"@type":"ListItem","position":1,"name":"Home","item":"https:\/\/universalmct.co.uk\/es\/"},{"@type":"ListItem","position":2,"name":"Pol\u00edtica de Cookies"}]},{"@type":"WebSite","@id":"https:\/\/universalmct.co.uk\/es\/#website","url":"https:\/\/universalmct.co.uk\/es\/","name":"Universal Motorcycle Training","description":"CBT &amp; Motorcycle Training London Courses","publisher":{"@id":"https:\/\/universalmct.co.uk\/es\/#organization"},"potentialAction":[{"@type":"SearchAction","target":{"@type":"EntryPoint","urlTemplate":"https:\/\/universalmct.co.uk\/es\/?s={search_term_string}"},"query-input":{"@type":"PropertyValueSpecification","valueRequired":true,"valueName":"search_term_string"}}],"inLanguage":"es"},{"@type":"Organization","@id":"https:\/\/universalmct.co.uk\/es\/#organization","name":"Universal Motorcycle Training\u00ae","url":"https:\/\/universalmct.co.uk\/es\/","logo":{"@type":"ImageObject","inLanguage":"es","@id":"https:\/\/universalmct.co.uk\/es\/#\/schema\/logo\/image\/","url":"https:\/\/universalmct.co.uk\/wp-content\/uploads\/2014\/02\/Universal-Motorcycle-Training-Copy-1.jpg","contentUrl":"https:\/\/universalmct.co.uk\/wp-content\/uploads\/2014\/02\/Universal-Motorcycle-Training-Copy-1.jpg","width":1000,"height":339,"caption":"Universal Motorcycle Training\u00ae"},"image":{"@id":"https:\/\/universalmct.co.uk\/es\/#\/schema\/logo\/image\/"},"sameAs":["http:\/\/www.facebook.com\/universalmotorcycletraining","https:\/\/x.com\/universalmct","https:\/\/www.instagram.com\/universalmct1","https:\/\/www.linkedin.com\/company-beta\/6096678\/","https:\/\/www.youtube.com\/@UniversalMotorcycleTraining"],"email":"contact@universalmct.co.uk","numberOfEmployees":{"@type":"QuantitativeValue","minValue":"11","maxValue":"50"}}]}},"_links":{"self":[{"href":"https:\/\/universalmct.co.uk\/es\/wp-json\/wp\/v2\/pages\/6021","targetHints":{"allow":["GET"]}}],"collection":[{"href":"https:\/\/universalmct.co.uk\/es\/wp-json\/wp\/v2\/pages"}],"about":[{"href":"https:\/\/universalmct.co.uk\/es\/wp-json\/wp\/v2\/types\/page"}],"author":[{"embeddable":true,"href":"https:\/\/universalmct.co.uk\/es\/wp-json\/wp\/v2\/users\/1"}],"replies":[{"embeddable":true,"href":"https:\/\/universalmct.co.uk\/es\/wp-json\/wp\/v2\/comments?post=6021"}],"version-history":[{"count":1,"href":"https:\/\/universalmct.co.uk\/es\/wp-json\/wp\/v2\/pages\/6021\/revisions"}],"predecessor-version":[{"id":6022,"href":"https:\/\/universalmct.co.uk\/es\/wp-json\/wp\/v2\/pages\/6021\/revisions\/6022"}],"wp:attachment":[{"href":"https:\/\/universalmct.co.uk\/es\/wp-json\/wp\/v2\/media?parent=6021"}],"curies":[{"name":"wp","href":"https:\/\/api.w.org\/{rel}","templated":true}]}}