{"id":6015,"date":"2025-10-03T14:51:28","date_gmt":"2025-10-03T14:51:28","guid":{"rendered":"https:\/\/universalmct.co.uk\/politica-sui-cookie\/"},"modified":"2025-10-03T14:51:34","modified_gmt":"2025-10-03T14:51:34","slug":"politica-sui-cookie","status":"publish","type":"page","link":"https:\/\/universalmct.co.uk\/it\/politica-sui-cookie\/","title":{"rendered":"Politica sui Cookie"},"content":{"rendered":"\t\t<div data-elementor-type=\"wp-page\" data-elementor-id=\"6015\" class=\"elementor elementor-6015 elementor-1008\" data-elementor-settings=\"{&quot;element_pack_global_tooltip_width&quot;:{&quot;unit&quot;:&quot;px&quot;,&quot;size&quot;:&quot;&quot;,&quot;sizes&quot;:[]},&quot;element_pack_global_tooltip_width_tablet&quot;:{&quot;unit&quot;:&quot;px&quot;,&quot;size&quot;:&quot;&quot;,&quot;sizes&quot;:[]},&quot;element_pack_global_tooltip_width_mobile&quot;:{&quot;unit&quot;:&quot;px&quot;,&quot;size&quot;:&quot;&quot;,&quot;sizes&quot;:[]},&quot;element_pack_global_tooltip_padding&quot;:{&quot;unit&quot;:&quot;px&quot;,&quot;top&quot;:&quot;&quot;,&quot;right&quot;:&quot;&quot;,&quot;bottom&quot;:&quot;&quot;,&quot;left&quot;:&quot;&quot;,&quot;isLinked&quot;:true},&quot;element_pack_global_tooltip_padding_tablet&quot;:{&quot;unit&quot;:&quot;px&quot;,&quot;top&quot;:&quot;&quot;,&quot;right&quot;:&quot;&quot;,&quot;bottom&quot;:&quot;&quot;,&quot;left&quot;:&quot;&quot;,&quot;isLinked&quot;:true},&quot;element_pack_global_tooltip_padding_mobile&quot;:{&quot;unit&quot;:&quot;px&quot;,&quot;top&quot;:&quot;&quot;,&quot;right&quot;:&quot;&quot;,&quot;bottom&quot;:&quot;&quot;,&quot;left&quot;:&quot;&quot;,&quot;isLinked&quot;:true},&quot;element_pack_global_tooltip_border_radius&quot;:{&quot;unit&quot;:&quot;px&quot;,&quot;top&quot;:&quot;&quot;,&quot;right&quot;:&quot;&quot;,&quot;bottom&quot;:&quot;&quot;,&quot;left&quot;:&quot;&quot;,&quot;isLinked&quot;:true},&quot;element_pack_global_tooltip_border_radius_tablet&quot;:{&quot;unit&quot;:&quot;px&quot;,&quot;top&quot;:&quot;&quot;,&quot;right&quot;:&quot;&quot;,&quot;bottom&quot;:&quot;&quot;,&quot;left&quot;:&quot;&quot;,&quot;isLinked&quot;:true},&quot;element_pack_global_tooltip_border_radius_mobile&quot;:{&quot;unit&quot;:&quot;px&quot;,&quot;top&quot;:&quot;&quot;,&quot;right&quot;:&quot;&quot;,&quot;bottom&quot;:&quot;&quot;,&quot;left&quot;:&quot;&quot;,&quot;isLinked&quot;:true}}\">\n\t\t\t\t<div class=\"elementor-element elementor-element-9c81497 e-flex e-con-boxed e-con e-parent\" data-id=\"9c81497\" data-element_type=\"container\" data-e-type=\"container\">\n\t\t\t\t\t<div class=\"e-con-inner\">\n\t\t\t\t<div class=\"elementor-element elementor-element-6fd7543c elementor-widget elementor-widget-text-editor\" data-id=\"6fd7543c\" data-element_type=\"widget\" data-e-type=\"widget\" data-widget_type=\"text-editor.default\">\n\t\t\t\t<div class=\"elementor-widget-container\">\n\t\t\t\t\t\t\t\t\t<p> <\/p><h3><strong>Che cos&#8217;\u00e8 un cookie?<\/strong><\/h3><p>Un \u201ccookie\u201d \u00e8 un\u2019informazione che viene memorizzata sul disco rigido del tuo computer e che registra come ti muovi all\u2019interno di un sito web, in modo che, quando torni a visitarlo, possa presentarti opzioni personalizzate basate sulle informazioni memorizzate durante la tua ultima visita. I cookie possono anche essere utilizzati per analizzare il traffico e per scopi pubblicitari e di marketing.<\/p><p>I cookie sono utilizzati da quasi tutti i siti web e non danneggiano il tuo sistema.<\/p><p>Se vuoi controllare o modificare i tipi di cookie che accetti, ci\u00f2 pu\u00f2 essere generalmente fatto nelle impostazioni del tuo browser. Puoi bloccare i cookie in qualsiasi momento attivando l\u2019impostazione sul tuo browser che consente di rifiutare l\u2019impostazione di tutti o di alcuni cookie. Tuttavia, se utilizzi le impostazioni del browser per bloccare tutti i cookie (inclusi quelli essenziali), potresti non riuscire ad accedere a tutto o a parte del nostro sito.<\/p><p><strong>Come utilizziamo i cookie?<\/strong><\/p><p>Utilizziamo i cookie per monitorare il tuo utilizzo del nostro sito web. Questo ci permette di capire come usi il sito e di identificare eventuali schemi relativi al tuo utilizzo. Questo ci aiuta a sviluppare e migliorare il nostro sito web, nonch\u00e9 i nostri prodotti e\/o servizi in risposta a ci\u00f2 di cui potresti aver bisogno o desiderare. Utilizziamo anche i cookie per personalizzare i contenuti e la pubblicit\u00e0, fornire funzionalit\u00e0 di social media e analizzare il traffico del sito.<\/p><p>I cookie possono essere:<\/p><p>\u2013 Cookie di sessione: vengono memorizzati solo sul tuo computer durante la sessione di navigazione e vengono automaticamente eliminati quando chiudi il browser \u2013 di solito memorizzano un ID di sessione anonimo che ti consente di navigare su un sito web senza dover effettuare il login a ogni pagina, ma non raccolgono alcun dato personale dal tuo computer; oppure<\/p><p>\u2013 Cookie persistenti: un cookie persistente viene memorizzato come file sul tuo computer e rimane l\u00ec anche dopo aver chiuso il browser. Il cookie pu\u00f2 essere letto dal sito web che lo ha creato quando visiti di nuovo quel sito. Utilizziamo cookie persistenti per Google Analytics.<\/p><p>I cookie possono anche essere classificati come segue:<\/p><p>\u2013 Cookie strettamente necessari: Questi cookie sono essenziali per consentirti di utilizzare efficacemente il sito web, ad esempio quando acquisti un prodotto e\/o servizio, e quindi non possono essere disattivati. Senza questi cookie, i servizi disponibili sul nostro sito non possono essere forniti. Questi cookie non raccolgono informazioni su di te che potrebbero essere utilizzate per scopi di marketing o per ricordare dove sei stato su Internet.<\/p><p>\u2013 Cookie di prestazione: Questi cookie ci consentono di monitorare e migliorare le prestazioni del nostro sito web. Ad esempio, ci permettono di contare le visite, identificare le fonti di traffico e vedere quali parti del sito sono pi\u00f9 popolari.<\/p><p>\u2013 Cookie di funzionalit\u00e0: Questi cookie consentono al nostro sito web di ricordare le scelte che fai e fornire funzionalit\u00e0 avanzate. Ad esempio, potremmo essere in grado di fornirti notizie o aggiornamenti pertinenti ai servizi che utilizzi. Possono anche essere utilizzati per fornire servizi che hai richiesto, come la visione di un video o il commento a un blog. Le informazioni raccolte da questi cookie sono solitamente anonime.<\/p><p>[Si prega di notare che terze parti che pubblicizzano sul nostro sito web (incluse, ad esempio, reti pubblicitarie e fornitori di servizi esterni come i servizi di analisi del traffico web) possono anche utilizzare cookie, sui quali non abbiamo alcun controllo. Questi cookie sono probabilmente cookie analitici\/di prestazione o cookie di targeting]<\/p>\t\t\t\t\t\t\t\t<\/div>\n\t\t\t\t<\/div>\n\t\t\t\t\t<\/div>\n\t\t\t\t<\/div>\n\t\t\t\t<\/div>\n\t\t","protected":false},"excerpt":{"rendered":"<p>Che cos&#8217;\u00e8 un cookie? Un \u201ccookie\u201d \u00e8 un\u2019informazione che viene memorizzata sul disco rigido del tuo computer e che registra come ti [&hellip;]<\/p>\n","protected":false},"author":1,"featured_media":0,"parent":0,"menu_order":0,"comment_status":"closed","ping_status":"closed","template":"","meta":{"_exactmetrics_skip_tracking":false,"_exactmetrics_sitenote_active":false,"_exactmetrics_sitenote_note":"","_exactmetrics_sitenote_category":0,"footnotes":""},"class_list":["post-6015","page","type-page","status-publish","hentry"],"yoast_head":"<!-- This site is optimized with the Yoast SEO Premium plugin v27.4 (Yoast SEO v27.4) - https:\/\/yoast.com\/product\/yoast-seo-premium-wordpress\/ -->\n<title>Politica sui Cookie - Universal Motorcycle Training\u00ae<\/title>\n<meta name=\"robots\" content=\"index, follow, max-snippet:-1, max-image-preview:large, max-video-preview:-1\" \/>\n<link rel=\"canonical\" href=\"https:\/\/universalmct.co.uk\/it\/politica-sui-cookie\/\" \/>\n<meta property=\"og:locale\" content=\"it_IT\" \/>\n<meta property=\"og:type\" content=\"article\" \/>\n<meta property=\"og:title\" content=\"Politica sui Cookie\" \/>\n<meta property=\"og:description\" content=\"Che cos&#8217;\u00e8 un cookie? Un \u201ccookie\u201d \u00e8 un\u2019informazione che viene memorizzata sul disco rigido del tuo computer e che registra come ti [&hellip;]\" \/>\n<meta property=\"og:url\" content=\"https:\/\/universalmct.co.uk\/it\/politica-sui-cookie\/\" \/>\n<meta property=\"og:site_name\" content=\"Universal Motorcycle Training\u00ae\" \/>\n<meta property=\"article:publisher\" content=\"http:\/\/www.facebook.com\/universalmotorcycletraining\" \/>\n<meta property=\"article:modified_time\" content=\"2025-10-03T14:51:34+00:00\" \/>\n<meta name=\"twitter:card\" content=\"summary_large_image\" \/>\n<meta name=\"twitter:site\" content=\"@universalmct\" \/>\n<meta name=\"twitter:label1\" content=\"Tempo di lettura stimato\" \/>\n\t<meta name=\"twitter:data1\" content=\"3 minuti\" \/>\n<script type=\"application\/ld+json\" class=\"yoast-schema-graph\">{\"@context\":\"https:\\\/\\\/schema.org\",\"@graph\":[{\"@type\":\"WebPage\",\"@id\":\"https:\\\/\\\/universalmct.co.uk\\\/it\\\/politica-sui-cookie\\\/\",\"url\":\"https:\\\/\\\/universalmct.co.uk\\\/it\\\/politica-sui-cookie\\\/\",\"name\":\"Politica sui Cookie - Universal Motorcycle Training\u00ae\",\"isPartOf\":{\"@id\":\"https:\\\/\\\/universalmct.co.uk\\\/it\\\/#website\"},\"datePublished\":\"2025-10-03T14:51:28+00:00\",\"dateModified\":\"2025-10-03T14:51:34+00:00\",\"breadcrumb\":{\"@id\":\"https:\\\/\\\/universalmct.co.uk\\\/it\\\/politica-sui-cookie\\\/#breadcrumb\"},\"inLanguage\":\"it-IT\",\"potentialAction\":[{\"@type\":\"ReadAction\",\"target\":[\"https:\\\/\\\/universalmct.co.uk\\\/it\\\/politica-sui-cookie\\\/\"]}]},{\"@type\":\"BreadcrumbList\",\"@id\":\"https:\\\/\\\/universalmct.co.uk\\\/it\\\/politica-sui-cookie\\\/#breadcrumb\",\"itemListElement\":[{\"@type\":\"ListItem\",\"position\":1,\"name\":\"Home\",\"item\":\"https:\\\/\\\/universalmct.co.uk\\\/it\\\/\"},{\"@type\":\"ListItem\",\"position\":2,\"name\":\"Politica sui Cookie\"}]},{\"@type\":\"WebSite\",\"@id\":\"https:\\\/\\\/universalmct.co.uk\\\/it\\\/#website\",\"url\":\"https:\\\/\\\/universalmct.co.uk\\\/it\\\/\",\"name\":\"Universal Motorcycle Training\",\"description\":\"CBT &amp; Motorcycle Training London Courses\",\"publisher\":{\"@id\":\"https:\\\/\\\/universalmct.co.uk\\\/it\\\/#organization\"},\"potentialAction\":[{\"@type\":\"SearchAction\",\"target\":{\"@type\":\"EntryPoint\",\"urlTemplate\":\"https:\\\/\\\/universalmct.co.uk\\\/it\\\/?s={search_term_string}\"},\"query-input\":{\"@type\":\"PropertyValueSpecification\",\"valueRequired\":true,\"valueName\":\"search_term_string\"}}],\"inLanguage\":\"it-IT\"},{\"@type\":\"Organization\",\"@id\":\"https:\\\/\\\/universalmct.co.uk\\\/it\\\/#organization\",\"name\":\"Universal Motorcycle Training\u00ae\",\"url\":\"https:\\\/\\\/universalmct.co.uk\\\/it\\\/\",\"logo\":{\"@type\":\"ImageObject\",\"inLanguage\":\"it-IT\",\"@id\":\"https:\\\/\\\/universalmct.co.uk\\\/it\\\/#\\\/schema\\\/logo\\\/image\\\/\",\"url\":\"https:\\\/\\\/universalmct.co.uk\\\/wp-content\\\/uploads\\\/2014\\\/02\\\/Universal-Motorcycle-Training-Copy-1.jpg\",\"contentUrl\":\"https:\\\/\\\/universalmct.co.uk\\\/wp-content\\\/uploads\\\/2014\\\/02\\\/Universal-Motorcycle-Training-Copy-1.jpg\",\"width\":1000,\"height\":339,\"caption\":\"Universal Motorcycle Training\u00ae\"},\"image\":{\"@id\":\"https:\\\/\\\/universalmct.co.uk\\\/it\\\/#\\\/schema\\\/logo\\\/image\\\/\"},\"sameAs\":[\"http:\\\/\\\/www.facebook.com\\\/universalmotorcycletraining\",\"https:\\\/\\\/x.com\\\/universalmct\",\"https:\\\/\\\/www.instagram.com\\\/universalmct1\",\"https:\\\/\\\/www.linkedin.com\\\/company-beta\\\/6096678\\\/\",\"https:\\\/\\\/www.youtube.com\\\/@UniversalMotorcycleTraining\"],\"email\":\"contact@universalmct.co.uk\",\"numberOfEmployees\":{\"@type\":\"QuantitativeValue\",\"minValue\":\"11\",\"maxValue\":\"50\"}}]}<\/script>\n<!-- \/ Yoast SEO Premium plugin. -->","yoast_head_json":{"title":"Politica sui Cookie - Universal Motorcycle Training\u00ae","robots":{"index":"index","follow":"follow","max-snippet":"max-snippet:-1","max-image-preview":"max-image-preview:large","max-video-preview":"max-video-preview:-1"},"canonical":"https:\/\/universalmct.co.uk\/it\/politica-sui-cookie\/","og_locale":"it_IT","og_type":"article","og_title":"Politica sui Cookie","og_description":"Che cos&#8217;\u00e8 un cookie? Un \u201ccookie\u201d \u00e8 un\u2019informazione che viene memorizzata sul disco rigido del tuo computer e che registra come ti [&hellip;]","og_url":"https:\/\/universalmct.co.uk\/it\/politica-sui-cookie\/","og_site_name":"Universal Motorcycle Training\u00ae","article_publisher":"http:\/\/www.facebook.com\/universalmotorcycletraining","article_modified_time":"2025-10-03T14:51:34+00:00","twitter_card":"summary_large_image","twitter_site":"@universalmct","twitter_misc":{"Tempo di lettura stimato":"3 minuti"},"schema":{"@context":"https:\/\/schema.org","@graph":[{"@type":"WebPage","@id":"https:\/\/universalmct.co.uk\/it\/politica-sui-cookie\/","url":"https:\/\/universalmct.co.uk\/it\/politica-sui-cookie\/","name":"Politica sui Cookie - Universal Motorcycle Training\u00ae","isPartOf":{"@id":"https:\/\/universalmct.co.uk\/it\/#website"},"datePublished":"2025-10-03T14:51:28+00:00","dateModified":"2025-10-03T14:51:34+00:00","breadcrumb":{"@id":"https:\/\/universalmct.co.uk\/it\/politica-sui-cookie\/#breadcrumb"},"inLanguage":"it-IT","potentialAction":[{"@type":"ReadAction","target":["https:\/\/universalmct.co.uk\/it\/politica-sui-cookie\/"]}]},{"@type":"BreadcrumbList","@id":"https:\/\/universalmct.co.uk\/it\/politica-sui-cookie\/#breadcrumb","itemListElement":[{"@type":"ListItem","position":1,"name":"Home","item":"https:\/\/universalmct.co.uk\/it\/"},{"@type":"ListItem","position":2,"name":"Politica sui Cookie"}]},{"@type":"WebSite","@id":"https:\/\/universalmct.co.uk\/it\/#website","url":"https:\/\/universalmct.co.uk\/it\/","name":"Universal Motorcycle Training","description":"CBT &amp; Motorcycle Training London Courses","publisher":{"@id":"https:\/\/universalmct.co.uk\/it\/#organization"},"potentialAction":[{"@type":"SearchAction","target":{"@type":"EntryPoint","urlTemplate":"https:\/\/universalmct.co.uk\/it\/?s={search_term_string}"},"query-input":{"@type":"PropertyValueSpecification","valueRequired":true,"valueName":"search_term_string"}}],"inLanguage":"it-IT"},{"@type":"Organization","@id":"https:\/\/universalmct.co.uk\/it\/#organization","name":"Universal Motorcycle Training\u00ae","url":"https:\/\/universalmct.co.uk\/it\/","logo":{"@type":"ImageObject","inLanguage":"it-IT","@id":"https:\/\/universalmct.co.uk\/it\/#\/schema\/logo\/image\/","url":"https:\/\/universalmct.co.uk\/wp-content\/uploads\/2014\/02\/Universal-Motorcycle-Training-Copy-1.jpg","contentUrl":"https:\/\/universalmct.co.uk\/wp-content\/uploads\/2014\/02\/Universal-Motorcycle-Training-Copy-1.jpg","width":1000,"height":339,"caption":"Universal Motorcycle Training\u00ae"},"image":{"@id":"https:\/\/universalmct.co.uk\/it\/#\/schema\/logo\/image\/"},"sameAs":["http:\/\/www.facebook.com\/universalmotorcycletraining","https:\/\/x.com\/universalmct","https:\/\/www.instagram.com\/universalmct1","https:\/\/www.linkedin.com\/company-beta\/6096678\/","https:\/\/www.youtube.com\/@UniversalMotorcycleTraining"],"email":"contact@universalmct.co.uk","numberOfEmployees":{"@type":"QuantitativeValue","minValue":"11","maxValue":"50"}}]}},"_links":{"self":[{"href":"https:\/\/universalmct.co.uk\/it\/wp-json\/wp\/v2\/pages\/6015","targetHints":{"allow":["GET"]}}],"collection":[{"href":"https:\/\/universalmct.co.uk\/it\/wp-json\/wp\/v2\/pages"}],"about":[{"href":"https:\/\/universalmct.co.uk\/it\/wp-json\/wp\/v2\/types\/page"}],"author":[{"embeddable":true,"href":"https:\/\/universalmct.co.uk\/it\/wp-json\/wp\/v2\/users\/1"}],"replies":[{"embeddable":true,"href":"https:\/\/universalmct.co.uk\/it\/wp-json\/wp\/v2\/comments?post=6015"}],"version-history":[{"count":1,"href":"https:\/\/universalmct.co.uk\/it\/wp-json\/wp\/v2\/pages\/6015\/revisions"}],"predecessor-version":[{"id":6016,"href":"https:\/\/universalmct.co.uk\/it\/wp-json\/wp\/v2\/pages\/6015\/revisions\/6016"}],"wp:attachment":[{"href":"https:\/\/universalmct.co.uk\/it\/wp-json\/wp\/v2\/media?parent=6015"}],"curies":[{"name":"wp","href":"https:\/\/api.w.org\/{rel}","templated":true}]}}