{"id":1338,"date":"2019-02-07T08:01:33","date_gmt":"2019-02-07T08:01:33","guid":{"rendered":"https:\/\/universalmct.co.uk\/cursos-precos\/pizzahut-dia-2\/"},"modified":"2025-10-07T20:21:59","modified_gmt":"2025-10-07T20:21:59","slug":"pizzahut-dia-2","status":"publish","type":"page","link":"https:\/\/universalmct.co.uk\/pt-br\/cursos-precos\/pizzahut-dia-2\/","title":{"rendered":"PizzaHut Dia 2"},"content":{"rendered":"\t\t<div data-elementor-type=\"wp-page\" data-elementor-id=\"1338\" class=\"elementor elementor-1338 elementor-1021\" data-elementor-settings=\"{&quot;element_pack_global_tooltip_width&quot;:{&quot;unit&quot;:&quot;px&quot;,&quot;size&quot;:&quot;&quot;,&quot;sizes&quot;:[]},&quot;element_pack_global_tooltip_width_tablet&quot;:{&quot;unit&quot;:&quot;px&quot;,&quot;size&quot;:&quot;&quot;,&quot;sizes&quot;:[]},&quot;element_pack_global_tooltip_width_mobile&quot;:{&quot;unit&quot;:&quot;px&quot;,&quot;size&quot;:&quot;&quot;,&quot;sizes&quot;:[]},&quot;element_pack_global_tooltip_padding&quot;:{&quot;unit&quot;:&quot;px&quot;,&quot;top&quot;:&quot;&quot;,&quot;right&quot;:&quot;&quot;,&quot;bottom&quot;:&quot;&quot;,&quot;left&quot;:&quot;&quot;,&quot;isLinked&quot;:true},&quot;element_pack_global_tooltip_padding_tablet&quot;:{&quot;unit&quot;:&quot;px&quot;,&quot;top&quot;:&quot;&quot;,&quot;right&quot;:&quot;&quot;,&quot;bottom&quot;:&quot;&quot;,&quot;left&quot;:&quot;&quot;,&quot;isLinked&quot;:true},&quot;element_pack_global_tooltip_padding_mobile&quot;:{&quot;unit&quot;:&quot;px&quot;,&quot;top&quot;:&quot;&quot;,&quot;right&quot;:&quot;&quot;,&quot;bottom&quot;:&quot;&quot;,&quot;left&quot;:&quot;&quot;,&quot;isLinked&quot;:true},&quot;element_pack_global_tooltip_border_radius&quot;:{&quot;unit&quot;:&quot;px&quot;,&quot;top&quot;:&quot;&quot;,&quot;right&quot;:&quot;&quot;,&quot;bottom&quot;:&quot;&quot;,&quot;left&quot;:&quot;&quot;,&quot;isLinked&quot;:true},&quot;element_pack_global_tooltip_border_radius_tablet&quot;:{&quot;unit&quot;:&quot;px&quot;,&quot;top&quot;:&quot;&quot;,&quot;right&quot;:&quot;&quot;,&quot;bottom&quot;:&quot;&quot;,&quot;left&quot;:&quot;&quot;,&quot;isLinked&quot;:true},&quot;element_pack_global_tooltip_border_radius_mobile&quot;:{&quot;unit&quot;:&quot;px&quot;,&quot;top&quot;:&quot;&quot;,&quot;right&quot;:&quot;&quot;,&quot;bottom&quot;:&quot;&quot;,&quot;left&quot;:&quot;&quot;,&quot;isLinked&quot;:true}}\">\n\t\t\t\t<div class=\"elementor-element elementor-element-3e8218d e-flex e-con-boxed e-con e-parent\" data-id=\"3e8218d\" data-element_type=\"container\" data-e-type=\"container\">\n\t\t\t\t\t<div class=\"e-con-inner\">\n\t\t\t\t<div class=\"elementor-element elementor-element-63b68886 elementor-widget elementor-widget-text-editor\" data-id=\"63b68886\" data-element_type=\"widget\" data-e-type=\"widget\" data-widget_type=\"text-editor.default\">\n\t\t\t\t<div class=\"elementor-widget-container\">\n\t\t\t\t\t\t\t\t\t<p>Universal Motorcycle Training tem o orgulho de anunciar que foi escolhida pela PizzaHut (YUMIII) para realizar o &#8220;Dia 2 de PizzaHut&#8221; em seu nome.<\/p><p>\u00c9 um curso m\u00ednimo de quatro (4) horas cobrindo v\u00e1rios aspectos da embarca\u00e7\u00e3o de estrada (por exemplo, OSMPSL em jun\u00e7\u00f5es, mini\/multi-Lane\/rotundas padr\u00e3o, filtrando e ultrapassando com seguran\u00e7a, transportando cargas leves, planejamento de encaminhamento, antecipa\u00e7\u00e3o, consci\u00eancia de perigo).<\/p><p>Existe um r\u00e1cio m\u00e1ximo de dois (2) pilotos por passeio rodovi\u00e1rio, em conson\u00e2ncia com a actual legisla\u00e7\u00e3o de forma\u00e7\u00e3o b\u00e1sica obrigat\u00f3ria.<\/p><hr><h3><strong>PizzaHut Dia 2<\/strong><\/h3><p><strong>Dura\u00e7\u00e3o:<\/strong> Aproximadamente quatro (4) horas.<\/p><p><strong>Localiza\u00e7\u00e3o:<\/strong> Unidades da Universal Motorcycle Training<\/p><p><strong>Carteiras de motorista v\u00e1lidas:<\/strong> por favor, <span style=\"color: #0000ff;\"> <a href=\"http:\/\/www.universalmct.co.uk\/validlicences\" target=\"_blank\" rel=\"noopener noreferrer\">clique aqui<\/a> <\/span>para ver a lista de carteiras de motorista v\u00e1lidas para conduzir uma motocicleta\/scooter legalmente no Reino Unido e aceit\u00e1veis para este curso.<\/p><p><strong>Para reservar:<\/strong> A maneira mais f\u00e1cil de reservar \u00e9 online, por favor, <span style=\"color: #0000ff;\">\n  <a style=\"color: #0000ff;\" href=\"https:\/\/www.takeabyte.co.uk\/InContact\/public\/gateway.aspx?func_id=79A2A98E7C95DA57&amp;obc_id=5FD98E88199ED1B5\" target=\"_blank\" rel=\"noopener noreferrer\">clique aqui<\/a>\n<\/span>.<\/p>\t\t\t\t\t\t\t\t<\/div>\n\t\t\t\t<\/div>\n\t\t\t\t\t<\/div>\n\t\t\t\t<\/div>\n\t\t\t\t<\/div>\n\t\t","protected":false},"excerpt":{"rendered":"<p>Universal Motorcycle Training tem o orgulho de anunciar que foi escolhida pela PizzaHut (YUMIII) para realizar o &#8220;Dia 2 de PizzaHut&#8221; em [&hellip;]<\/p>\n","protected":false},"author":1,"featured_media":0,"parent":1308,"menu_order":0,"comment_status":"closed","ping_status":"open","template":"","meta":{"_exactmetrics_skip_tracking":false,"_exactmetrics_sitenote_active":false,"_exactmetrics_sitenote_note":"","_exactmetrics_sitenote_category":0,"footnotes":""},"class_list":["post-1338","page","type-page","status-publish","hentry"],"yoast_head":"<!-- This site is optimized with the Yoast SEO Premium plugin v27.3 (Yoast SEO v27.3) - https:\/\/yoast.com\/product\/yoast-seo-premium-wordpress\/ -->\n<title>PizzaHut Dia 2 - Universal Motorcycle Training\u00ae<\/title>\n<meta name=\"description\" content=\"Renova\u00e7\u00e3o de CBT Londres - Cursos de Renova\u00e7\u00e3o de CBT - renovar CBT Londres em Londres\" \/>\n<meta name=\"robots\" content=\"index, follow, max-snippet:-1, max-image-preview:large, max-video-preview:-1\" \/>\n<link rel=\"canonical\" href=\"https:\/\/universalmct.co.uk\/pt-br\/cursos-precos\/pizzahut-dia-2\/\" \/>\n<meta property=\"og:locale\" content=\"pt_BR\" \/>\n<meta property=\"og:type\" content=\"article\" \/>\n<meta property=\"og:title\" content=\"PizzaHut Dia 2\" \/>\n<meta property=\"og:description\" content=\"Renova\u00e7\u00e3o de CBT Londres - Cursos de Renova\u00e7\u00e3o de CBT - renovar CBT Londres em Londres\" \/>\n<meta property=\"og:url\" content=\"https:\/\/universalmct.co.uk\/pt-br\/cursos-precos\/pizzahut-dia-2\/\" \/>\n<meta property=\"og:site_name\" content=\"Universal Motorcycle Training\u00ae\" \/>\n<meta property=\"article:publisher\" content=\"http:\/\/www.facebook.com\/universalmotorcycletraining\" \/>\n<meta property=\"article:modified_time\" content=\"2025-10-07T20:21:59+00:00\" \/>\n<meta name=\"twitter:card\" content=\"summary_large_image\" \/>\n<meta name=\"twitter:site\" content=\"@universalmct\" \/>\n<meta name=\"twitter:label1\" content=\"Est. tempo de leitura\" \/>\n\t<meta name=\"twitter:data1\" content=\"1 minuto\" \/>\n<script type=\"application\/ld+json\" class=\"yoast-schema-graph\">{\"@context\":\"https:\\\/\\\/schema.org\",\"@graph\":[{\"@type\":\"WebPage\",\"@id\":\"https:\\\/\\\/universalmct.co.uk\\\/pt-br\\\/cursos-precos\\\/pizzahut-dia-2\\\/\",\"url\":\"https:\\\/\\\/universalmct.co.uk\\\/pt-br\\\/cursos-precos\\\/pizzahut-dia-2\\\/\",\"name\":\"PizzaHut Dia 2 - Universal Motorcycle Training\u00ae\",\"isPartOf\":{\"@id\":\"https:\\\/\\\/universalmct.co.uk\\\/pt-br\\\/#website\"},\"datePublished\":\"2019-02-07T08:01:33+00:00\",\"dateModified\":\"2025-10-07T20:21:59+00:00\",\"description\":\"Renova\u00e7\u00e3o de CBT Londres - Cursos de Renova\u00e7\u00e3o de CBT - renovar CBT Londres em Londres\",\"breadcrumb\":{\"@id\":\"https:\\\/\\\/universalmct.co.uk\\\/pt-br\\\/cursos-precos\\\/pizzahut-dia-2\\\/#breadcrumb\"},\"inLanguage\":\"pt-BR\",\"potentialAction\":[{\"@type\":\"ReadAction\",\"target\":[\"https:\\\/\\\/universalmct.co.uk\\\/pt-br\\\/cursos-precos\\\/pizzahut-dia-2\\\/\"]}]},{\"@type\":\"BreadcrumbList\",\"@id\":\"https:\\\/\\\/universalmct.co.uk\\\/pt-br\\\/cursos-precos\\\/pizzahut-dia-2\\\/#breadcrumb\",\"itemListElement\":[{\"@type\":\"ListItem\",\"position\":1,\"name\":\"Home\",\"item\":\"https:\\\/\\\/universalmct.co.uk\\\/pt-br\\\/\"},{\"@type\":\"ListItem\",\"position\":2,\"name\":\"Cursos e pre\u00e7os\",\"item\":\"https:\\\/\\\/universalmct.co.uk\\\/pt-br\\\/cursos-precos\\\/\"},{\"@type\":\"ListItem\",\"position\":3,\"name\":\"PizzaHut Dia 2\"}]},{\"@type\":\"WebSite\",\"@id\":\"https:\\\/\\\/universalmct.co.uk\\\/pt-br\\\/#website\",\"url\":\"https:\\\/\\\/universalmct.co.uk\\\/pt-br\\\/\",\"name\":\"Universal Motorcycle Training\",\"description\":\"CBT &amp; Motorcycle Training London Courses\",\"publisher\":{\"@id\":\"https:\\\/\\\/universalmct.co.uk\\\/pt-br\\\/#organization\"},\"potentialAction\":[{\"@type\":\"SearchAction\",\"target\":{\"@type\":\"EntryPoint\",\"urlTemplate\":\"https:\\\/\\\/universalmct.co.uk\\\/pt-br\\\/?s={search_term_string}\"},\"query-input\":{\"@type\":\"PropertyValueSpecification\",\"valueRequired\":true,\"valueName\":\"search_term_string\"}}],\"inLanguage\":\"pt-BR\"},{\"@type\":\"Organization\",\"@id\":\"https:\\\/\\\/universalmct.co.uk\\\/pt-br\\\/#organization\",\"name\":\"Universal Motorcycle Training\u00ae\",\"url\":\"https:\\\/\\\/universalmct.co.uk\\\/pt-br\\\/\",\"logo\":{\"@type\":\"ImageObject\",\"inLanguage\":\"pt-BR\",\"@id\":\"https:\\\/\\\/universalmct.co.uk\\\/pt-br\\\/#\\\/schema\\\/logo\\\/image\\\/\",\"url\":\"https:\\\/\\\/universalmct.co.uk\\\/wp-content\\\/uploads\\\/2014\\\/02\\\/Universal-Motorcycle-Training-Copy-1.jpg\",\"contentUrl\":\"https:\\\/\\\/universalmct.co.uk\\\/wp-content\\\/uploads\\\/2014\\\/02\\\/Universal-Motorcycle-Training-Copy-1.jpg\",\"width\":1000,\"height\":339,\"caption\":\"Universal Motorcycle Training\u00ae\"},\"image\":{\"@id\":\"https:\\\/\\\/universalmct.co.uk\\\/pt-br\\\/#\\\/schema\\\/logo\\\/image\\\/\"},\"sameAs\":[\"http:\\\/\\\/www.facebook.com\\\/universalmotorcycletraining\",\"https:\\\/\\\/x.com\\\/universalmct\",\"https:\\\/\\\/www.instagram.com\\\/universalmct1\",\"https:\\\/\\\/www.linkedin.com\\\/company-beta\\\/6096678\\\/\",\"https:\\\/\\\/www.youtube.com\\\/@UniversalMotorcycleTraining\"],\"email\":\"contact@universalmct.co.uk\",\"numberOfEmployees\":{\"@type\":\"QuantitativeValue\",\"minValue\":\"11\",\"maxValue\":\"50\"}}]}<\/script>\n<!-- \/ Yoast SEO Premium plugin. -->","yoast_head_json":{"title":"PizzaHut Dia 2 - Universal Motorcycle Training\u00ae","description":"Renova\u00e7\u00e3o de CBT Londres - Cursos de Renova\u00e7\u00e3o de CBT - renovar CBT Londres em Londres","robots":{"index":"index","follow":"follow","max-snippet":"max-snippet:-1","max-image-preview":"max-image-preview:large","max-video-preview":"max-video-preview:-1"},"canonical":"https:\/\/universalmct.co.uk\/pt-br\/cursos-precos\/pizzahut-dia-2\/","og_locale":"pt_BR","og_type":"article","og_title":"PizzaHut Dia 2","og_description":"Renova\u00e7\u00e3o de CBT Londres - Cursos de Renova\u00e7\u00e3o de CBT - renovar CBT Londres em Londres","og_url":"https:\/\/universalmct.co.uk\/pt-br\/cursos-precos\/pizzahut-dia-2\/","og_site_name":"Universal Motorcycle Training\u00ae","article_publisher":"http:\/\/www.facebook.com\/universalmotorcycletraining","article_modified_time":"2025-10-07T20:21:59+00:00","twitter_card":"summary_large_image","twitter_site":"@universalmct","twitter_misc":{"Est. tempo de leitura":"1 minuto"},"schema":{"@context":"https:\/\/schema.org","@graph":[{"@type":"WebPage","@id":"https:\/\/universalmct.co.uk\/pt-br\/cursos-precos\/pizzahut-dia-2\/","url":"https:\/\/universalmct.co.uk\/pt-br\/cursos-precos\/pizzahut-dia-2\/","name":"PizzaHut Dia 2 - Universal Motorcycle Training\u00ae","isPartOf":{"@id":"https:\/\/universalmct.co.uk\/pt-br\/#website"},"datePublished":"2019-02-07T08:01:33+00:00","dateModified":"2025-10-07T20:21:59+00:00","description":"Renova\u00e7\u00e3o de CBT Londres - Cursos de Renova\u00e7\u00e3o de CBT - renovar CBT Londres em Londres","breadcrumb":{"@id":"https:\/\/universalmct.co.uk\/pt-br\/cursos-precos\/pizzahut-dia-2\/#breadcrumb"},"inLanguage":"pt-BR","potentialAction":[{"@type":"ReadAction","target":["https:\/\/universalmct.co.uk\/pt-br\/cursos-precos\/pizzahut-dia-2\/"]}]},{"@type":"BreadcrumbList","@id":"https:\/\/universalmct.co.uk\/pt-br\/cursos-precos\/pizzahut-dia-2\/#breadcrumb","itemListElement":[{"@type":"ListItem","position":1,"name":"Home","item":"https:\/\/universalmct.co.uk\/pt-br\/"},{"@type":"ListItem","position":2,"name":"Cursos e pre\u00e7os","item":"https:\/\/universalmct.co.uk\/pt-br\/cursos-precos\/"},{"@type":"ListItem","position":3,"name":"PizzaHut Dia 2"}]},{"@type":"WebSite","@id":"https:\/\/universalmct.co.uk\/pt-br\/#website","url":"https:\/\/universalmct.co.uk\/pt-br\/","name":"Universal Motorcycle Training","description":"CBT &amp; Motorcycle Training London Courses","publisher":{"@id":"https:\/\/universalmct.co.uk\/pt-br\/#organization"},"potentialAction":[{"@type":"SearchAction","target":{"@type":"EntryPoint","urlTemplate":"https:\/\/universalmct.co.uk\/pt-br\/?s={search_term_string}"},"query-input":{"@type":"PropertyValueSpecification","valueRequired":true,"valueName":"search_term_string"}}],"inLanguage":"pt-BR"},{"@type":"Organization","@id":"https:\/\/universalmct.co.uk\/pt-br\/#organization","name":"Universal Motorcycle Training\u00ae","url":"https:\/\/universalmct.co.uk\/pt-br\/","logo":{"@type":"ImageObject","inLanguage":"pt-BR","@id":"https:\/\/universalmct.co.uk\/pt-br\/#\/schema\/logo\/image\/","url":"https:\/\/universalmct.co.uk\/wp-content\/uploads\/2014\/02\/Universal-Motorcycle-Training-Copy-1.jpg","contentUrl":"https:\/\/universalmct.co.uk\/wp-content\/uploads\/2014\/02\/Universal-Motorcycle-Training-Copy-1.jpg","width":1000,"height":339,"caption":"Universal Motorcycle Training\u00ae"},"image":{"@id":"https:\/\/universalmct.co.uk\/pt-br\/#\/schema\/logo\/image\/"},"sameAs":["http:\/\/www.facebook.com\/universalmotorcycletraining","https:\/\/x.com\/universalmct","https:\/\/www.instagram.com\/universalmct1","https:\/\/www.linkedin.com\/company-beta\/6096678\/","https:\/\/www.youtube.com\/@UniversalMotorcycleTraining"],"email":"contact@universalmct.co.uk","numberOfEmployees":{"@type":"QuantitativeValue","minValue":"11","maxValue":"50"}}]}},"_links":{"self":[{"href":"https:\/\/universalmct.co.uk\/pt-br\/wp-json\/wp\/v2\/pages\/1338","targetHints":{"allow":["GET"]}}],"collection":[{"href":"https:\/\/universalmct.co.uk\/pt-br\/wp-json\/wp\/v2\/pages"}],"about":[{"href":"https:\/\/universalmct.co.uk\/pt-br\/wp-json\/wp\/v2\/types\/page"}],"author":[{"embeddable":true,"href":"https:\/\/universalmct.co.uk\/pt-br\/wp-json\/wp\/v2\/users\/1"}],"replies":[{"embeddable":true,"href":"https:\/\/universalmct.co.uk\/pt-br\/wp-json\/wp\/v2\/comments?post=1338"}],"version-history":[{"count":3,"href":"https:\/\/universalmct.co.uk\/pt-br\/wp-json\/wp\/v2\/pages\/1338\/revisions"}],"predecessor-version":[{"id":9712,"href":"https:\/\/universalmct.co.uk\/pt-br\/wp-json\/wp\/v2\/pages\/1338\/revisions\/9712"}],"up":[{"embeddable":true,"href":"https:\/\/universalmct.co.uk\/pt-br\/wp-json\/wp\/v2\/pages\/1308"}],"wp:attachment":[{"href":"https:\/\/universalmct.co.uk\/pt-br\/wp-json\/wp\/v2\/media?parent=1338"}],"curies":[{"name":"wp","href":"https:\/\/api.w.org\/{rel}","templated":true}]}}