{"id":1349,"date":"2019-02-07T11:18:59","date_gmt":"2019-02-07T11:18:59","guid":{"rendered":"https:\/\/universalmct.co.uk\/politica-de-cookies\/"},"modified":"2025-10-03T14:51:34","modified_gmt":"2025-10-03T14:51:34","slug":"politica-de-cookies","status":"publish","type":"page","link":"https:\/\/universalmct.co.uk\/pt-br\/politica-de-cookies\/","title":{"rendered":"Pol\u00edtica de Cookies"},"content":{"rendered":"\t\t<div data-elementor-type=\"wp-page\" data-elementor-id=\"1349\" class=\"elementor elementor-1349 elementor-1008\" data-elementor-settings=\"{&quot;element_pack_global_tooltip_width&quot;:{&quot;unit&quot;:&quot;px&quot;,&quot;size&quot;:&quot;&quot;,&quot;sizes&quot;:[]},&quot;element_pack_global_tooltip_width_tablet&quot;:{&quot;unit&quot;:&quot;px&quot;,&quot;size&quot;:&quot;&quot;,&quot;sizes&quot;:[]},&quot;element_pack_global_tooltip_width_mobile&quot;:{&quot;unit&quot;:&quot;px&quot;,&quot;size&quot;:&quot;&quot;,&quot;sizes&quot;:[]},&quot;element_pack_global_tooltip_padding&quot;:{&quot;unit&quot;:&quot;px&quot;,&quot;top&quot;:&quot;&quot;,&quot;right&quot;:&quot;&quot;,&quot;bottom&quot;:&quot;&quot;,&quot;left&quot;:&quot;&quot;,&quot;isLinked&quot;:true},&quot;element_pack_global_tooltip_padding_tablet&quot;:{&quot;unit&quot;:&quot;px&quot;,&quot;top&quot;:&quot;&quot;,&quot;right&quot;:&quot;&quot;,&quot;bottom&quot;:&quot;&quot;,&quot;left&quot;:&quot;&quot;,&quot;isLinked&quot;:true},&quot;element_pack_global_tooltip_padding_mobile&quot;:{&quot;unit&quot;:&quot;px&quot;,&quot;top&quot;:&quot;&quot;,&quot;right&quot;:&quot;&quot;,&quot;bottom&quot;:&quot;&quot;,&quot;left&quot;:&quot;&quot;,&quot;isLinked&quot;:true},&quot;element_pack_global_tooltip_border_radius&quot;:{&quot;unit&quot;:&quot;px&quot;,&quot;top&quot;:&quot;&quot;,&quot;right&quot;:&quot;&quot;,&quot;bottom&quot;:&quot;&quot;,&quot;left&quot;:&quot;&quot;,&quot;isLinked&quot;:true},&quot;element_pack_global_tooltip_border_radius_tablet&quot;:{&quot;unit&quot;:&quot;px&quot;,&quot;top&quot;:&quot;&quot;,&quot;right&quot;:&quot;&quot;,&quot;bottom&quot;:&quot;&quot;,&quot;left&quot;:&quot;&quot;,&quot;isLinked&quot;:true},&quot;element_pack_global_tooltip_border_radius_mobile&quot;:{&quot;unit&quot;:&quot;px&quot;,&quot;top&quot;:&quot;&quot;,&quot;right&quot;:&quot;&quot;,&quot;bottom&quot;:&quot;&quot;,&quot;left&quot;:&quot;&quot;,&quot;isLinked&quot;:true}}\">\n\t\t\t\t<div class=\"elementor-element elementor-element-9c81497 e-flex e-con-boxed e-con e-parent\" data-id=\"9c81497\" data-element_type=\"container\" data-e-type=\"container\">\n\t\t\t\t\t<div class=\"e-con-inner\">\n\t\t\t\t<div class=\"elementor-element elementor-element-6fd7543c elementor-widget elementor-widget-text-editor\" data-id=\"6fd7543c\" data-element_type=\"widget\" data-e-type=\"widget\" data-widget_type=\"text-editor.default\">\n\t\t\t\t<div class=\"elementor-widget-container\">\n\t\t\t\t\t\t\t\t\t<p> <\/p><h3><strong>O que \u00e9 um cookie?<\/strong><\/h3><p>Um \u201ccookie\u201d \u00e9 uma informa\u00e7\u00e3o que \u00e9 armazenada no disco r\u00edgido do seu computador e que registra como voc\u00ea navega em um site para que, quando voc\u00ea retornar a esse site, ele possa apresentar op\u00e7\u00f5es personalizadas com base nas informa\u00e7\u00f5es armazenadas sobre sua \u00faltima visita. Os cookies tamb\u00e9m podem ser usados para analisar o tr\u00e1fego e para fins de publicidade e marketing.<\/p><p>Os cookies s\u00e3o usados por quase todos os sites e n\u00e3o prejudicam o seu sistema.<\/p><p>Se voc\u00ea quiser verificar ou alterar os tipos de cookies que aceita, isso geralmente pode ser feito nas configura\u00e7\u00f5es do seu navegador. Voc\u00ea pode bloquear os cookies a qualquer momento ativando a configura\u00e7\u00e3o do seu navegador que permite recusar o uso de todos ou alguns cookies. No entanto, se voc\u00ea usar as configura\u00e7\u00f5es do navegador para bloquear todos os cookies (incluindo os essenciais), talvez n\u00e3o consiga acessar todo ou parte do nosso site.<\/p><p><strong>Como usamos cookies?<\/strong><\/p><p>N\u00f3s usamos cookies para rastrear o uso que voc\u00ea faz do nosso site. Isso nos permite entender como voc\u00ea utiliza o site e acompanhar padr\u00f5es relacionados ao seu uso. Isso nos ajuda a desenvolver e melhorar nosso site, bem como produtos e\/ou servi\u00e7os em resposta ao que voc\u00ea possa precisar ou desejar. Tamb\u00e9m usamos cookies para personalizar conte\u00fado e publicidade, fornecer recursos de m\u00eddia social e analisar o tr\u00e1fego do site.<\/p><p>Os cookies podem ser:<\/p><p>\u2013 Cookies de sess\u00e3o: s\u00e3o armazenados apenas no seu computador durante a sess\u00e3o de navega\u00e7\u00e3o e s\u00e3o automaticamente exclu\u00eddos quando voc\u00ea fecha o navegador \u2013 geralmente armazenam um ID de sess\u00e3o an\u00f4nimo que permite navegar em um site sem precisar fazer login em cada p\u00e1gina, mas n\u00e3o coletam dados pessoais do seu computador; ou<\/p><p>\u2013 Cookies persistentes: um cookie persistente \u00e9 armazenado como um arquivo no seu computador e permanece l\u00e1 quando voc\u00ea fecha o navegador. O cookie pode ser lido pelo site que o criou quando voc\u00ea o visita novamente. Usamos cookies persistentes para o Google Analytics.<\/p><p>Os cookies tamb\u00e9m podem ser categorizados da seguinte forma:<\/p><p>\u2013 Cookies estritamente necess\u00e1rios: Esses cookies s\u00e3o essenciais para permitir que voc\u00ea use o site de forma eficaz, como ao comprar um produto e\/ou servi\u00e7o, e, portanto, n\u00e3o podem ser desativados. Sem esses cookies, os servi\u00e7os dispon\u00edveis em nosso site n\u00e3o podem ser fornecidos. Esses cookies n\u00e3o coletam informa\u00e7\u00f5es sobre voc\u00ea que possam ser usadas para marketing ou para lembrar onde voc\u00ea esteve na internet.<\/p><p>\u2013 Cookies de desempenho: Esses cookies nos permitem monitorar e melhorar o desempenho do nosso site. Por exemplo, eles nos permitem contar visitas, identificar fontes de tr\u00e1fego e ver quais partes do site s\u00e3o mais populares.<\/p><p>\u2013 Cookies de funcionalidade: Esses cookies permitem que nosso site lembre as escolhas que voc\u00ea faz e forne\u00e7a recursos aprimorados. Por exemplo, podemos fornecer not\u00edcias ou atualiza\u00e7\u00f5es relevantes aos servi\u00e7os que voc\u00ea utiliza. Eles tamb\u00e9m podem ser usados para fornecer servi\u00e7os que voc\u00ea solicitou, como assistir a um v\u00eddeo ou comentar em um blog. As informa\u00e7\u00f5es que esses cookies coletam geralmente s\u00e3o an\u00f4nimas.<\/p><p>[Observe que terceiros que anunciam em nosso site (incluindo, por exemplo, redes de publicidade e provedores de servi\u00e7os externos como servi\u00e7os de an\u00e1lise de tr\u00e1fego na web) tamb\u00e9m podem usar cookies, sobre os quais n\u00e3o temos controle. Esses cookies provavelmente ser\u00e3o cookies anal\u00edticos\/de desempenho ou cookies de segmenta\u00e7\u00e3o]<\/p>\t\t\t\t\t\t\t\t<\/div>\n\t\t\t\t<\/div>\n\t\t\t\t\t<\/div>\n\t\t\t\t<\/div>\n\t\t\t\t<\/div>\n\t\t","protected":false},"excerpt":{"rendered":"<p>O que \u00e9 um cookie? Um \u201ccookie\u201d \u00e9 uma informa\u00e7\u00e3o que \u00e9 armazenada no disco r\u00edgido do seu computador e que registra [&hellip;]<\/p>\n","protected":false},"author":1,"featured_media":0,"parent":0,"menu_order":0,"comment_status":"closed","ping_status":"closed","template":"","meta":{"_exactmetrics_skip_tracking":false,"_exactmetrics_sitenote_active":false,"_exactmetrics_sitenote_note":"","_exactmetrics_sitenote_category":0,"footnotes":""},"class_list":["post-1349","page","type-page","status-publish","hentry"],"yoast_head":"<!-- This site is optimized with the Yoast SEO Premium plugin v27.3 (Yoast SEO v27.3) - https:\/\/yoast.com\/product\/yoast-seo-premium-wordpress\/ -->\n<title>Pol\u00edtica de Cookies - Universal Motorcycle Training\u00ae<\/title>\n<meta name=\"robots\" content=\"index, follow, max-snippet:-1, max-image-preview:large, max-video-preview:-1\" \/>\n<link rel=\"canonical\" href=\"https:\/\/universalmct.co.uk\/pt-br\/politica-de-cookies\/\" \/>\n<meta property=\"og:locale\" content=\"pt_BR\" \/>\n<meta property=\"og:type\" content=\"article\" \/>\n<meta property=\"og:title\" content=\"Pol\u00edtica de Cookies\" \/>\n<meta property=\"og:description\" content=\"O que \u00e9 um cookie? Um \u201ccookie\u201d \u00e9 uma informa\u00e7\u00e3o que \u00e9 armazenada no disco r\u00edgido do seu computador e que registra [&hellip;]\" \/>\n<meta property=\"og:url\" content=\"https:\/\/universalmct.co.uk\/pt-br\/politica-de-cookies\/\" \/>\n<meta property=\"og:site_name\" content=\"Universal Motorcycle Training\u00ae\" \/>\n<meta property=\"article:publisher\" content=\"http:\/\/www.facebook.com\/universalmotorcycletraining\" \/>\n<meta property=\"article:modified_time\" content=\"2025-10-03T14:51:34+00:00\" \/>\n<meta name=\"twitter:card\" content=\"summary_large_image\" \/>\n<meta name=\"twitter:site\" content=\"@universalmct\" \/>\n<meta name=\"twitter:label1\" content=\"Est. tempo de leitura\" \/>\n\t<meta name=\"twitter:data1\" content=\"3 minutos\" \/>\n<script type=\"application\/ld+json\" class=\"yoast-schema-graph\">{\"@context\":\"https:\\\/\\\/schema.org\",\"@graph\":[{\"@type\":\"WebPage\",\"@id\":\"https:\\\/\\\/universalmct.co.uk\\\/pt-br\\\/politica-de-cookies\\\/\",\"url\":\"https:\\\/\\\/universalmct.co.uk\\\/pt-br\\\/politica-de-cookies\\\/\",\"name\":\"Pol\u00edtica de Cookies - Universal Motorcycle Training\u00ae\",\"isPartOf\":{\"@id\":\"https:\\\/\\\/universalmct.co.uk\\\/pt-br\\\/#website\"},\"datePublished\":\"2019-02-07T11:18:59+00:00\",\"dateModified\":\"2025-10-03T14:51:34+00:00\",\"breadcrumb\":{\"@id\":\"https:\\\/\\\/universalmct.co.uk\\\/pt-br\\\/politica-de-cookies\\\/#breadcrumb\"},\"inLanguage\":\"pt-BR\",\"potentialAction\":[{\"@type\":\"ReadAction\",\"target\":[\"https:\\\/\\\/universalmct.co.uk\\\/pt-br\\\/politica-de-cookies\\\/\"]}]},{\"@type\":\"BreadcrumbList\",\"@id\":\"https:\\\/\\\/universalmct.co.uk\\\/pt-br\\\/politica-de-cookies\\\/#breadcrumb\",\"itemListElement\":[{\"@type\":\"ListItem\",\"position\":1,\"name\":\"Home\",\"item\":\"https:\\\/\\\/universalmct.co.uk\\\/pt-br\\\/\"},{\"@type\":\"ListItem\",\"position\":2,\"name\":\"Pol\u00edtica de Cookies\"}]},{\"@type\":\"WebSite\",\"@id\":\"https:\\\/\\\/universalmct.co.uk\\\/pt-br\\\/#website\",\"url\":\"https:\\\/\\\/universalmct.co.uk\\\/pt-br\\\/\",\"name\":\"Universal Motorcycle Training\",\"description\":\"CBT &amp; Motorcycle Training London Courses\",\"publisher\":{\"@id\":\"https:\\\/\\\/universalmct.co.uk\\\/pt-br\\\/#organization\"},\"potentialAction\":[{\"@type\":\"SearchAction\",\"target\":{\"@type\":\"EntryPoint\",\"urlTemplate\":\"https:\\\/\\\/universalmct.co.uk\\\/pt-br\\\/?s={search_term_string}\"},\"query-input\":{\"@type\":\"PropertyValueSpecification\",\"valueRequired\":true,\"valueName\":\"search_term_string\"}}],\"inLanguage\":\"pt-BR\"},{\"@type\":\"Organization\",\"@id\":\"https:\\\/\\\/universalmct.co.uk\\\/pt-br\\\/#organization\",\"name\":\"Universal Motorcycle Training\u00ae\",\"url\":\"https:\\\/\\\/universalmct.co.uk\\\/pt-br\\\/\",\"logo\":{\"@type\":\"ImageObject\",\"inLanguage\":\"pt-BR\",\"@id\":\"https:\\\/\\\/universalmct.co.uk\\\/pt-br\\\/#\\\/schema\\\/logo\\\/image\\\/\",\"url\":\"https:\\\/\\\/universalmct.co.uk\\\/wp-content\\\/uploads\\\/2014\\\/02\\\/Universal-Motorcycle-Training-Copy-1.jpg\",\"contentUrl\":\"https:\\\/\\\/universalmct.co.uk\\\/wp-content\\\/uploads\\\/2014\\\/02\\\/Universal-Motorcycle-Training-Copy-1.jpg\",\"width\":1000,\"height\":339,\"caption\":\"Universal Motorcycle Training\u00ae\"},\"image\":{\"@id\":\"https:\\\/\\\/universalmct.co.uk\\\/pt-br\\\/#\\\/schema\\\/logo\\\/image\\\/\"},\"sameAs\":[\"http:\\\/\\\/www.facebook.com\\\/universalmotorcycletraining\",\"https:\\\/\\\/x.com\\\/universalmct\",\"https:\\\/\\\/www.instagram.com\\\/universalmct1\",\"https:\\\/\\\/www.linkedin.com\\\/company-beta\\\/6096678\\\/\",\"https:\\\/\\\/www.youtube.com\\\/@UniversalMotorcycleTraining\"],\"email\":\"contact@universalmct.co.uk\",\"numberOfEmployees\":{\"@type\":\"QuantitativeValue\",\"minValue\":\"11\",\"maxValue\":\"50\"}}]}<\/script>\n<!-- \/ Yoast SEO Premium plugin. -->","yoast_head_json":{"title":"Pol\u00edtica de Cookies - Universal Motorcycle Training\u00ae","robots":{"index":"index","follow":"follow","max-snippet":"max-snippet:-1","max-image-preview":"max-image-preview:large","max-video-preview":"max-video-preview:-1"},"canonical":"https:\/\/universalmct.co.uk\/pt-br\/politica-de-cookies\/","og_locale":"pt_BR","og_type":"article","og_title":"Pol\u00edtica de Cookies","og_description":"O que \u00e9 um cookie? Um \u201ccookie\u201d \u00e9 uma informa\u00e7\u00e3o que \u00e9 armazenada no disco r\u00edgido do seu computador e que registra [&hellip;]","og_url":"https:\/\/universalmct.co.uk\/pt-br\/politica-de-cookies\/","og_site_name":"Universal Motorcycle Training\u00ae","article_publisher":"http:\/\/www.facebook.com\/universalmotorcycletraining","article_modified_time":"2025-10-03T14:51:34+00:00","twitter_card":"summary_large_image","twitter_site":"@universalmct","twitter_misc":{"Est. tempo de leitura":"3 minutos"},"schema":{"@context":"https:\/\/schema.org","@graph":[{"@type":"WebPage","@id":"https:\/\/universalmct.co.uk\/pt-br\/politica-de-cookies\/","url":"https:\/\/universalmct.co.uk\/pt-br\/politica-de-cookies\/","name":"Pol\u00edtica de Cookies - Universal Motorcycle Training\u00ae","isPartOf":{"@id":"https:\/\/universalmct.co.uk\/pt-br\/#website"},"datePublished":"2019-02-07T11:18:59+00:00","dateModified":"2025-10-03T14:51:34+00:00","breadcrumb":{"@id":"https:\/\/universalmct.co.uk\/pt-br\/politica-de-cookies\/#breadcrumb"},"inLanguage":"pt-BR","potentialAction":[{"@type":"ReadAction","target":["https:\/\/universalmct.co.uk\/pt-br\/politica-de-cookies\/"]}]},{"@type":"BreadcrumbList","@id":"https:\/\/universalmct.co.uk\/pt-br\/politica-de-cookies\/#breadcrumb","itemListElement":[{"@type":"ListItem","position":1,"name":"Home","item":"https:\/\/universalmct.co.uk\/pt-br\/"},{"@type":"ListItem","position":2,"name":"Pol\u00edtica de Cookies"}]},{"@type":"WebSite","@id":"https:\/\/universalmct.co.uk\/pt-br\/#website","url":"https:\/\/universalmct.co.uk\/pt-br\/","name":"Universal Motorcycle Training","description":"CBT &amp; Motorcycle Training London Courses","publisher":{"@id":"https:\/\/universalmct.co.uk\/pt-br\/#organization"},"potentialAction":[{"@type":"SearchAction","target":{"@type":"EntryPoint","urlTemplate":"https:\/\/universalmct.co.uk\/pt-br\/?s={search_term_string}"},"query-input":{"@type":"PropertyValueSpecification","valueRequired":true,"valueName":"search_term_string"}}],"inLanguage":"pt-BR"},{"@type":"Organization","@id":"https:\/\/universalmct.co.uk\/pt-br\/#organization","name":"Universal Motorcycle Training\u00ae","url":"https:\/\/universalmct.co.uk\/pt-br\/","logo":{"@type":"ImageObject","inLanguage":"pt-BR","@id":"https:\/\/universalmct.co.uk\/pt-br\/#\/schema\/logo\/image\/","url":"https:\/\/universalmct.co.uk\/wp-content\/uploads\/2014\/02\/Universal-Motorcycle-Training-Copy-1.jpg","contentUrl":"https:\/\/universalmct.co.uk\/wp-content\/uploads\/2014\/02\/Universal-Motorcycle-Training-Copy-1.jpg","width":1000,"height":339,"caption":"Universal Motorcycle Training\u00ae"},"image":{"@id":"https:\/\/universalmct.co.uk\/pt-br\/#\/schema\/logo\/image\/"},"sameAs":["http:\/\/www.facebook.com\/universalmotorcycletraining","https:\/\/x.com\/universalmct","https:\/\/www.instagram.com\/universalmct1","https:\/\/www.linkedin.com\/company-beta\/6096678\/","https:\/\/www.youtube.com\/@UniversalMotorcycleTraining"],"email":"contact@universalmct.co.uk","numberOfEmployees":{"@type":"QuantitativeValue","minValue":"11","maxValue":"50"}}]}},"_links":{"self":[{"href":"https:\/\/universalmct.co.uk\/pt-br\/wp-json\/wp\/v2\/pages\/1349","targetHints":{"allow":["GET"]}}],"collection":[{"href":"https:\/\/universalmct.co.uk\/pt-br\/wp-json\/wp\/v2\/pages"}],"about":[{"href":"https:\/\/universalmct.co.uk\/pt-br\/wp-json\/wp\/v2\/types\/page"}],"author":[{"embeddable":true,"href":"https:\/\/universalmct.co.uk\/pt-br\/wp-json\/wp\/v2\/users\/1"}],"replies":[{"embeddable":true,"href":"https:\/\/universalmct.co.uk\/pt-br\/wp-json\/wp\/v2\/comments?post=1349"}],"version-history":[{"count":2,"href":"https:\/\/universalmct.co.uk\/pt-br\/wp-json\/wp\/v2\/pages\/1349\/revisions"}],"predecessor-version":[{"id":6020,"href":"https:\/\/universalmct.co.uk\/pt-br\/wp-json\/wp\/v2\/pages\/1349\/revisions\/6020"}],"wp:attachment":[{"href":"https:\/\/universalmct.co.uk\/pt-br\/wp-json\/wp\/v2\/media?parent=1349"}],"curies":[{"name":"wp","href":"https:\/\/api.w.org\/{rel}","templated":true}]}}